{"id":497,"date":"2023-10-30T14:01:52","date_gmt":"2023-10-30T13:01:52","guid":{"rendered":"https:\/\/www.kirchensteuerwirkt.ch\/facts-figures\/"},"modified":"2026-01-27T15:58:29","modified_gmt":"2026-01-27T14:58:29","slug":"facts-figures","status":"publish","type":"page","link":"https:\/\/kirche-wirkt.ch\/es\/facts-figures\/","title":{"rendered":"Facts &amp; Figures"},"content":{"rendered":"<p>Con su impuesto eclesial, nos ocupamos de la atenci\u00f3n pastoral y el acompa\u00f1amiento de las personas. Sobre el terreno, en las 95 parroquias, hospitales y asilos, as\u00ed como en numerosos centros de asesoramiento. Alrededor de la mitad de los ingresos est\u00e1n destinados a proyectos sociales, actividades educativas e iniciativas culturales o en forma de obras de mantenimiento y construcci\u00f3n, a la industria local. Apoyamos a las personas en situaci\u00f3n de pobreza, refugiados y marginados. En la actual pandemia del Corona, prestamos especial atenci\u00f3n a los m\u00e1s afectados por la crisis.<\/p>\n<p>Le agradecemos de coraz\u00f3n su aportaci\u00f3n. Con su aporte a la Iglesia podemos hacer mucho bien. Le mostramos c\u00f3mo y d\u00f3nde da fruto su contribuci\u00f3n de forma sostenible, responsable y a largo plazo.<\/p>\n","protected":false},"excerpt":{"rendered":"<p>Con su impuesto eclesial, nos ocupamos de la atenci\u00f3n pastoral y el acompa\u00f1amiento de las personas. Sobre el terreno, en las 95 parroquias, hospitales y asilos, as\u00ed como en numerosos centros de asesoramiento. Alrededor de la mitad de los ingresos est\u00e1n destinados a proyectos sociales, actividades educativas e iniciativas culturales o en forma de obras [&hellip;]<\/p>\n","protected":false},"author":1,"featured_media":0,"parent":0,"menu_order":0,"comment_status":"closed","ping_status":"closed","template":"finances.php","meta":{"_acf_changed":false,"inline_featured_image":false,"footnotes":""},"class_list":["post-497","page","type-page","status-publish","hentry"],"acf":[],"yoast_head":"<!-- This site is optimized with the Yoast SEO plugin v27.3 - https:\/\/yoast.com\/product\/yoast-seo-wordpress\/ -->\n<title>Facts &amp; Figures - Kirche Wirkt<\/title>\n<meta name=\"robots\" content=\"index, follow, max-snippet:-1, max-image-preview:large, max-video-preview:-1\" \/>\n<link rel=\"canonical\" href=\"https:\/\/kirche-wirkt.ch\/es\/facts-figures\/\" \/>\n<meta property=\"og:locale\" content=\"es_ES\" \/>\n<meta property=\"og:type\" content=\"article\" \/>\n<meta property=\"og:title\" content=\"Facts &amp; Figures - Kirche Wirkt\" \/>\n<meta property=\"og:description\" content=\"Con su impuesto eclesial, nos ocupamos de la atenci\u00f3n pastoral y el acompa\u00f1amiento de las personas. Sobre el terreno, en las 95 parroquias, hospitales y asilos, as\u00ed como en numerosos centros de asesoramiento. Alrededor de la mitad de los ingresos est\u00e1n destinados a proyectos sociales, actividades educativas e iniciativas culturales o en forma de obras [&hellip;]\" \/>\n<meta property=\"og:url\" content=\"https:\/\/kirche-wirkt.ch\/es\/facts-figures\/\" \/>\n<meta property=\"og:site_name\" content=\"Kirche Wirkt\" \/>\n<meta property=\"article:modified_time\" content=\"2026-01-27T14:58:29+00:00\" \/>\n<meta name=\"twitter:card\" content=\"summary_large_image\" \/>\n<meta name=\"twitter:label1\" content=\"Est. reading time\" \/>\n\t<meta name=\"twitter:data1\" content=\"1 minute\" \/>\n<script type=\"application\/ld+json\" class=\"yoast-schema-graph\">{\"@context\":\"https:\\\/\\\/schema.org\",\"@graph\":[{\"@type\":\"WebPage\",\"@id\":\"https:\\\/\\\/kirche-wirkt.ch\\\/es\\\/facts-figures\\\/\",\"url\":\"https:\\\/\\\/kirche-wirkt.ch\\\/es\\\/facts-figures\\\/\",\"name\":\"Facts &amp; Figures - Kirche Wirkt\",\"isPartOf\":{\"@id\":\"https:\\\/\\\/kirche-wirkt.ch\\\/#website\"},\"datePublished\":\"2023-10-30T13:01:52+00:00\",\"dateModified\":\"2026-01-27T14:58:29+00:00\",\"breadcrumb\":{\"@id\":\"https:\\\/\\\/kirche-wirkt.ch\\\/es\\\/facts-figures\\\/#breadcrumb\"},\"inLanguage\":\"es-ES\",\"potentialAction\":[{\"@type\":\"ReadAction\",\"target\":[\"https:\\\/\\\/kirche-wirkt.ch\\\/es\\\/facts-figures\\\/\"]}]},{\"@type\":\"BreadcrumbList\",\"@id\":\"https:\\\/\\\/kirche-wirkt.ch\\\/es\\\/facts-figures\\\/#breadcrumb\",\"itemListElement\":[{\"@type\":\"ListItem\",\"position\":1,\"name\":\"Startseite\",\"item\":\"https:\\\/\\\/kirche-wirkt.ch\\\/es\\\/\"},{\"@type\":\"ListItem\",\"position\":2,\"name\":\"Facts &amp; Figures\"}]},{\"@type\":\"WebSite\",\"@id\":\"https:\\\/\\\/kirche-wirkt.ch\\\/#website\",\"url\":\"https:\\\/\\\/kirche-wirkt.ch\\\/\",\"name\":\"Kirche Wirkt\",\"description\":\"\",\"potentialAction\":[{\"@type\":\"SearchAction\",\"target\":{\"@type\":\"EntryPoint\",\"urlTemplate\":\"https:\\\/\\\/kirche-wirkt.ch\\\/?s={search_term_string}\"},\"query-input\":{\"@type\":\"PropertyValueSpecification\",\"valueRequired\":true,\"valueName\":\"search_term_string\"}}],\"inLanguage\":\"es-ES\"}]}<\/script>\n<!-- \/ Yoast SEO plugin. -->","yoast_head_json":{"title":"Facts &amp; Figures - Kirche Wirkt","robots":{"index":"index","follow":"follow","max-snippet":"max-snippet:-1","max-image-preview":"max-image-preview:large","max-video-preview":"max-video-preview:-1"},"canonical":"https:\/\/kirche-wirkt.ch\/es\/facts-figures\/","og_locale":"es_ES","og_type":"article","og_title":"Facts &amp; Figures - Kirche Wirkt","og_description":"Con su impuesto eclesial, nos ocupamos de la atenci\u00f3n pastoral y el acompa\u00f1amiento de las personas. Sobre el terreno, en las 95 parroquias, hospitales y asilos, as\u00ed como en numerosos centros de asesoramiento. Alrededor de la mitad de los ingresos est\u00e1n destinados a proyectos sociales, actividades educativas e iniciativas culturales o en forma de obras [&hellip;]","og_url":"https:\/\/kirche-wirkt.ch\/es\/facts-figures\/","og_site_name":"Kirche Wirkt","article_modified_time":"2026-01-27T14:58:29+00:00","twitter_card":"summary_large_image","twitter_misc":{"Est. reading time":"1 minute"},"schema":{"@context":"https:\/\/schema.org","@graph":[{"@type":"WebPage","@id":"https:\/\/kirche-wirkt.ch\/es\/facts-figures\/","url":"https:\/\/kirche-wirkt.ch\/es\/facts-figures\/","name":"Facts &amp; Figures - Kirche Wirkt","isPartOf":{"@id":"https:\/\/kirche-wirkt.ch\/#website"},"datePublished":"2023-10-30T13:01:52+00:00","dateModified":"2026-01-27T14:58:29+00:00","breadcrumb":{"@id":"https:\/\/kirche-wirkt.ch\/es\/facts-figures\/#breadcrumb"},"inLanguage":"es-ES","potentialAction":[{"@type":"ReadAction","target":["https:\/\/kirche-wirkt.ch\/es\/facts-figures\/"]}]},{"@type":"BreadcrumbList","@id":"https:\/\/kirche-wirkt.ch\/es\/facts-figures\/#breadcrumb","itemListElement":[{"@type":"ListItem","position":1,"name":"Startseite","item":"https:\/\/kirche-wirkt.ch\/es\/"},{"@type":"ListItem","position":2,"name":"Facts &amp; Figures"}]},{"@type":"WebSite","@id":"https:\/\/kirche-wirkt.ch\/#website","url":"https:\/\/kirche-wirkt.ch\/","name":"Kirche Wirkt","description":"","potentialAction":[{"@type":"SearchAction","target":{"@type":"EntryPoint","urlTemplate":"https:\/\/kirche-wirkt.ch\/?s={search_term_string}"},"query-input":{"@type":"PropertyValueSpecification","valueRequired":true,"valueName":"search_term_string"}}],"inLanguage":"es-ES"}]}},"_links":{"self":[{"href":"https:\/\/kirche-wirkt.ch\/es\/wp-json\/wp\/v2\/pages\/497","targetHints":{"allow":["GET"]}}],"collection":[{"href":"https:\/\/kirche-wirkt.ch\/es\/wp-json\/wp\/v2\/pages"}],"about":[{"href":"https:\/\/kirche-wirkt.ch\/es\/wp-json\/wp\/v2\/types\/page"}],"author":[{"embeddable":true,"href":"https:\/\/kirche-wirkt.ch\/es\/wp-json\/wp\/v2\/users\/1"}],"replies":[{"embeddable":true,"href":"https:\/\/kirche-wirkt.ch\/es\/wp-json\/wp\/v2\/comments?post=497"}],"version-history":[{"count":3,"href":"https:\/\/kirche-wirkt.ch\/es\/wp-json\/wp\/v2\/pages\/497\/revisions"}],"predecessor-version":[{"id":1556,"href":"https:\/\/kirche-wirkt.ch\/es\/wp-json\/wp\/v2\/pages\/497\/revisions\/1556"}],"wp:attachment":[{"href":"https:\/\/kirche-wirkt.ch\/es\/wp-json\/wp\/v2\/media?parent=497"}],"curies":[{"name":"wp","href":"https:\/\/api.w.org\/{rel}","templated":true}]}}