{"id":550,"date":"2023-10-30T14:10:04","date_gmt":"2023-10-30T13:10:04","guid":{"rendered":"https:\/\/www.kirchensteuerwirkt.ch\/formacion\/"},"modified":"2026-02-03T10:31:56","modified_gmt":"2026-02-03T09:31:56","slug":"formacion","status":"publish","type":"page","link":"https:\/\/kirche-wirkt.ch\/es\/formacion\/","title":{"rendered":"Formaci\u00f3n"},"content":{"rendered":"\n<div    class=\"accordion color-lilac\">\n  <div class=\"container-xxl\">\n    <div class=\"col-lg-10 offset-lg-2\">\n      <div class=\"accordion-header\">\n        <h2 class=\"accordion-header-title\">106 profesores y profesoras<\/h2>\n        <button class=\"accordion-header-button\" type=\"button\" aria-label=\"Toggle accordion\"><\/button>\n      <\/div>\n      <div class=\"col-md-10\">\n        <div class=\"accordion-inner\">\n          <div class=\"acf-innerblocks-container\">\n\n<p>trabajan en tres centros educativos con 700 alumnos de las escuelas cat\u00f3licas de Z\u00farich. Los ni\u00f1os y adolescentes reciben una educaci\u00f3n s\u00f3lida basada en valores human\u00edsticos cristianos. El cuidado personal y el acompa\u00f1amiento a los estudiantes es una preocupaci\u00f3n central. Las escuelas en <a href=\"https:\/\/www.fksz.ch\/schulhaeuser\/kreuzbuehl\/\" target=\"_blank\" rel=\"noreferrer noopener\">Kreuzb\u00fchl<\/a>, <a href=\"https:\/\/www.fksz.ch\/schulhaeuser\/sumatra\/\" target=\"_blank\" rel=\"noreferrer noopener\">Sumatra<\/a> y <a href=\"https:\/\/www.fksz.ch\/schulhaeuser\/wiedikon\/\" target=\"_blank\" rel=\"noreferrer noopener\">Wiedikon<\/a> est\u00e1n abiertas a todos. Ellas cuentan con el apoyo financiero de la iglesia cantonal, la asociaci\u00f3n de la ciudad y las parroquias.<br><br><a href=\"https:\/\/www.fksz.ch\/\" target=\"_blank\" rel=\"noreferrer noopener\">Escuelas cat\u00f3licas de Z\u00farich<\/a><\/p>\n\n<\/div>\n        <\/div>\n      <\/div>\n    <\/div>\n  <\/div>\n<\/div>\n\n\n\n<div    class=\"accordion\">\n  <div class=\"container-xxl\">\n    <div class=\"col-lg-10 offset-lg-2\">\n      <div class=\"accordion-header\">\n        <h2 class=\"accordion-header-title\">13,4 millones de francos<\/h2>\n        <button class=\"accordion-header-button\" type=\"button\" aria-label=\"Toggle accordion\"><\/button>\n      <\/div>\n      <div class=\"col-md-10\">\n        <div class=\"accordion-inner\">\n          <div class=\"acf-innerblocks-container\">\n\n<p>invierte la Iglesia Cat\u00f3lica en la formaci\u00f3n y en la trasmisi\u00f3n de los valores cristianos. 407 mujeres y hombres dan instrucci\u00f3n religiosa, preparan para la primera comuni\u00f3n o acompa\u00f1an a los j\u00f3venes en su camino hacia la confirmaci\u00f3n. Agentes pastorales ense\u00f1an en las <a href=\"https:\/\/www.zhkath.ch\/engagement\/gruppen\/junge-kirche\/jugendliche\/mittelschulseelsorge\" target=\"_blank\" rel=\"noreferrer noopener\">escuelas intermedias, p\u00fablicas del cant\u00f3n<\/a>, gestionan puntos de encuentro y en caso de problemas asesoran en la escuela y en la familia. La <a href=\"https:\/\/www.paulusakademie.ch\/\" target=\"_blank\" rel=\"noreferrer noopener\">Academia Paulus<\/a> es un lugar de di\u00e1logo y reflexi\u00f3n, al igual que la <a href=\"https:\/\/aki-zh.ch\/\" target=\"_blank\" rel=\"noreferrer noopener\">Casa Acad\u00e9mica Jesuita para estudiantes universitarios<\/a>.<br><br><a href=\"https:\/\/www.zhkath.ch\/engagement\/themen\/bildung-kultur\/bildung\" target=\"_blank\" rel=\"noreferrer noopener\">Formaci\u00f3n<\/a><\/p>\n\n<\/div>\n        <\/div>\n      <\/div>\n    <\/div>\n  <\/div>\n<\/div>\n\n\n\n<div    class=\"accordion color-lilac\">\n  <div class=\"container-xxl\">\n    <div class=\"col-lg-10 offset-lg-2\">\n      <div class=\"accordion-header\">\n        <h2 class=\"accordion-header-title\">2453 miembros<\/h2>\n        <button class=\"accordion-header-button\" type=\"button\" aria-label=\"Toggle accordion\"><\/button>\n      <\/div>\n      <div class=\"col-md-10\">\n        <div class=\"accordion-inner\">\n          <div class=\"acf-innerblocks-container\">\n\n<p>est\u00e1n comprometidas en las 23 comunidades y asociaciones de mujeres cat\u00f3licas de Z\u00farich (KFB). El KFB es una red que incluye 120.000 mujeres en 600 asociaciones locales en Suiza.  Apoya los derechos de las mujeres en la pol\u00edtica, la sociedad y la iglesia y promueve su capacitaci\u00f3n y educaci\u00f3n superior. El <a href=\"https:\/\/www.frauenbund-zh.ch\/%C3%9Cber%20uns\/beratungsstelle%20-%20tandem\" target=\"_blank\" rel=\"noreferrer noopener\">centro de asesoramiento \u00abt\u00e1ndem\u00bb de la KFB<\/a> aconseja y apoya a mujeres en situaciones de estres como embarazo, parto, infancia, crisis de vida, reorientaci\u00f3n o soledad. Apoyamos esto financieramente.<br><br><a href=\"https:\/\/www.frauenbund-zh.ch\/\" target=\"_blank\" rel=\"noreferrer noopener\">Asociaci\u00f3n de mujeres cat\u00f3licas de Z\u00farich<\/a><\/p>\n\n<\/div>\n        <\/div>\n      <\/div>\n    <\/div>\n  <\/div>\n<\/div>\n","protected":false},"excerpt":{"rendered":"","protected":false},"author":1,"featured_media":1061,"parent":0,"menu_order":0,"comment_status":"closed","ping_status":"closed","template":"","meta":{"_acf_changed":false,"inline_featured_image":false,"footnotes":""},"class_list":["post-550","page","type-page","status-publish","has-post-thumbnail","hentry"],"acf":[],"yoast_head":"<!-- This site is optimized with the Yoast SEO plugin v27.3 - https:\/\/yoast.com\/product\/yoast-seo-wordpress\/ -->\n<title>Formaci\u00f3n - Kirche Wirkt<\/title>\n<meta name=\"robots\" content=\"index, follow, max-snippet:-1, max-image-preview:large, max-video-preview:-1\" \/>\n<link rel=\"canonical\" href=\"https:\/\/kirche-wirkt.ch\/es\/formacion\/\" \/>\n<meta property=\"og:locale\" content=\"es_ES\" \/>\n<meta property=\"og:type\" content=\"article\" \/>\n<meta property=\"og:title\" content=\"Formaci\u00f3n - Kirche Wirkt\" \/>\n<meta property=\"og:url\" content=\"https:\/\/kirche-wirkt.ch\/es\/formacion\/\" \/>\n<meta property=\"og:site_name\" content=\"Kirche Wirkt\" \/>\n<meta property=\"article:modified_time\" content=\"2026-02-03T09:31:56+00:00\" \/>\n<meta property=\"og:image\" content=\"https:\/\/kirche-wirkt.ch\/wp-content\/uploads\/2024\/12\/08_Bildung.png\" \/>\n\t<meta property=\"og:image:width\" content=\"1000\" \/>\n\t<meta property=\"og:image:height\" content=\"1100\" \/>\n\t<meta property=\"og:image:type\" content=\"image\/png\" \/>\n<meta name=\"twitter:card\" content=\"summary_large_image\" \/>\n<meta name=\"twitter:label1\" content=\"Est. reading time\" \/>\n\t<meta name=\"twitter:data1\" content=\"2 minutes\" \/>\n<script type=\"application\/ld+json\" class=\"yoast-schema-graph\">{\"@context\":\"https:\\\/\\\/schema.org\",\"@graph\":[{\"@type\":\"WebPage\",\"@id\":\"https:\\\/\\\/kirche-wirkt.ch\\\/es\\\/formacion\\\/\",\"url\":\"https:\\\/\\\/kirche-wirkt.ch\\\/es\\\/formacion\\\/\",\"name\":\"Formaci\u00f3n - Kirche Wirkt\",\"isPartOf\":{\"@id\":\"https:\\\/\\\/kirche-wirkt.ch\\\/#website\"},\"primaryImageOfPage\":{\"@id\":\"https:\\\/\\\/kirche-wirkt.ch\\\/es\\\/formacion\\\/#primaryimage\"},\"image\":{\"@id\":\"https:\\\/\\\/kirche-wirkt.ch\\\/es\\\/formacion\\\/#primaryimage\"},\"thumbnailUrl\":\"https:\\\/\\\/kirche-wirkt.ch\\\/wp-content\\\/uploads\\\/2024\\\/12\\\/08_Bildung.png\",\"datePublished\":\"2023-10-30T13:10:04+00:00\",\"dateModified\":\"2026-02-03T09:31:56+00:00\",\"breadcrumb\":{\"@id\":\"https:\\\/\\\/kirche-wirkt.ch\\\/es\\\/formacion\\\/#breadcrumb\"},\"inLanguage\":\"es-ES\",\"potentialAction\":[{\"@type\":\"ReadAction\",\"target\":[\"https:\\\/\\\/kirche-wirkt.ch\\\/es\\\/formacion\\\/\"]}]},{\"@type\":\"ImageObject\",\"inLanguage\":\"es-ES\",\"@id\":\"https:\\\/\\\/kirche-wirkt.ch\\\/es\\\/formacion\\\/#primaryimage\",\"url\":\"https:\\\/\\\/kirche-wirkt.ch\\\/wp-content\\\/uploads\\\/2024\\\/12\\\/08_Bildung.png\",\"contentUrl\":\"https:\\\/\\\/kirche-wirkt.ch\\\/wp-content\\\/uploads\\\/2024\\\/12\\\/08_Bildung.png\",\"width\":1000,\"height\":1100},{\"@type\":\"BreadcrumbList\",\"@id\":\"https:\\\/\\\/kirche-wirkt.ch\\\/es\\\/formacion\\\/#breadcrumb\",\"itemListElement\":[{\"@type\":\"ListItem\",\"position\":1,\"name\":\"Startseite\",\"item\":\"https:\\\/\\\/kirche-wirkt.ch\\\/es\\\/\"},{\"@type\":\"ListItem\",\"position\":2,\"name\":\"Formaci\u00f3n\"}]},{\"@type\":\"WebSite\",\"@id\":\"https:\\\/\\\/kirche-wirkt.ch\\\/#website\",\"url\":\"https:\\\/\\\/kirche-wirkt.ch\\\/\",\"name\":\"Kirche Wirkt\",\"description\":\"\",\"potentialAction\":[{\"@type\":\"SearchAction\",\"target\":{\"@type\":\"EntryPoint\",\"urlTemplate\":\"https:\\\/\\\/kirche-wirkt.ch\\\/?s={search_term_string}\"},\"query-input\":{\"@type\":\"PropertyValueSpecification\",\"valueRequired\":true,\"valueName\":\"search_term_string\"}}],\"inLanguage\":\"es-ES\"}]}<\/script>\n<!-- \/ Yoast SEO plugin. -->","yoast_head_json":{"title":"Formaci\u00f3n - Kirche Wirkt","robots":{"index":"index","follow":"follow","max-snippet":"max-snippet:-1","max-image-preview":"max-image-preview:large","max-video-preview":"max-video-preview:-1"},"canonical":"https:\/\/kirche-wirkt.ch\/es\/formacion\/","og_locale":"es_ES","og_type":"article","og_title":"Formaci\u00f3n - Kirche Wirkt","og_url":"https:\/\/kirche-wirkt.ch\/es\/formacion\/","og_site_name":"Kirche Wirkt","article_modified_time":"2026-02-03T09:31:56+00:00","og_image":[{"width":1000,"height":1100,"url":"https:\/\/kirche-wirkt.ch\/wp-content\/uploads\/2024\/12\/08_Bildung.png","type":"image\/png"}],"twitter_card":"summary_large_image","twitter_misc":{"Est. reading time":"2 minutes"},"schema":{"@context":"https:\/\/schema.org","@graph":[{"@type":"WebPage","@id":"https:\/\/kirche-wirkt.ch\/es\/formacion\/","url":"https:\/\/kirche-wirkt.ch\/es\/formacion\/","name":"Formaci\u00f3n - Kirche Wirkt","isPartOf":{"@id":"https:\/\/kirche-wirkt.ch\/#website"},"primaryImageOfPage":{"@id":"https:\/\/kirche-wirkt.ch\/es\/formacion\/#primaryimage"},"image":{"@id":"https:\/\/kirche-wirkt.ch\/es\/formacion\/#primaryimage"},"thumbnailUrl":"https:\/\/kirche-wirkt.ch\/wp-content\/uploads\/2024\/12\/08_Bildung.png","datePublished":"2023-10-30T13:10:04+00:00","dateModified":"2026-02-03T09:31:56+00:00","breadcrumb":{"@id":"https:\/\/kirche-wirkt.ch\/es\/formacion\/#breadcrumb"},"inLanguage":"es-ES","potentialAction":[{"@type":"ReadAction","target":["https:\/\/kirche-wirkt.ch\/es\/formacion\/"]}]},{"@type":"ImageObject","inLanguage":"es-ES","@id":"https:\/\/kirche-wirkt.ch\/es\/formacion\/#primaryimage","url":"https:\/\/kirche-wirkt.ch\/wp-content\/uploads\/2024\/12\/08_Bildung.png","contentUrl":"https:\/\/kirche-wirkt.ch\/wp-content\/uploads\/2024\/12\/08_Bildung.png","width":1000,"height":1100},{"@type":"BreadcrumbList","@id":"https:\/\/kirche-wirkt.ch\/es\/formacion\/#breadcrumb","itemListElement":[{"@type":"ListItem","position":1,"name":"Startseite","item":"https:\/\/kirche-wirkt.ch\/es\/"},{"@type":"ListItem","position":2,"name":"Formaci\u00f3n"}]},{"@type":"WebSite","@id":"https:\/\/kirche-wirkt.ch\/#website","url":"https:\/\/kirche-wirkt.ch\/","name":"Kirche Wirkt","description":"","potentialAction":[{"@type":"SearchAction","target":{"@type":"EntryPoint","urlTemplate":"https:\/\/kirche-wirkt.ch\/?s={search_term_string}"},"query-input":{"@type":"PropertyValueSpecification","valueRequired":true,"valueName":"search_term_string"}}],"inLanguage":"es-ES"}]}},"_links":{"self":[{"href":"https:\/\/kirche-wirkt.ch\/es\/wp-json\/wp\/v2\/pages\/550","targetHints":{"allow":["GET"]}}],"collection":[{"href":"https:\/\/kirche-wirkt.ch\/es\/wp-json\/wp\/v2\/pages"}],"about":[{"href":"https:\/\/kirche-wirkt.ch\/es\/wp-json\/wp\/v2\/types\/page"}],"author":[{"embeddable":true,"href":"https:\/\/kirche-wirkt.ch\/es\/wp-json\/wp\/v2\/users\/1"}],"replies":[{"embeddable":true,"href":"https:\/\/kirche-wirkt.ch\/es\/wp-json\/wp\/v2\/comments?post=550"}],"version-history":[{"count":15,"href":"https:\/\/kirche-wirkt.ch\/es\/wp-json\/wp\/v2\/pages\/550\/revisions"}],"predecessor-version":[{"id":1592,"href":"https:\/\/kirche-wirkt.ch\/es\/wp-json\/wp\/v2\/pages\/550\/revisions\/1592"}],"wp:featuredmedia":[{"embeddable":true,"href":"https:\/\/kirche-wirkt.ch\/es\/wp-json\/wp\/v2\/media\/1061"}],"wp:attachment":[{"href":"https:\/\/kirche-wirkt.ch\/es\/wp-json\/wp\/v2\/media?parent=550"}],"curies":[{"name":"wp","href":"https:\/\/api.w.org\/{rel}","templated":true}]}}