{"id":552,"date":"2023-10-30T14:10:21","date_gmt":"2023-10-30T13:10:21","guid":{"rendered":"https:\/\/www.kirchensteuerwirkt.ch\/asociaciones-propiedades-administracion\/"},"modified":"2026-02-03T10:43:31","modified_gmt":"2026-02-03T09:43:31","slug":"asociaciones-propiedades-administracion","status":"publish","type":"page","link":"https:\/\/kirche-wirkt.ch\/es\/asociaciones-propiedades-administracion\/","title":{"rendered":"Asociaciones, propiedades, administraci\u00f3n"},"content":{"rendered":"\n<div    class=\"accordion color-lilac\">\n  <div class=\"container-xxl\">\n    <div class=\"col-lg-10 offset-lg-2\">\n      <div class=\"accordion-header\">\n        <h2 class=\"accordion-header-title\">104 sinodales<\/h2>\n        <button class=\"accordion-header-button\" type=\"button\" aria-label=\"Toggle accordion\"><\/button>\n      <\/div>\n      <div class=\"col-md-10\">\n        <div class=\"accordion-inner\">\n          <div class=\"acf-innerblocks-container\">\n\n<p>forman parte del parlamento eclesi\u00e1stico cantonal. Ellos deciden sobre el uso del dinero de los impuestos de la iglesia y, por lo tanto, son en gran parte responsables de la vida de la iglesia en el cant\u00f3n Z\u00farich. Los sinodales est\u00e1n organizados en fracciones territoriales: el decanato Albis, Oberland, Winterthur y Z\u00farich &#8211; y eligen, entre otros, el consejo sinodal (el ejecutivo) y la Comisi\u00f3n de Apelaciones (el poder judicial).<br><br><a href=\"https:\/\/www.zhkath.ch\/ueber-uns\/organisation\/synode-kirchenparlament\/kirche-gestalten-in-der-katholischen-synode\" target=\"_blank\" rel=\"noreferrer noopener\">Dise\u00f1ar la iglesia en el s\u00ednodo<\/a><\/p>\n\n<\/div>\n        <\/div>\n      <\/div>\n    <\/div>\n  <\/div>\n<\/div>\n\n\n\n<div    class=\"accordion\">\n  <div class=\"container-xxl\">\n    <div class=\"col-lg-10 offset-lg-2\">\n      <div class=\"accordion-header\">\n        <h2 class=\"accordion-header-title\">118 iglesias cat\u00f3licas<\/h2>\n        <button class=\"accordion-header-button\" type=\"button\" aria-label=\"Toggle accordion\"><\/button>\n      <\/div>\n      <div class=\"col-md-10\">\n        <div class=\"accordion-inner\">\n          <div class=\"acf-innerblocks-container\">\n\n<p>existen en el cant\u00f3n Z\u00farich. Casi todas sin excepci\u00f3n se construyeron en los siglos XIX y XX. Las antiguas iglesias de Z\u00farich han sido reformadas desde la Reforma hace 500 a\u00f1os. El cant\u00f3n Z\u00farich es, por lo tanto, un espejo de la historia arquitect\u00f3nica y un centro para la construcci\u00f3n de iglesias modernas. La iglesia m\u00e1s joven del cant\u00f3n se inaugur\u00f3 en Bonstetten en 2016. El gasto en construcci\u00f3n y mantenimiento de edificios de la iglesia beneficia a la industria de la construcci\u00f3n regional.<br><br><a href=\"https:\/\/www.sakralbauten.ch\/\" target=\"_blank\" rel=\"noreferrer noopener\">Construcciones sacras en el cant\u00f3n Z\u00farich<\/a><\/p>\n\n<\/div>\n        <\/div>\n      <\/div>\n    <\/div>\n  <\/div>\n<\/div>\n\n\n\n<div    class=\"accordion color-lilac\">\n  <div class=\"container-xxl\">\n    <div class=\"col-lg-10 offset-lg-2\">\n      <div class=\"accordion-header\">\n        <h2 class=\"accordion-header-title\">483 miembros de la \u201cKirchenpflege\u201d<\/h2>\n        <button class=\"accordion-header-button\" type=\"button\" aria-label=\"Toggle accordion\"><\/button>\n      <\/div>\n      <div class=\"col-md-10\">\n        <div class=\"accordion-inner\">\n          <div class=\"acf-innerblocks-container\">\n\n<p>dirigen los ingresos de un total de 74 parroquias. Los responsables del cuidado de la iglesia, elegidos por los miembros de la misma, tienen por responsabilidad principal la administraci\u00f3n y organizaci\u00f3n tanto de la Asamblea de la iglesia (legislativa), as\u00ed como de las elecciones de s\u00ednodales, agentes de pastoral y delegados parroquiales. Los responsables del cuidado de la iglesia trabajan en estrecha colaboraci\u00f3n con los equipos de pastoral y mantienen contacto con sus comunidades pol\u00edticas y otras comunidades religiosas.<br><br><a href=\"https:\/\/www.zhkath.ch\/ueber-uns\/organisation\/pfarreien-und-kirchgemeinden\" target=\"_blank\" rel=\"noreferrer noopener\">Todo sobre nuestras parroquias.<\/a><\/p>\n\n<\/div>\n        <\/div>\n      <\/div>\n    <\/div>\n  <\/div>\n<\/div>\n","protected":false},"excerpt":{"rendered":"","protected":false},"author":1,"featured_media":1057,"parent":0,"menu_order":0,"comment_status":"closed","ping_status":"closed","template":"","meta":{"_acf_changed":false,"inline_featured_image":false,"footnotes":""},"class_list":["post-552","page","type-page","status-publish","has-post-thumbnail","hentry"],"acf":[],"yoast_head":"<!-- This site is optimized with the Yoast SEO plugin v27.3 - https:\/\/yoast.com\/product\/yoast-seo-wordpress\/ -->\n<title>Asociaciones, propiedades, administraci\u00f3n - Kirche Wirkt<\/title>\n<meta name=\"robots\" content=\"index, follow, max-snippet:-1, max-image-preview:large, max-video-preview:-1\" \/>\n<link rel=\"canonical\" href=\"https:\/\/kirche-wirkt.ch\/es\/asociaciones-propiedades-administracion\/\" \/>\n<meta property=\"og:locale\" content=\"es_ES\" \/>\n<meta property=\"og:type\" content=\"article\" \/>\n<meta property=\"og:title\" content=\"Asociaciones, propiedades, administraci\u00f3n - Kirche Wirkt\" \/>\n<meta property=\"og:url\" content=\"https:\/\/kirche-wirkt.ch\/es\/asociaciones-propiedades-administracion\/\" \/>\n<meta property=\"og:site_name\" content=\"Kirche Wirkt\" \/>\n<meta property=\"article:modified_time\" content=\"2026-02-03T09:43:31+00:00\" \/>\n<meta property=\"og:image\" content=\"https:\/\/kirche-wirkt.ch\/wp-content\/uploads\/2024\/12\/07_Gremien_Liegenschaften_und_Verwaltung.png\" \/>\n\t<meta property=\"og:image:width\" content=\"1000\" \/>\n\t<meta property=\"og:image:height\" content=\"1100\" \/>\n\t<meta property=\"og:image:type\" content=\"image\/png\" \/>\n<meta name=\"twitter:card\" content=\"summary_large_image\" \/>\n<meta name=\"twitter:label1\" content=\"Est. reading time\" \/>\n\t<meta name=\"twitter:data1\" content=\"2 minutes\" \/>\n<script type=\"application\/ld+json\" class=\"yoast-schema-graph\">{\"@context\":\"https:\\\/\\\/schema.org\",\"@graph\":[{\"@type\":\"WebPage\",\"@id\":\"https:\\\/\\\/kirche-wirkt.ch\\\/es\\\/asociaciones-propiedades-administracion\\\/\",\"url\":\"https:\\\/\\\/kirche-wirkt.ch\\\/es\\\/asociaciones-propiedades-administracion\\\/\",\"name\":\"Asociaciones, propiedades, administraci\u00f3n - Kirche Wirkt\",\"isPartOf\":{\"@id\":\"https:\\\/\\\/kirche-wirkt.ch\\\/#website\"},\"primaryImageOfPage\":{\"@id\":\"https:\\\/\\\/kirche-wirkt.ch\\\/es\\\/asociaciones-propiedades-administracion\\\/#primaryimage\"},\"image\":{\"@id\":\"https:\\\/\\\/kirche-wirkt.ch\\\/es\\\/asociaciones-propiedades-administracion\\\/#primaryimage\"},\"thumbnailUrl\":\"https:\\\/\\\/kirche-wirkt.ch\\\/wp-content\\\/uploads\\\/2024\\\/12\\\/07_Gremien_Liegenschaften_und_Verwaltung.png\",\"datePublished\":\"2023-10-30T13:10:21+00:00\",\"dateModified\":\"2026-02-03T09:43:31+00:00\",\"breadcrumb\":{\"@id\":\"https:\\\/\\\/kirche-wirkt.ch\\\/es\\\/asociaciones-propiedades-administracion\\\/#breadcrumb\"},\"inLanguage\":\"es-ES\",\"potentialAction\":[{\"@type\":\"ReadAction\",\"target\":[\"https:\\\/\\\/kirche-wirkt.ch\\\/es\\\/asociaciones-propiedades-administracion\\\/\"]}]},{\"@type\":\"ImageObject\",\"inLanguage\":\"es-ES\",\"@id\":\"https:\\\/\\\/kirche-wirkt.ch\\\/es\\\/asociaciones-propiedades-administracion\\\/#primaryimage\",\"url\":\"https:\\\/\\\/kirche-wirkt.ch\\\/wp-content\\\/uploads\\\/2024\\\/12\\\/07_Gremien_Liegenschaften_und_Verwaltung.png\",\"contentUrl\":\"https:\\\/\\\/kirche-wirkt.ch\\\/wp-content\\\/uploads\\\/2024\\\/12\\\/07_Gremien_Liegenschaften_und_Verwaltung.png\",\"width\":1000,\"height\":1100},{\"@type\":\"BreadcrumbList\",\"@id\":\"https:\\\/\\\/kirche-wirkt.ch\\\/es\\\/asociaciones-propiedades-administracion\\\/#breadcrumb\",\"itemListElement\":[{\"@type\":\"ListItem\",\"position\":1,\"name\":\"Startseite\",\"item\":\"https:\\\/\\\/kirche-wirkt.ch\\\/es\\\/\"},{\"@type\":\"ListItem\",\"position\":2,\"name\":\"Asociaciones, propiedades, administraci\u00f3n\"}]},{\"@type\":\"WebSite\",\"@id\":\"https:\\\/\\\/kirche-wirkt.ch\\\/#website\",\"url\":\"https:\\\/\\\/kirche-wirkt.ch\\\/\",\"name\":\"Kirche Wirkt\",\"description\":\"\",\"potentialAction\":[{\"@type\":\"SearchAction\",\"target\":{\"@type\":\"EntryPoint\",\"urlTemplate\":\"https:\\\/\\\/kirche-wirkt.ch\\\/?s={search_term_string}\"},\"query-input\":{\"@type\":\"PropertyValueSpecification\",\"valueRequired\":true,\"valueName\":\"search_term_string\"}}],\"inLanguage\":\"es-ES\"}]}<\/script>\n<!-- \/ Yoast SEO plugin. -->","yoast_head_json":{"title":"Asociaciones, propiedades, administraci\u00f3n - Kirche Wirkt","robots":{"index":"index","follow":"follow","max-snippet":"max-snippet:-1","max-image-preview":"max-image-preview:large","max-video-preview":"max-video-preview:-1"},"canonical":"https:\/\/kirche-wirkt.ch\/es\/asociaciones-propiedades-administracion\/","og_locale":"es_ES","og_type":"article","og_title":"Asociaciones, propiedades, administraci\u00f3n - Kirche Wirkt","og_url":"https:\/\/kirche-wirkt.ch\/es\/asociaciones-propiedades-administracion\/","og_site_name":"Kirche Wirkt","article_modified_time":"2026-02-03T09:43:31+00:00","og_image":[{"width":1000,"height":1100,"url":"https:\/\/kirche-wirkt.ch\/wp-content\/uploads\/2024\/12\/07_Gremien_Liegenschaften_und_Verwaltung.png","type":"image\/png"}],"twitter_card":"summary_large_image","twitter_misc":{"Est. reading time":"2 minutes"},"schema":{"@context":"https:\/\/schema.org","@graph":[{"@type":"WebPage","@id":"https:\/\/kirche-wirkt.ch\/es\/asociaciones-propiedades-administracion\/","url":"https:\/\/kirche-wirkt.ch\/es\/asociaciones-propiedades-administracion\/","name":"Asociaciones, propiedades, administraci\u00f3n - Kirche Wirkt","isPartOf":{"@id":"https:\/\/kirche-wirkt.ch\/#website"},"primaryImageOfPage":{"@id":"https:\/\/kirche-wirkt.ch\/es\/asociaciones-propiedades-administracion\/#primaryimage"},"image":{"@id":"https:\/\/kirche-wirkt.ch\/es\/asociaciones-propiedades-administracion\/#primaryimage"},"thumbnailUrl":"https:\/\/kirche-wirkt.ch\/wp-content\/uploads\/2024\/12\/07_Gremien_Liegenschaften_und_Verwaltung.png","datePublished":"2023-10-30T13:10:21+00:00","dateModified":"2026-02-03T09:43:31+00:00","breadcrumb":{"@id":"https:\/\/kirche-wirkt.ch\/es\/asociaciones-propiedades-administracion\/#breadcrumb"},"inLanguage":"es-ES","potentialAction":[{"@type":"ReadAction","target":["https:\/\/kirche-wirkt.ch\/es\/asociaciones-propiedades-administracion\/"]}]},{"@type":"ImageObject","inLanguage":"es-ES","@id":"https:\/\/kirche-wirkt.ch\/es\/asociaciones-propiedades-administracion\/#primaryimage","url":"https:\/\/kirche-wirkt.ch\/wp-content\/uploads\/2024\/12\/07_Gremien_Liegenschaften_und_Verwaltung.png","contentUrl":"https:\/\/kirche-wirkt.ch\/wp-content\/uploads\/2024\/12\/07_Gremien_Liegenschaften_und_Verwaltung.png","width":1000,"height":1100},{"@type":"BreadcrumbList","@id":"https:\/\/kirche-wirkt.ch\/es\/asociaciones-propiedades-administracion\/#breadcrumb","itemListElement":[{"@type":"ListItem","position":1,"name":"Startseite","item":"https:\/\/kirche-wirkt.ch\/es\/"},{"@type":"ListItem","position":2,"name":"Asociaciones, propiedades, administraci\u00f3n"}]},{"@type":"WebSite","@id":"https:\/\/kirche-wirkt.ch\/#website","url":"https:\/\/kirche-wirkt.ch\/","name":"Kirche Wirkt","description":"","potentialAction":[{"@type":"SearchAction","target":{"@type":"EntryPoint","urlTemplate":"https:\/\/kirche-wirkt.ch\/?s={search_term_string}"},"query-input":{"@type":"PropertyValueSpecification","valueRequired":true,"valueName":"search_term_string"}}],"inLanguage":"es-ES"}]}},"_links":{"self":[{"href":"https:\/\/kirche-wirkt.ch\/es\/wp-json\/wp\/v2\/pages\/552","targetHints":{"allow":["GET"]}}],"collection":[{"href":"https:\/\/kirche-wirkt.ch\/es\/wp-json\/wp\/v2\/pages"}],"about":[{"href":"https:\/\/kirche-wirkt.ch\/es\/wp-json\/wp\/v2\/types\/page"}],"author":[{"embeddable":true,"href":"https:\/\/kirche-wirkt.ch\/es\/wp-json\/wp\/v2\/users\/1"}],"replies":[{"embeddable":true,"href":"https:\/\/kirche-wirkt.ch\/es\/wp-json\/wp\/v2\/comments?post=552"}],"version-history":[{"count":8,"href":"https:\/\/kirche-wirkt.ch\/es\/wp-json\/wp\/v2\/pages\/552\/revisions"}],"predecessor-version":[{"id":1562,"href":"https:\/\/kirche-wirkt.ch\/es\/wp-json\/wp\/v2\/pages\/552\/revisions\/1562"}],"wp:featuredmedia":[{"embeddable":true,"href":"https:\/\/kirche-wirkt.ch\/es\/wp-json\/wp\/v2\/media\/1057"}],"wp:attachment":[{"href":"https:\/\/kirche-wirkt.ch\/es\/wp-json\/wp\/v2\/media?parent=552"}],"curies":[{"name":"wp","href":"https:\/\/api.w.org\/{rel}","templated":true}]}}