{"id":556,"date":"2023-12-12T14:25:26","date_gmt":"2023-12-12T13:25:26","guid":{"rendered":"https:\/\/www.kirchensteuerwirkt.ch\/pastoral-de-inmigrantes-e-integracion\/"},"modified":"2026-01-29T13:53:57","modified_gmt":"2026-01-29T12:53:57","slug":"pastoral-de-inmigrantes-e-integracion","status":"publish","type":"page","link":"https:\/\/kirche-wirkt.ch\/es\/pastoral-de-inmigrantes-e-integracion\/","title":{"rendered":"Pastoral de inmigrantes e integraci\u00f3n"},"content":{"rendered":"\n<div    class=\"accordion color-lilac\">\n  <div class=\"container-xxl\">\n    <div class=\"col-lg-10 offset-lg-2\">\n      <div class=\"accordion-header\">\n        <h2 class=\"accordion-header-title\">100 naciones<\/h2>\n        <button class=\"accordion-header-button\" type=\"button\" aria-label=\"Toggle accordion\"><\/button>\n      <\/div>\n      <div class=\"col-md-10\">\n        <div class=\"accordion-inner\">\n          <div class=\"acf-innerblocks-container\">\n\n<p>y m\u00e1s in 25 comunidades rituales y ling\u00fc\u00edsticas est\u00e1n representadas en la Iglesia Cat\u00f3lica del Cant\u00f3n Z\u00farich. Los grupos cat\u00f3licos extranjeros m\u00e1s fuertes son Italia, Portugal y Alemania. Grupos m\u00e1s peque\u00f1os provienen de Croacia, Brasil o Hungr\u00eda. Gab\u00f3n, Israel y Corea del Norte est\u00e1n representados por una persona cada uno. Todos los miembros extranjeros tambi\u00e9n aportan con impuestos a la iglesia y pueden opinar, dependiendo de su estado.<\/p>\n\n<\/div>\n        <\/div>\n      <\/div>\n    <\/div>\n  <\/div>\n<\/div>\n\n\n\n<div    class=\"accordion\">\n  <div class=\"container-xxl\">\n    <div class=\"col-lg-10 offset-lg-2\">\n      <div class=\"accordion-header\">\n        <h2 class=\"accordion-header-title\">100.000 creyentes con pasaporte extranjero<\/h2>\n        <button class=\"accordion-header-button\" type=\"button\" aria-label=\"Toggle accordion\"><\/button>\n      <\/div>\n      <div class=\"col-md-10\">\n        <div class=\"accordion-inner\">\n          <div class=\"acf-innerblocks-container\">\n\n<p>encuentran un hogar en la Iglesia Cat\u00f3lica del Cant\u00f3n de Z\u00farich \u2013 ella misma es una iglesia inmigrante en la historicamente reformada Z\u00farich. La migraci\u00f3n es un fen\u00f3meno que afecta a la sociedad en su conjunto, y la atenci\u00f3n pastoral para los inmigrantes es una tarea continua. Solo la Iglesia Cat\u00f3lica Cantonal destina unos 9 millones de francos suizos en la tenci\u00f3n pastoral a inmigrantes.<\/p>\n\n<\/div>\n        <\/div>\n      <\/div>\n    <\/div>\n  <\/div>\n<\/div>\n\n\n\n<div    class=\"accordion color-lilac\">\n  <div class=\"container-xxl\">\n    <div class=\"col-lg-10 offset-lg-2\">\n      <div class=\"accordion-header\">\n        <h2 class=\"accordion-header-title\">25 comunidades ling\u00fc\u00edsticas<\/h2>\n        <button class=\"accordion-header-button\" type=\"button\" aria-label=\"Toggle accordion\"><\/button>\n      <\/div>\n      <div class=\"col-md-10\">\n        <div class=\"accordion-inner\">\n          <div class=\"acf-innerblocks-container\">\n\n<p>existen en la Iglesia cat\u00f3lica del cant\u00f3n de Z\u00farich. Las misiones apoyan y atienden a inmigrantes cat\u00f3licos. Ellas se ocupan &#8211; junto con las parroquias, de la vida lit\u00fargica, la educaci\u00f3n religiosa, el atenci\u00f3n social y diaconal, el cuidado de la comunidad y la cooperaci\u00f3n con pastores y responsables de iglesias de habla alemana. La atenci\u00f3n pastoral a los inmigrantes contribuye de manera importante a la integraci\u00f3n de un tercio de todos los cat\u00f3licos.<br><br><a href=\"https:\/\/www.zhkath.ch\/engagement\/gruppen\/vielsprachige-kirche\" target=\"_blank\" rel=\"noreferrer noopener\">Iglesia multiling\u00fce<\/a><\/p>\n\n<\/div>\n        <\/div>\n      <\/div>\n    <\/div>\n  <\/div>\n<\/div>\n","protected":false},"excerpt":{"rendered":"","protected":false},"author":4,"featured_media":1041,"parent":0,"menu_order":0,"comment_status":"closed","ping_status":"closed","template":"","meta":{"_acf_changed":false,"inline_featured_image":false,"footnotes":""},"class_list":["post-556","page","type-page","status-publish","has-post-thumbnail","hentry"],"acf":[],"yoast_head":"<!-- This site is optimized with the Yoast SEO plugin v27.3 - https:\/\/yoast.com\/product\/yoast-seo-wordpress\/ -->\n<title>Pastoral de inmigrantes e integraci\u00f3n - Kirche Wirkt<\/title>\n<meta name=\"robots\" content=\"index, follow, max-snippet:-1, max-image-preview:large, max-video-preview:-1\" \/>\n<link rel=\"canonical\" href=\"https:\/\/kirche-wirkt.ch\/es\/pastoral-de-inmigrantes-e-integracion\/\" \/>\n<meta property=\"og:locale\" content=\"es_ES\" \/>\n<meta property=\"og:type\" content=\"article\" \/>\n<meta property=\"og:title\" content=\"Pastoral de inmigrantes e integraci\u00f3n - Kirche Wirkt\" \/>\n<meta property=\"og:url\" content=\"https:\/\/kirche-wirkt.ch\/es\/pastoral-de-inmigrantes-e-integracion\/\" \/>\n<meta property=\"og:site_name\" content=\"Kirche Wirkt\" \/>\n<meta property=\"article:modified_time\" content=\"2026-01-29T12:53:57+00:00\" \/>\n<meta property=\"og:image\" content=\"https:\/\/kirche-wirkt.ch\/wp-content\/uploads\/2024\/12\/03_Migrantenseelsorge.png\" \/>\n\t<meta property=\"og:image:width\" content=\"1000\" \/>\n\t<meta property=\"og:image:height\" content=\"1100\" \/>\n\t<meta property=\"og:image:type\" content=\"image\/png\" \/>\n<meta name=\"twitter:card\" content=\"summary_large_image\" \/>\n<meta name=\"twitter:label1\" content=\"Est. reading time\" \/>\n\t<meta name=\"twitter:data1\" content=\"2 minutes\" \/>\n<script type=\"application\/ld+json\" class=\"yoast-schema-graph\">{\"@context\":\"https:\\\/\\\/schema.org\",\"@graph\":[{\"@type\":\"WebPage\",\"@id\":\"https:\\\/\\\/kirche-wirkt.ch\\\/es\\\/pastoral-de-inmigrantes-e-integracion\\\/\",\"url\":\"https:\\\/\\\/kirche-wirkt.ch\\\/es\\\/pastoral-de-inmigrantes-e-integracion\\\/\",\"name\":\"Pastoral de inmigrantes e integraci\u00f3n - Kirche Wirkt\",\"isPartOf\":{\"@id\":\"https:\\\/\\\/kirche-wirkt.ch\\\/#website\"},\"primaryImageOfPage\":{\"@id\":\"https:\\\/\\\/kirche-wirkt.ch\\\/es\\\/pastoral-de-inmigrantes-e-integracion\\\/#primaryimage\"},\"image\":{\"@id\":\"https:\\\/\\\/kirche-wirkt.ch\\\/es\\\/pastoral-de-inmigrantes-e-integracion\\\/#primaryimage\"},\"thumbnailUrl\":\"https:\\\/\\\/kirche-wirkt.ch\\\/wp-content\\\/uploads\\\/2024\\\/12\\\/03_Migrantenseelsorge.png\",\"datePublished\":\"2023-12-12T13:25:26+00:00\",\"dateModified\":\"2026-01-29T12:53:57+00:00\",\"breadcrumb\":{\"@id\":\"https:\\\/\\\/kirche-wirkt.ch\\\/es\\\/pastoral-de-inmigrantes-e-integracion\\\/#breadcrumb\"},\"inLanguage\":\"es-ES\",\"potentialAction\":[{\"@type\":\"ReadAction\",\"target\":[\"https:\\\/\\\/kirche-wirkt.ch\\\/es\\\/pastoral-de-inmigrantes-e-integracion\\\/\"]}]},{\"@type\":\"ImageObject\",\"inLanguage\":\"es-ES\",\"@id\":\"https:\\\/\\\/kirche-wirkt.ch\\\/es\\\/pastoral-de-inmigrantes-e-integracion\\\/#primaryimage\",\"url\":\"https:\\\/\\\/kirche-wirkt.ch\\\/wp-content\\\/uploads\\\/2024\\\/12\\\/03_Migrantenseelsorge.png\",\"contentUrl\":\"https:\\\/\\\/kirche-wirkt.ch\\\/wp-content\\\/uploads\\\/2024\\\/12\\\/03_Migrantenseelsorge.png\",\"width\":1000,\"height\":1100},{\"@type\":\"BreadcrumbList\",\"@id\":\"https:\\\/\\\/kirche-wirkt.ch\\\/es\\\/pastoral-de-inmigrantes-e-integracion\\\/#breadcrumb\",\"itemListElement\":[{\"@type\":\"ListItem\",\"position\":1,\"name\":\"Startseite\",\"item\":\"https:\\\/\\\/kirche-wirkt.ch\\\/es\\\/\"},{\"@type\":\"ListItem\",\"position\":2,\"name\":\"Pastoral de inmigrantes e integraci\u00f3n\"}]},{\"@type\":\"WebSite\",\"@id\":\"https:\\\/\\\/kirche-wirkt.ch\\\/#website\",\"url\":\"https:\\\/\\\/kirche-wirkt.ch\\\/\",\"name\":\"Kirche Wirkt\",\"description\":\"\",\"potentialAction\":[{\"@type\":\"SearchAction\",\"target\":{\"@type\":\"EntryPoint\",\"urlTemplate\":\"https:\\\/\\\/kirche-wirkt.ch\\\/?s={search_term_string}\"},\"query-input\":{\"@type\":\"PropertyValueSpecification\",\"valueRequired\":true,\"valueName\":\"search_term_string\"}}],\"inLanguage\":\"es-ES\"}]}<\/script>\n<!-- \/ Yoast SEO plugin. -->","yoast_head_json":{"title":"Pastoral de inmigrantes e integraci\u00f3n - Kirche Wirkt","robots":{"index":"index","follow":"follow","max-snippet":"max-snippet:-1","max-image-preview":"max-image-preview:large","max-video-preview":"max-video-preview:-1"},"canonical":"https:\/\/kirche-wirkt.ch\/es\/pastoral-de-inmigrantes-e-integracion\/","og_locale":"es_ES","og_type":"article","og_title":"Pastoral de inmigrantes e integraci\u00f3n - Kirche Wirkt","og_url":"https:\/\/kirche-wirkt.ch\/es\/pastoral-de-inmigrantes-e-integracion\/","og_site_name":"Kirche Wirkt","article_modified_time":"2026-01-29T12:53:57+00:00","og_image":[{"width":1000,"height":1100,"url":"https:\/\/kirche-wirkt.ch\/wp-content\/uploads\/2024\/12\/03_Migrantenseelsorge.png","type":"image\/png"}],"twitter_card":"summary_large_image","twitter_misc":{"Est. reading time":"2 minutes"},"schema":{"@context":"https:\/\/schema.org","@graph":[{"@type":"WebPage","@id":"https:\/\/kirche-wirkt.ch\/es\/pastoral-de-inmigrantes-e-integracion\/","url":"https:\/\/kirche-wirkt.ch\/es\/pastoral-de-inmigrantes-e-integracion\/","name":"Pastoral de inmigrantes e integraci\u00f3n - Kirche Wirkt","isPartOf":{"@id":"https:\/\/kirche-wirkt.ch\/#website"},"primaryImageOfPage":{"@id":"https:\/\/kirche-wirkt.ch\/es\/pastoral-de-inmigrantes-e-integracion\/#primaryimage"},"image":{"@id":"https:\/\/kirche-wirkt.ch\/es\/pastoral-de-inmigrantes-e-integracion\/#primaryimage"},"thumbnailUrl":"https:\/\/kirche-wirkt.ch\/wp-content\/uploads\/2024\/12\/03_Migrantenseelsorge.png","datePublished":"2023-12-12T13:25:26+00:00","dateModified":"2026-01-29T12:53:57+00:00","breadcrumb":{"@id":"https:\/\/kirche-wirkt.ch\/es\/pastoral-de-inmigrantes-e-integracion\/#breadcrumb"},"inLanguage":"es-ES","potentialAction":[{"@type":"ReadAction","target":["https:\/\/kirche-wirkt.ch\/es\/pastoral-de-inmigrantes-e-integracion\/"]}]},{"@type":"ImageObject","inLanguage":"es-ES","@id":"https:\/\/kirche-wirkt.ch\/es\/pastoral-de-inmigrantes-e-integracion\/#primaryimage","url":"https:\/\/kirche-wirkt.ch\/wp-content\/uploads\/2024\/12\/03_Migrantenseelsorge.png","contentUrl":"https:\/\/kirche-wirkt.ch\/wp-content\/uploads\/2024\/12\/03_Migrantenseelsorge.png","width":1000,"height":1100},{"@type":"BreadcrumbList","@id":"https:\/\/kirche-wirkt.ch\/es\/pastoral-de-inmigrantes-e-integracion\/#breadcrumb","itemListElement":[{"@type":"ListItem","position":1,"name":"Startseite","item":"https:\/\/kirche-wirkt.ch\/es\/"},{"@type":"ListItem","position":2,"name":"Pastoral de inmigrantes e integraci\u00f3n"}]},{"@type":"WebSite","@id":"https:\/\/kirche-wirkt.ch\/#website","url":"https:\/\/kirche-wirkt.ch\/","name":"Kirche Wirkt","description":"","potentialAction":[{"@type":"SearchAction","target":{"@type":"EntryPoint","urlTemplate":"https:\/\/kirche-wirkt.ch\/?s={search_term_string}"},"query-input":{"@type":"PropertyValueSpecification","valueRequired":true,"valueName":"search_term_string"}}],"inLanguage":"es-ES"}]}},"_links":{"self":[{"href":"https:\/\/kirche-wirkt.ch\/es\/wp-json\/wp\/v2\/pages\/556","targetHints":{"allow":["GET"]}}],"collection":[{"href":"https:\/\/kirche-wirkt.ch\/es\/wp-json\/wp\/v2\/pages"}],"about":[{"href":"https:\/\/kirche-wirkt.ch\/es\/wp-json\/wp\/v2\/types\/page"}],"author":[{"embeddable":true,"href":"https:\/\/kirche-wirkt.ch\/es\/wp-json\/wp\/v2\/users\/4"}],"replies":[{"embeddable":true,"href":"https:\/\/kirche-wirkt.ch\/es\/wp-json\/wp\/v2\/comments?post=556"}],"version-history":[{"count":8,"href":"https:\/\/kirche-wirkt.ch\/es\/wp-json\/wp\/v2\/pages\/556\/revisions"}],"predecessor-version":[{"id":1613,"href":"https:\/\/kirche-wirkt.ch\/es\/wp-json\/wp\/v2\/pages\/556\/revisions\/1613"}],"wp:featuredmedia":[{"embeddable":true,"href":"https:\/\/kirche-wirkt.ch\/es\/wp-json\/wp\/v2\/media\/1041"}],"wp:attachment":[{"href":"https:\/\/kirche-wirkt.ch\/es\/wp-json\/wp\/v2\/media?parent=556"}],"curies":[{"name":"wp","href":"https:\/\/api.w.org\/{rel}","templated":true}]}}