{"id":561,"date":"2023-12-12T14:28:59","date_gmt":"2023-12-12T13:28:59","guid":{"rendered":"https:\/\/www.kirchensteuerwirkt.ch\/atencion-pastoral-y-celebraciones-religiosas\/"},"modified":"2026-01-29T14:11:45","modified_gmt":"2026-01-29T13:11:45","slug":"atencion-pastoral-y-celebraciones-religiosas","status":"publish","type":"page","link":"https:\/\/kirche-wirkt.ch\/es\/atencion-pastoral-y-celebraciones-religiosas\/","title":{"rendered":"Atenci\u00f3n pastoral y celebraciones religiosas"},"content":{"rendered":"\n<div    class=\"accordion color-lilac\">\n  <div class=\"container-xxl\">\n    <div class=\"col-lg-10 offset-lg-2\">\n      <div class=\"accordion-header\">\n        <h2 class=\"accordion-header-title\">126 sacerdotes y agentes pastorales<\/h2>\n        <button class=\"accordion-header-button\" type=\"button\" aria-label=\"Toggle accordion\"><\/button>\n      <\/div>\n      <div class=\"col-md-10\">\n        <div class=\"accordion-inner\">\n          <div class=\"acf-innerblocks-container\">\n\n<p>est\u00e1n a disposici\u00f3n de las comunidades y de los creyentes. Celebran cultos tienen un o\u00eddo abierto a las preocupaciones de las personas, brindan consuelo, proclaman la buena nueva de Jes\u00fas de Nazaret de amor y esperanza, est\u00e1n comprometidos con las personas necesitadas y visitan a los enfermos. Los agentes pastorales cuentan con el apoyo de numerosos especialistas en trabajo juvenil, servicio social y catequistas. Hay ofertas pastorales especiales para las personas en las c\u00e1rceles, en los hogares de refugiados y otros puntos de tensi\u00f3n social.<\/p>\n\n<\/div>\n        <\/div>\n      <\/div>\n    <\/div>\n  <\/div>\n<\/div>\n\n\n\n<div    class=\"accordion\">\n  <div class=\"container-xxl\">\n    <div class=\"col-lg-10 offset-lg-2\">\n      <div class=\"accordion-header\">\n        <h2 class=\"accordion-header-title\">40 agentes pastorales<\/h2>\n        <button class=\"accordion-header-button\" type=\"button\" aria-label=\"Toggle accordion\"><\/button>\n      <\/div>\n      <div class=\"col-md-10\">\n        <div class=\"accordion-inner\">\n          <div class=\"acf-innerblocks-container\">\n\n<p>trabajan en 32 hospitales y cl\u00ednicas psiqui\u00e1tricas en el Cant\u00f3n de Z\u00farich. Junto con sus colegas reformados, est\u00e1n disponibles para los enfermos, los familiares y el personal del hospital. La oferta de cuidados paliativos se est\u00e1 volviendo cada vez m\u00e1s importante, donde agentes pastorales especialmente capacitados brindan acompa\u00f1amiento espiritual y religioso al enfermo. Los afectados pueden buscar f\u00e1cilmente una conversaci\u00f3n y recibir asistencia en las <a href=\"https:\/\/www.zhkath.ch\/kirche-aktuell\/spiritualtitaet-seele\/helpline-palliative-care-ein-jahr-beratung-und-begleitung\" target=\"_blank\" rel=\"noreferrer noopener\">l\u00edneas directas<\/a> establecidas para este fin.<br><br><a href=\"https:\/\/www.spitalseelsorgezh.ch\/\" target=\"_blank\" rel=\"noreferrer noopener\">M\u00e1s sobre la pastoral hospitalaria<\/a><\/p>\n\n<\/div>\n        <\/div>\n      <\/div>\n    <\/div>\n  <\/div>\n<\/div>\n\n\n\n<div    class=\"accordion color-lilac\">\n  <div class=\"container-xxl\">\n    <div class=\"col-lg-10 offset-lg-2\">\n      <div class=\"accordion-header\">\n        <h2 class=\"accordion-header-title\">95 parroquias cat\u00f3licas<\/h2>\n        <button class=\"accordion-header-button\" type=\"button\" aria-label=\"Toggle accordion\"><\/button>\n      <\/div>\n      <div class=\"col-md-10\">\n        <div class=\"accordion-inner\">\n          <div class=\"acf-innerblocks-container\">\n\n<p>existen en el Cant\u00f3n de Z\u00farich. Aqu\u00ed es donde tiene lugar la verdadera vida de la iglesia: todos son bienvenidos en ellas. Gracias a sus empleados y ofertas, las parroquias son un punto de contacto y un hogar para todos. Tambi\u00e9n para los refugiados y los muchos migrantes que requieren celebraciones y festividades en su idioma.<br><br><a href=\"https:\/\/www.zhkath.ch\/ueber-uns\/pfarreien\" target=\"_blank\" rel=\"noreferrer noopener\">Todas las parroquias de un vistazo<\/a><\/p>\n\n<\/div>\n        <\/div>\n      <\/div>\n    <\/div>\n  <\/div>\n<\/div>\n","protected":false},"excerpt":{"rendered":"","protected":false},"author":4,"featured_media":1037,"parent":0,"menu_order":0,"comment_status":"closed","ping_status":"closed","template":"","meta":{"_acf_changed":false,"inline_featured_image":false,"footnotes":""},"class_list":["post-561","page","type-page","status-publish","has-post-thumbnail","hentry"],"acf":[],"yoast_head":"<!-- This site is optimized with the Yoast SEO plugin v27.3 - https:\/\/yoast.com\/product\/yoast-seo-wordpress\/ -->\n<title>Atenci\u00f3n pastoral y celebraciones religiosas - Kirche Wirkt<\/title>\n<meta name=\"robots\" content=\"index, follow, max-snippet:-1, max-image-preview:large, max-video-preview:-1\" \/>\n<link rel=\"canonical\" href=\"https:\/\/kirche-wirkt.ch\/es\/atencion-pastoral-y-celebraciones-religiosas\/\" \/>\n<meta property=\"og:locale\" content=\"es_ES\" \/>\n<meta property=\"og:type\" content=\"article\" \/>\n<meta property=\"og:title\" content=\"Atenci\u00f3n pastoral y celebraciones religiosas - Kirche Wirkt\" \/>\n<meta property=\"og:url\" content=\"https:\/\/kirche-wirkt.ch\/es\/atencion-pastoral-y-celebraciones-religiosas\/\" \/>\n<meta property=\"og:site_name\" content=\"Kirche Wirkt\" \/>\n<meta property=\"article:modified_time\" content=\"2026-01-29T13:11:45+00:00\" \/>\n<meta property=\"og:image\" content=\"https:\/\/kirche-wirkt.ch\/wp-content\/uploads\/2024\/12\/02_Seelsorge_und_Gottesdienst.png\" \/>\n\t<meta property=\"og:image:width\" content=\"1000\" \/>\n\t<meta property=\"og:image:height\" content=\"1100\" \/>\n\t<meta property=\"og:image:type\" content=\"image\/png\" \/>\n<meta name=\"twitter:card\" content=\"summary_large_image\" \/>\n<meta name=\"twitter:label1\" content=\"Est. reading time\" \/>\n\t<meta name=\"twitter:data1\" content=\"2 minutes\" \/>\n<script type=\"application\/ld+json\" class=\"yoast-schema-graph\">{\"@context\":\"https:\\\/\\\/schema.org\",\"@graph\":[{\"@type\":\"WebPage\",\"@id\":\"https:\\\/\\\/kirche-wirkt.ch\\\/es\\\/atencion-pastoral-y-celebraciones-religiosas\\\/\",\"url\":\"https:\\\/\\\/kirche-wirkt.ch\\\/es\\\/atencion-pastoral-y-celebraciones-religiosas\\\/\",\"name\":\"Atenci\u00f3n pastoral y celebraciones religiosas - Kirche Wirkt\",\"isPartOf\":{\"@id\":\"https:\\\/\\\/kirche-wirkt.ch\\\/#website\"},\"primaryImageOfPage\":{\"@id\":\"https:\\\/\\\/kirche-wirkt.ch\\\/es\\\/atencion-pastoral-y-celebraciones-religiosas\\\/#primaryimage\"},\"image\":{\"@id\":\"https:\\\/\\\/kirche-wirkt.ch\\\/es\\\/atencion-pastoral-y-celebraciones-religiosas\\\/#primaryimage\"},\"thumbnailUrl\":\"https:\\\/\\\/kirche-wirkt.ch\\\/wp-content\\\/uploads\\\/2024\\\/12\\\/02_Seelsorge_und_Gottesdienst.png\",\"datePublished\":\"2023-12-12T13:28:59+00:00\",\"dateModified\":\"2026-01-29T13:11:45+00:00\",\"breadcrumb\":{\"@id\":\"https:\\\/\\\/kirche-wirkt.ch\\\/es\\\/atencion-pastoral-y-celebraciones-religiosas\\\/#breadcrumb\"},\"inLanguage\":\"es-ES\",\"potentialAction\":[{\"@type\":\"ReadAction\",\"target\":[\"https:\\\/\\\/kirche-wirkt.ch\\\/es\\\/atencion-pastoral-y-celebraciones-religiosas\\\/\"]}]},{\"@type\":\"ImageObject\",\"inLanguage\":\"es-ES\",\"@id\":\"https:\\\/\\\/kirche-wirkt.ch\\\/es\\\/atencion-pastoral-y-celebraciones-religiosas\\\/#primaryimage\",\"url\":\"https:\\\/\\\/kirche-wirkt.ch\\\/wp-content\\\/uploads\\\/2024\\\/12\\\/02_Seelsorge_und_Gottesdienst.png\",\"contentUrl\":\"https:\\\/\\\/kirche-wirkt.ch\\\/wp-content\\\/uploads\\\/2024\\\/12\\\/02_Seelsorge_und_Gottesdienst.png\",\"width\":1000,\"height\":1100},{\"@type\":\"BreadcrumbList\",\"@id\":\"https:\\\/\\\/kirche-wirkt.ch\\\/es\\\/atencion-pastoral-y-celebraciones-religiosas\\\/#breadcrumb\",\"itemListElement\":[{\"@type\":\"ListItem\",\"position\":1,\"name\":\"Startseite\",\"item\":\"https:\\\/\\\/kirche-wirkt.ch\\\/es\\\/\"},{\"@type\":\"ListItem\",\"position\":2,\"name\":\"Atenci\u00f3n pastoral y celebraciones religiosas\"}]},{\"@type\":\"WebSite\",\"@id\":\"https:\\\/\\\/kirche-wirkt.ch\\\/#website\",\"url\":\"https:\\\/\\\/kirche-wirkt.ch\\\/\",\"name\":\"Kirche Wirkt\",\"description\":\"\",\"potentialAction\":[{\"@type\":\"SearchAction\",\"target\":{\"@type\":\"EntryPoint\",\"urlTemplate\":\"https:\\\/\\\/kirche-wirkt.ch\\\/?s={search_term_string}\"},\"query-input\":{\"@type\":\"PropertyValueSpecification\",\"valueRequired\":true,\"valueName\":\"search_term_string\"}}],\"inLanguage\":\"es-ES\"}]}<\/script>\n<!-- \/ Yoast SEO plugin. -->","yoast_head_json":{"title":"Atenci\u00f3n pastoral y celebraciones religiosas - Kirche Wirkt","robots":{"index":"index","follow":"follow","max-snippet":"max-snippet:-1","max-image-preview":"max-image-preview:large","max-video-preview":"max-video-preview:-1"},"canonical":"https:\/\/kirche-wirkt.ch\/es\/atencion-pastoral-y-celebraciones-religiosas\/","og_locale":"es_ES","og_type":"article","og_title":"Atenci\u00f3n pastoral y celebraciones religiosas - Kirche Wirkt","og_url":"https:\/\/kirche-wirkt.ch\/es\/atencion-pastoral-y-celebraciones-religiosas\/","og_site_name":"Kirche Wirkt","article_modified_time":"2026-01-29T13:11:45+00:00","og_image":[{"width":1000,"height":1100,"url":"https:\/\/kirche-wirkt.ch\/wp-content\/uploads\/2024\/12\/02_Seelsorge_und_Gottesdienst.png","type":"image\/png"}],"twitter_card":"summary_large_image","twitter_misc":{"Est. reading time":"2 minutes"},"schema":{"@context":"https:\/\/schema.org","@graph":[{"@type":"WebPage","@id":"https:\/\/kirche-wirkt.ch\/es\/atencion-pastoral-y-celebraciones-religiosas\/","url":"https:\/\/kirche-wirkt.ch\/es\/atencion-pastoral-y-celebraciones-religiosas\/","name":"Atenci\u00f3n pastoral y celebraciones religiosas - Kirche Wirkt","isPartOf":{"@id":"https:\/\/kirche-wirkt.ch\/#website"},"primaryImageOfPage":{"@id":"https:\/\/kirche-wirkt.ch\/es\/atencion-pastoral-y-celebraciones-religiosas\/#primaryimage"},"image":{"@id":"https:\/\/kirche-wirkt.ch\/es\/atencion-pastoral-y-celebraciones-religiosas\/#primaryimage"},"thumbnailUrl":"https:\/\/kirche-wirkt.ch\/wp-content\/uploads\/2024\/12\/02_Seelsorge_und_Gottesdienst.png","datePublished":"2023-12-12T13:28:59+00:00","dateModified":"2026-01-29T13:11:45+00:00","breadcrumb":{"@id":"https:\/\/kirche-wirkt.ch\/es\/atencion-pastoral-y-celebraciones-religiosas\/#breadcrumb"},"inLanguage":"es-ES","potentialAction":[{"@type":"ReadAction","target":["https:\/\/kirche-wirkt.ch\/es\/atencion-pastoral-y-celebraciones-religiosas\/"]}]},{"@type":"ImageObject","inLanguage":"es-ES","@id":"https:\/\/kirche-wirkt.ch\/es\/atencion-pastoral-y-celebraciones-religiosas\/#primaryimage","url":"https:\/\/kirche-wirkt.ch\/wp-content\/uploads\/2024\/12\/02_Seelsorge_und_Gottesdienst.png","contentUrl":"https:\/\/kirche-wirkt.ch\/wp-content\/uploads\/2024\/12\/02_Seelsorge_und_Gottesdienst.png","width":1000,"height":1100},{"@type":"BreadcrumbList","@id":"https:\/\/kirche-wirkt.ch\/es\/atencion-pastoral-y-celebraciones-religiosas\/#breadcrumb","itemListElement":[{"@type":"ListItem","position":1,"name":"Startseite","item":"https:\/\/kirche-wirkt.ch\/es\/"},{"@type":"ListItem","position":2,"name":"Atenci\u00f3n pastoral y celebraciones religiosas"}]},{"@type":"WebSite","@id":"https:\/\/kirche-wirkt.ch\/#website","url":"https:\/\/kirche-wirkt.ch\/","name":"Kirche Wirkt","description":"","potentialAction":[{"@type":"SearchAction","target":{"@type":"EntryPoint","urlTemplate":"https:\/\/kirche-wirkt.ch\/?s={search_term_string}"},"query-input":{"@type":"PropertyValueSpecification","valueRequired":true,"valueName":"search_term_string"}}],"inLanguage":"es-ES"}]}},"_links":{"self":[{"href":"https:\/\/kirche-wirkt.ch\/es\/wp-json\/wp\/v2\/pages\/561","targetHints":{"allow":["GET"]}}],"collection":[{"href":"https:\/\/kirche-wirkt.ch\/es\/wp-json\/wp\/v2\/pages"}],"about":[{"href":"https:\/\/kirche-wirkt.ch\/es\/wp-json\/wp\/v2\/types\/page"}],"author":[{"embeddable":true,"href":"https:\/\/kirche-wirkt.ch\/es\/wp-json\/wp\/v2\/users\/4"}],"replies":[{"embeddable":true,"href":"https:\/\/kirche-wirkt.ch\/es\/wp-json\/wp\/v2\/comments?post=561"}],"version-history":[{"count":7,"href":"https:\/\/kirche-wirkt.ch\/es\/wp-json\/wp\/v2\/pages\/561\/revisions"}],"predecessor-version":[{"id":1621,"href":"https:\/\/kirche-wirkt.ch\/es\/wp-json\/wp\/v2\/pages\/561\/revisions\/1621"}],"wp:featuredmedia":[{"embeddable":true,"href":"https:\/\/kirche-wirkt.ch\/es\/wp-json\/wp\/v2\/media\/1037"}],"wp:attachment":[{"href":"https:\/\/kirche-wirkt.ch\/es\/wp-json\/wp\/v2\/media?parent=561"}],"curies":[{"name":"wp","href":"https:\/\/api.w.org\/{rel}","templated":true}]}}