{"id":566,"date":"2023-10-30T14:09:26","date_gmt":"2023-10-30T13:09:26","guid":{"rendered":"https:\/\/www.kirchensteuerwirkt.ch\/ecologia-y-sostenibilidad\/"},"modified":"2026-02-02T13:50:48","modified_gmt":"2026-02-02T12:50:48","slug":"ecologia-y-sostenibilidad","status":"publish","type":"page","link":"https:\/\/kirche-wirkt.ch\/es\/ecologia-y-sostenibilidad\/","title":{"rendered":"Ecolog\u00eda y sostenibilidad"},"content":{"rendered":"\n<div    class=\"accordion color-lilac\">\n  <div class=\"container-xxl\">\n    <div class=\"col-lg-10 offset-lg-2\">\n      <div class=\"accordion-header\">\n        <h2 class=\"accordion-header-title\">7 parroquias<\/h2>\n        <button class=\"accordion-header-button\" type=\"button\" aria-label=\"Toggle accordion\"><\/button>\n      <\/div>\n      <div class=\"col-md-10\">\n        <div class=\"accordion-inner\">\n          <div class=\"acf-innerblocks-container\">\n\n<p>han obtenido actualmente el Certificado ambiental \u00abGr\u00fcner G\u00fcggel\u00bb \u2013 o est\u00e1n en camino de obtenerlo. El sistema de gesti\u00f3n ambiental obliga a las parroquias certificadas \u2013 p. ej <a href=\"https:\/\/pirminius.ch\/kirchgemeinde\/gruener-gueggel\/\" target=\"_blank\" rel=\"noreferrer noopener\">Pfungen<\/a>, <a href=\"https:\/\/www.kath-dfs.ch\/kirchgemeinde_umwelt\" target=\"_blank\" rel=\"noreferrer noopener\">D\u00fcbendorf<\/a>, <a href=\"https:\/\/www.kath-buelach.ch\/bericht\/508\" target=\"_blank\" rel=\"noreferrer noopener\">B\u00fclach<\/a>, <a href=\"https:\/\/www.pfarrei-uster.ch\/?s=gr%C3%BCner+g%C3%BCggel\" target=\"_blank\" rel=\"noreferrer noopener\">Uster<\/a>, <a href=\"https:\/\/www.kath-embrachertal.ch\/?s=gr%C3%BCner+g%C3%BCggel\" target=\"_blank\" rel=\"noreferrer noopener\">Embrachertal<\/a> y <a href=\"https:\/\/www.kath-wallisellen.ch\/umwelt-label-gruener-gueggel\/\" target=\"_blank\" rel=\"noreferrer noopener\">Wallisellen<\/a>\/<a href=\"https:\/\/kath-dietlikon.ch\/?s=gr%C3%BCner+g%C3%BCggel\" target=\"_blank\" rel=\"noreferrer noopener\">Dietlikon<\/a> \u2013 a ahorrar energ\u00eda y agua de forma consciente, a establecer una separaci\u00f3n consecuente de residuos y a prestar atenci\u00f3n a los productos ecol\u00f3gicos al comprar y a la biodiversidad al dise\u00f1ar el medio ambiente. La iglesia cantonal apoya financieramente a las parroquias en el camino hacia la certificaci\u00f3n.<br><br><a href=\"https:\/\/oeku.ch\/umweltpraxis\/gruener-gueggel\" target=\"_blank\" rel=\"noreferrer noopener\">Ecolog\u00eda \u2013 Iglesia y medio ambiente<\/a><\/p>\n\n<\/div>\n        <\/div>\n      <\/div>\n    <\/div>\n  <\/div>\n<\/div>\n\n\n\n<div    class=\"accordion\">\n  <div class=\"container-xxl\">\n    <div class=\"col-lg-10 offset-lg-2\">\n      <div class=\"accordion-header\">\n        <h2 class=\"accordion-header-title\">13\u2019000.000 de francos<\/h2>\n        <button class=\"accordion-header-button\" type=\"button\" aria-label=\"Toggle accordion\"><\/button>\n      <\/div>\n      <div class=\"col-md-10\">\n        <div class=\"accordion-inner\">\n          <div class=\"acf-innerblocks-container\">\n\n<p>se invertir\u00e1n en las 23 parroquias de la ciudad de Z\u00farich durante los pr\u00f3ximos a\u00f1os en proyectos de renovaci\u00f3n y construcci\u00f3n a fin de mejorar el impacto ambiental. Asesores energ\u00e9ticos ayudan a identificar y eliminar los puntos d\u00e9biles de la fachada del edificio, la ventilaci\u00f3n y el sistema de calefacci\u00f3n. Las parroquias tambi\u00e9n financian lo siguiente con fondos de los impuestos eclesi\u00e1sticos tambi\u00e9n los costos adicionales que surgen del cambio de fuentes de energ\u00eda f\u00f3sil a renovable.<br>En la fase previa a los proyectos de renovaci\u00f3n, <a href=\"https:\/\/katholisch-stadtzuerich.ch\/\" target=\"_blank\" rel=\"noreferrer noopener\">Katholisch Stadt Z\u00fcrich<\/a> apoya a las parroquias con un asesoramiento energ\u00e9tico intensivo.<\/p>\n\n<\/div>\n        <\/div>\n      <\/div>\n    <\/div>\n  <\/div>\n<\/div>\n\n\n\n<div    class=\"accordion color-lilac\">\n  <div class=\"container-xxl\">\n    <div class=\"col-lg-10 offset-lg-2\">\n      <div class=\"accordion-header\">\n        <h2 class=\"accordion-header-title\">21.000 kWh\/a<\/h2>\n        <button class=\"accordion-header-button\" type=\"button\" aria-label=\"Toggle accordion\"><\/button>\n      <\/div>\n      <div class=\"col-md-10\">\n        <div class=\"accordion-inner\">\n          <div class=\"acf-innerblocks-container\">\n\n<p>Esto es lo que produce el sistema fotovoltaico del tejado del centro eclesi\u00e1stico Heilig Geist de Zurich-H\u00f6ngg, construido en 1973. Esto corresponde al suministro de seis hogares suizos medios (3.500 kWh\/a) en un a\u00f1o. Como parte de una renovaci\u00f3n general del centro, entre 2018 y 2021 se instal\u00f3 un sistema solar t\u00e9rmico en el tejado del rectorado. En 2021 se a\u00f1adi\u00f3 el sistema fotovoltaico de la plaza de la iglesia. Las nuevas medidas de aislamiento exterior se tradujeron en una orgullosa reducci\u00f3n del consumo energ\u00e9tico del 66%. El sistema recibi\u00f3 el <a href=\"https:\/\/www.zhkath.ch\/kirche-aktuell\/kirche-im-kanton\/solarpreis-heilig-geist-zuerich-katholische-kirche\" target=\"_blank\" rel=\"noreferrer noopener\">Premio Solar Suizo<\/a>.<\/p>\n\n<\/div>\n        <\/div>\n      <\/div>\n    <\/div>\n  <\/div>\n<\/div>\n","protected":false},"excerpt":{"rendered":"","protected":false},"author":1,"featured_media":1045,"parent":0,"menu_order":0,"comment_status":"closed","ping_status":"closed","template":"","meta":{"_acf_changed":false,"inline_featured_image":false,"footnotes":""},"class_list":["post-566","page","type-page","status-publish","has-post-thumbnail","hentry"],"acf":[],"yoast_head":"<!-- This site is optimized with the Yoast SEO plugin v27.3 - https:\/\/yoast.com\/product\/yoast-seo-wordpress\/ -->\n<title>Ecolog\u00eda y sostenibilidad - Kirche Wirkt<\/title>\n<meta name=\"robots\" content=\"index, follow, max-snippet:-1, max-image-preview:large, max-video-preview:-1\" \/>\n<link rel=\"canonical\" href=\"https:\/\/kirche-wirkt.ch\/es\/ecologia-y-sostenibilidad\/\" \/>\n<meta property=\"og:locale\" content=\"es_ES\" \/>\n<meta property=\"og:type\" content=\"article\" \/>\n<meta property=\"og:title\" content=\"Ecolog\u00eda y sostenibilidad - Kirche Wirkt\" \/>\n<meta property=\"og:url\" content=\"https:\/\/kirche-wirkt.ch\/es\/ecologia-y-sostenibilidad\/\" \/>\n<meta property=\"og:site_name\" content=\"Kirche Wirkt\" \/>\n<meta property=\"article:modified_time\" content=\"2026-02-02T12:50:48+00:00\" \/>\n<meta property=\"og:image\" content=\"https:\/\/kirche-wirkt.ch\/wp-content\/uploads\/2024\/12\/04_Oekologie_und_Nachhaltigkeit.png\" \/>\n\t<meta property=\"og:image:width\" content=\"1000\" \/>\n\t<meta property=\"og:image:height\" content=\"1100\" \/>\n\t<meta property=\"og:image:type\" content=\"image\/png\" \/>\n<meta name=\"twitter:card\" content=\"summary_large_image\" \/>\n<meta name=\"twitter:label1\" content=\"Est. reading time\" \/>\n\t<meta name=\"twitter:data1\" content=\"2 minutes\" \/>\n<script type=\"application\/ld+json\" class=\"yoast-schema-graph\">{\"@context\":\"https:\\\/\\\/schema.org\",\"@graph\":[{\"@type\":\"WebPage\",\"@id\":\"https:\\\/\\\/kirche-wirkt.ch\\\/es\\\/ecologia-y-sostenibilidad\\\/\",\"url\":\"https:\\\/\\\/kirche-wirkt.ch\\\/es\\\/ecologia-y-sostenibilidad\\\/\",\"name\":\"Ecolog\u00eda y sostenibilidad - Kirche Wirkt\",\"isPartOf\":{\"@id\":\"https:\\\/\\\/kirche-wirkt.ch\\\/#website\"},\"primaryImageOfPage\":{\"@id\":\"https:\\\/\\\/kirche-wirkt.ch\\\/es\\\/ecologia-y-sostenibilidad\\\/#primaryimage\"},\"image\":{\"@id\":\"https:\\\/\\\/kirche-wirkt.ch\\\/es\\\/ecologia-y-sostenibilidad\\\/#primaryimage\"},\"thumbnailUrl\":\"https:\\\/\\\/kirche-wirkt.ch\\\/wp-content\\\/uploads\\\/2024\\\/12\\\/04_Oekologie_und_Nachhaltigkeit.png\",\"datePublished\":\"2023-10-30T13:09:26+00:00\",\"dateModified\":\"2026-02-02T12:50:48+00:00\",\"breadcrumb\":{\"@id\":\"https:\\\/\\\/kirche-wirkt.ch\\\/es\\\/ecologia-y-sostenibilidad\\\/#breadcrumb\"},\"inLanguage\":\"es-ES\",\"potentialAction\":[{\"@type\":\"ReadAction\",\"target\":[\"https:\\\/\\\/kirche-wirkt.ch\\\/es\\\/ecologia-y-sostenibilidad\\\/\"]}]},{\"@type\":\"ImageObject\",\"inLanguage\":\"es-ES\",\"@id\":\"https:\\\/\\\/kirche-wirkt.ch\\\/es\\\/ecologia-y-sostenibilidad\\\/#primaryimage\",\"url\":\"https:\\\/\\\/kirche-wirkt.ch\\\/wp-content\\\/uploads\\\/2024\\\/12\\\/04_Oekologie_und_Nachhaltigkeit.png\",\"contentUrl\":\"https:\\\/\\\/kirche-wirkt.ch\\\/wp-content\\\/uploads\\\/2024\\\/12\\\/04_Oekologie_und_Nachhaltigkeit.png\",\"width\":1000,\"height\":1100},{\"@type\":\"BreadcrumbList\",\"@id\":\"https:\\\/\\\/kirche-wirkt.ch\\\/es\\\/ecologia-y-sostenibilidad\\\/#breadcrumb\",\"itemListElement\":[{\"@type\":\"ListItem\",\"position\":1,\"name\":\"Startseite\",\"item\":\"https:\\\/\\\/kirche-wirkt.ch\\\/es\\\/\"},{\"@type\":\"ListItem\",\"position\":2,\"name\":\"Ecolog\u00eda y sostenibilidad\"}]},{\"@type\":\"WebSite\",\"@id\":\"https:\\\/\\\/kirche-wirkt.ch\\\/#website\",\"url\":\"https:\\\/\\\/kirche-wirkt.ch\\\/\",\"name\":\"Kirche Wirkt\",\"description\":\"\",\"potentialAction\":[{\"@type\":\"SearchAction\",\"target\":{\"@type\":\"EntryPoint\",\"urlTemplate\":\"https:\\\/\\\/kirche-wirkt.ch\\\/?s={search_term_string}\"},\"query-input\":{\"@type\":\"PropertyValueSpecification\",\"valueRequired\":true,\"valueName\":\"search_term_string\"}}],\"inLanguage\":\"es-ES\"}]}<\/script>\n<!-- \/ Yoast SEO plugin. -->","yoast_head_json":{"title":"Ecolog\u00eda y sostenibilidad - Kirche Wirkt","robots":{"index":"index","follow":"follow","max-snippet":"max-snippet:-1","max-image-preview":"max-image-preview:large","max-video-preview":"max-video-preview:-1"},"canonical":"https:\/\/kirche-wirkt.ch\/es\/ecologia-y-sostenibilidad\/","og_locale":"es_ES","og_type":"article","og_title":"Ecolog\u00eda y sostenibilidad - Kirche Wirkt","og_url":"https:\/\/kirche-wirkt.ch\/es\/ecologia-y-sostenibilidad\/","og_site_name":"Kirche Wirkt","article_modified_time":"2026-02-02T12:50:48+00:00","og_image":[{"width":1000,"height":1100,"url":"https:\/\/kirche-wirkt.ch\/wp-content\/uploads\/2024\/12\/04_Oekologie_und_Nachhaltigkeit.png","type":"image\/png"}],"twitter_card":"summary_large_image","twitter_misc":{"Est. reading time":"2 minutes"},"schema":{"@context":"https:\/\/schema.org","@graph":[{"@type":"WebPage","@id":"https:\/\/kirche-wirkt.ch\/es\/ecologia-y-sostenibilidad\/","url":"https:\/\/kirche-wirkt.ch\/es\/ecologia-y-sostenibilidad\/","name":"Ecolog\u00eda y sostenibilidad - Kirche Wirkt","isPartOf":{"@id":"https:\/\/kirche-wirkt.ch\/#website"},"primaryImageOfPage":{"@id":"https:\/\/kirche-wirkt.ch\/es\/ecologia-y-sostenibilidad\/#primaryimage"},"image":{"@id":"https:\/\/kirche-wirkt.ch\/es\/ecologia-y-sostenibilidad\/#primaryimage"},"thumbnailUrl":"https:\/\/kirche-wirkt.ch\/wp-content\/uploads\/2024\/12\/04_Oekologie_und_Nachhaltigkeit.png","datePublished":"2023-10-30T13:09:26+00:00","dateModified":"2026-02-02T12:50:48+00:00","breadcrumb":{"@id":"https:\/\/kirche-wirkt.ch\/es\/ecologia-y-sostenibilidad\/#breadcrumb"},"inLanguage":"es-ES","potentialAction":[{"@type":"ReadAction","target":["https:\/\/kirche-wirkt.ch\/es\/ecologia-y-sostenibilidad\/"]}]},{"@type":"ImageObject","inLanguage":"es-ES","@id":"https:\/\/kirche-wirkt.ch\/es\/ecologia-y-sostenibilidad\/#primaryimage","url":"https:\/\/kirche-wirkt.ch\/wp-content\/uploads\/2024\/12\/04_Oekologie_und_Nachhaltigkeit.png","contentUrl":"https:\/\/kirche-wirkt.ch\/wp-content\/uploads\/2024\/12\/04_Oekologie_und_Nachhaltigkeit.png","width":1000,"height":1100},{"@type":"BreadcrumbList","@id":"https:\/\/kirche-wirkt.ch\/es\/ecologia-y-sostenibilidad\/#breadcrumb","itemListElement":[{"@type":"ListItem","position":1,"name":"Startseite","item":"https:\/\/kirche-wirkt.ch\/es\/"},{"@type":"ListItem","position":2,"name":"Ecolog\u00eda y sostenibilidad"}]},{"@type":"WebSite","@id":"https:\/\/kirche-wirkt.ch\/#website","url":"https:\/\/kirche-wirkt.ch\/","name":"Kirche Wirkt","description":"","potentialAction":[{"@type":"SearchAction","target":{"@type":"EntryPoint","urlTemplate":"https:\/\/kirche-wirkt.ch\/?s={search_term_string}"},"query-input":{"@type":"PropertyValueSpecification","valueRequired":true,"valueName":"search_term_string"}}],"inLanguage":"es-ES"}]}},"_links":{"self":[{"href":"https:\/\/kirche-wirkt.ch\/es\/wp-json\/wp\/v2\/pages\/566","targetHints":{"allow":["GET"]}}],"collection":[{"href":"https:\/\/kirche-wirkt.ch\/es\/wp-json\/wp\/v2\/pages"}],"about":[{"href":"https:\/\/kirche-wirkt.ch\/es\/wp-json\/wp\/v2\/types\/page"}],"author":[{"embeddable":true,"href":"https:\/\/kirche-wirkt.ch\/es\/wp-json\/wp\/v2\/users\/1"}],"replies":[{"embeddable":true,"href":"https:\/\/kirche-wirkt.ch\/es\/wp-json\/wp\/v2\/comments?post=566"}],"version-history":[{"count":10,"href":"https:\/\/kirche-wirkt.ch\/es\/wp-json\/wp\/v2\/pages\/566\/revisions"}],"predecessor-version":[{"id":1640,"href":"https:\/\/kirche-wirkt.ch\/es\/wp-json\/wp\/v2\/pages\/566\/revisions\/1640"}],"wp:featuredmedia":[{"embeddable":true,"href":"https:\/\/kirche-wirkt.ch\/es\/wp-json\/wp\/v2\/media\/1045"}],"wp:attachment":[{"href":"https:\/\/kirche-wirkt.ch\/es\/wp-json\/wp\/v2\/media?parent=566"}],"curies":[{"name":"wp","href":"https:\/\/api.w.org\/{rel}","templated":true}]}}