{"id":569,"date":"2023-10-30T14:06:38","date_gmt":"2023-10-30T13:06:38","guid":{"rendered":"https:\/\/www.kirchensteuerwirkt.ch\/ninos-jovenes-jovenes-adultos\/"},"modified":"2026-01-27T18:37:43","modified_gmt":"2026-01-27T17:37:43","slug":"ninos-jovenes-jovenes-adultos","status":"publish","type":"page","link":"https:\/\/kirche-wirkt.ch\/es\/ninos-jovenes-jovenes-adultos\/","title":{"rendered":"Ni\u00f1os, j\u00f3venes, j\u00f3venes adultos"},"content":{"rendered":"\n<div    class=\"accordion color-lilac\">\n  <div class=\"container-xxl\">\n    <div class=\"col-lg-10 offset-lg-2\">\n      <div class=\"accordion-header\">\n        <h2 class=\"accordion-header-title\">4186 ni\u00f1os, adolescentes, j\u00f3venes y monitores<\/h2>\n        <button class=\"accordion-header-button\" type=\"button\" aria-label=\"Toggle accordion\"><\/button>\n      <\/div>\n      <div class=\"col-md-10\">\n        <div class=\"accordion-inner\">\n          <div class=\"acf-innerblocks-container\">\n\n<p>se re\u00fanen peri\u00f3dicamente en unos 43 grupos de Jungwacht Blauring y Pfadi. Alrededor de un cuarto de ellos, j\u00f3venes y adultos j\u00f3venes, gestionan las actividades regulares de JuBla o Pfadi de forma voluntaria: acampar, sentarse alrededor de la fogata, experimentar aventuras y asumir la responsabilidad juntos. Todos son bienvenidos, independientemente de su origen o religi\u00f3n. Jungwacht y Blauring reciben apoyo financiero gracias a su impuesto de su iglesia.<br><br><a href=\"https:\/\/www.jublazueri.ch\/\" target=\"_blank\" rel=\"noreferrer noopener\"> Jungwacht Blauring<\/a><\/p>\n\n<\/div>\n        <\/div>\n      <\/div>\n    <\/div>\n  <\/div>\n<\/div>\n\n\n\n<div    class=\"accordion\">\n  <div class=\"container-xxl\">\n    <div class=\"col-lg-10 offset-lg-2\">\n      <div class=\"accordion-header\">\n        <h2 class=\"accordion-header-title\">3324 asesor\u00edas<\/h2>\n        <button class=\"accordion-header-button\" type=\"button\" aria-label=\"Toggle accordion\"><\/button>\n      <\/div>\n      <div class=\"col-md-10\">\n        <div class=\"accordion-inner\">\n          <div class=\"acf-innerblocks-container\">\n\n<p>ha ofrecido el centro ecum\u00e9nico de la pastoral para aprendices \u00abkabel\u00bb durante el 2024 y 2025. Kabel orienta especialmente a aprendices y a quienes abandonan el aprendizaje, pero tambi\u00e9n est\u00e1 dirigido a padres, formadores y profesores. La asesor\u00eda especializada est\u00e1 presente en siete ubicaciones en el cant\u00f3n y junto con los alumnos busca soluciones en situaciones dif\u00edciles. En Dietikon, Wetzikon y Winterthur <a href=\"https:\/\/kabel-berufslehre.ch\/angebote\/index.html\" target=\"_blank\" rel=\"noreferrer noopener\">\u00abkabel\u00bb<\/a> es parte de las ofertas del estado.<br>La Secci\u00f3n de Pastoral Juvenil, integrada por 9 personas, desarrolla principios b\u00e1sicos y herramientas de trabajo en las parroquias. Ejerce presi\u00f3n en favor de los j\u00f3venes y los j\u00f3venes adultos en la iglesia y la sociedad y se considera un portavoz pol\u00edtico de la juventud. Como oficina especializada, ofrece asesoramiento y apoyo en las cuatro \u00e1reas de especializaci\u00f3n: confirmaci\u00f3n, pastoral de monaguillos, trabajo con j\u00f3venes en iglesias de puertas abiertas y espiritualidad.<br><br><a href=\"https:\/\/jugendseelsorge.ch\/\" target=\"_blank\" rel=\"noreferrer noopener\">jugendseelsorge.ch<\/a><\/p>\n\n<\/div>\n        <\/div>\n      <\/div>\n    <\/div>\n  <\/div>\n<\/div>\n\n\n\n<div    class=\"accordion color-lilac\">\n  <div class=\"container-xxl\">\n    <div class=\"col-lg-10 offset-lg-2\">\n      <div class=\"accordion-header\">\n        <h2 class=\"accordion-header-title\">316 eventos<\/h2>\n        <button class=\"accordion-header-button\" type=\"button\" aria-label=\"Toggle accordion\"><\/button>\n      <\/div>\n      <div class=\"col-md-10\">\n        <div class=\"accordion-inner\">\n          <div class=\"acf-innerblocks-container\">\n\n<p>se celebraron en \u00abjenseits im Viadukt\u00bb en 2022. En este lugar especial en el centro de Z\u00farich, la oferta de la iglesia para los j\u00f3venes es refrescante y va m\u00e1s all\u00e1 de lo habitual. Todo lo que sucede en los arcos 11 y 12 en Z\u00farich West gira en torno a las tres \u00e1reas de enfoque: cultura, sostenibilidad y espiritualidad. Desde conferencias y charlas hasta servicios religiosos, desde conciertos y teatro hasta meditaci\u00f3n. Un lugar de encuentro para todos, independientemente de su lugar origen o religi\u00f3n.<br><br><a href=\"https:\/\/jenseitsimviadukt.ch\/\" target=\"_blank\" rel=\"noreferrer noopener\">jenseits im Viadukt<\/a><\/p>\n\n<\/div>\n        <\/div>\n      <\/div>\n    <\/div>\n  <\/div>\n<\/div>\n","protected":false},"excerpt":{"rendered":"","protected":false},"author":1,"featured_media":1053,"parent":0,"menu_order":0,"comment_status":"closed","ping_status":"closed","template":"","meta":{"_acf_changed":false,"inline_featured_image":false,"footnotes":""},"class_list":["post-569","page","type-page","status-publish","has-post-thumbnail","hentry"],"acf":[],"yoast_head":"<!-- This site is optimized with the Yoast SEO plugin v27.3 - https:\/\/yoast.com\/product\/yoast-seo-wordpress\/ -->\n<title>Ni\u00f1os, j\u00f3venes, j\u00f3venes adultos - Kirche Wirkt<\/title>\n<meta name=\"robots\" content=\"index, follow, max-snippet:-1, max-image-preview:large, max-video-preview:-1\" \/>\n<link rel=\"canonical\" href=\"https:\/\/kirche-wirkt.ch\/es\/ninos-jovenes-jovenes-adultos\/\" \/>\n<meta property=\"og:locale\" content=\"es_ES\" \/>\n<meta property=\"og:type\" content=\"article\" \/>\n<meta property=\"og:title\" content=\"Ni\u00f1os, j\u00f3venes, j\u00f3venes adultos - Kirche Wirkt\" \/>\n<meta property=\"og:url\" content=\"https:\/\/kirche-wirkt.ch\/es\/ninos-jovenes-jovenes-adultos\/\" \/>\n<meta property=\"og:site_name\" content=\"Kirche Wirkt\" \/>\n<meta property=\"article:modified_time\" content=\"2026-01-27T17:37:43+00:00\" \/>\n<meta property=\"og:image\" content=\"https:\/\/kirche-wirkt.ch\/wp-content\/uploads\/2024\/12\/06_Kinder_Jugendliche_und_junge_Erwachsene.png\" \/>\n\t<meta property=\"og:image:width\" content=\"1000\" \/>\n\t<meta property=\"og:image:height\" content=\"1100\" \/>\n\t<meta property=\"og:image:type\" content=\"image\/png\" \/>\n<meta name=\"twitter:card\" content=\"summary_large_image\" \/>\n<meta name=\"twitter:label1\" content=\"Est. reading time\" \/>\n\t<meta name=\"twitter:data1\" content=\"2 minutes\" \/>\n<script type=\"application\/ld+json\" class=\"yoast-schema-graph\">{\"@context\":\"https:\\\/\\\/schema.org\",\"@graph\":[{\"@type\":\"WebPage\",\"@id\":\"https:\\\/\\\/kirche-wirkt.ch\\\/es\\\/ninos-jovenes-jovenes-adultos\\\/\",\"url\":\"https:\\\/\\\/kirche-wirkt.ch\\\/es\\\/ninos-jovenes-jovenes-adultos\\\/\",\"name\":\"Ni\u00f1os, j\u00f3venes, j\u00f3venes adultos - Kirche Wirkt\",\"isPartOf\":{\"@id\":\"https:\\\/\\\/kirche-wirkt.ch\\\/#website\"},\"primaryImageOfPage\":{\"@id\":\"https:\\\/\\\/kirche-wirkt.ch\\\/es\\\/ninos-jovenes-jovenes-adultos\\\/#primaryimage\"},\"image\":{\"@id\":\"https:\\\/\\\/kirche-wirkt.ch\\\/es\\\/ninos-jovenes-jovenes-adultos\\\/#primaryimage\"},\"thumbnailUrl\":\"https:\\\/\\\/kirche-wirkt.ch\\\/wp-content\\\/uploads\\\/2024\\\/12\\\/06_Kinder_Jugendliche_und_junge_Erwachsene.png\",\"datePublished\":\"2023-10-30T13:06:38+00:00\",\"dateModified\":\"2026-01-27T17:37:43+00:00\",\"breadcrumb\":{\"@id\":\"https:\\\/\\\/kirche-wirkt.ch\\\/es\\\/ninos-jovenes-jovenes-adultos\\\/#breadcrumb\"},\"inLanguage\":\"es-ES\",\"potentialAction\":[{\"@type\":\"ReadAction\",\"target\":[\"https:\\\/\\\/kirche-wirkt.ch\\\/es\\\/ninos-jovenes-jovenes-adultos\\\/\"]}]},{\"@type\":\"ImageObject\",\"inLanguage\":\"es-ES\",\"@id\":\"https:\\\/\\\/kirche-wirkt.ch\\\/es\\\/ninos-jovenes-jovenes-adultos\\\/#primaryimage\",\"url\":\"https:\\\/\\\/kirche-wirkt.ch\\\/wp-content\\\/uploads\\\/2024\\\/12\\\/06_Kinder_Jugendliche_und_junge_Erwachsene.png\",\"contentUrl\":\"https:\\\/\\\/kirche-wirkt.ch\\\/wp-content\\\/uploads\\\/2024\\\/12\\\/06_Kinder_Jugendliche_und_junge_Erwachsene.png\",\"width\":1000,\"height\":1100},{\"@type\":\"BreadcrumbList\",\"@id\":\"https:\\\/\\\/kirche-wirkt.ch\\\/es\\\/ninos-jovenes-jovenes-adultos\\\/#breadcrumb\",\"itemListElement\":[{\"@type\":\"ListItem\",\"position\":1,\"name\":\"Startseite\",\"item\":\"https:\\\/\\\/kirche-wirkt.ch\\\/es\\\/\"},{\"@type\":\"ListItem\",\"position\":2,\"name\":\"Ni\u00f1os, j\u00f3venes, j\u00f3venes adultos\"}]},{\"@type\":\"WebSite\",\"@id\":\"https:\\\/\\\/kirche-wirkt.ch\\\/#website\",\"url\":\"https:\\\/\\\/kirche-wirkt.ch\\\/\",\"name\":\"Kirche Wirkt\",\"description\":\"\",\"potentialAction\":[{\"@type\":\"SearchAction\",\"target\":{\"@type\":\"EntryPoint\",\"urlTemplate\":\"https:\\\/\\\/kirche-wirkt.ch\\\/?s={search_term_string}\"},\"query-input\":{\"@type\":\"PropertyValueSpecification\",\"valueRequired\":true,\"valueName\":\"search_term_string\"}}],\"inLanguage\":\"es-ES\"}]}<\/script>\n<!-- \/ Yoast SEO plugin. -->","yoast_head_json":{"title":"Ni\u00f1os, j\u00f3venes, j\u00f3venes adultos - Kirche Wirkt","robots":{"index":"index","follow":"follow","max-snippet":"max-snippet:-1","max-image-preview":"max-image-preview:large","max-video-preview":"max-video-preview:-1"},"canonical":"https:\/\/kirche-wirkt.ch\/es\/ninos-jovenes-jovenes-adultos\/","og_locale":"es_ES","og_type":"article","og_title":"Ni\u00f1os, j\u00f3venes, j\u00f3venes adultos - Kirche Wirkt","og_url":"https:\/\/kirche-wirkt.ch\/es\/ninos-jovenes-jovenes-adultos\/","og_site_name":"Kirche Wirkt","article_modified_time":"2026-01-27T17:37:43+00:00","og_image":[{"width":1000,"height":1100,"url":"https:\/\/kirche-wirkt.ch\/wp-content\/uploads\/2024\/12\/06_Kinder_Jugendliche_und_junge_Erwachsene.png","type":"image\/png"}],"twitter_card":"summary_large_image","twitter_misc":{"Est. reading time":"2 minutes"},"schema":{"@context":"https:\/\/schema.org","@graph":[{"@type":"WebPage","@id":"https:\/\/kirche-wirkt.ch\/es\/ninos-jovenes-jovenes-adultos\/","url":"https:\/\/kirche-wirkt.ch\/es\/ninos-jovenes-jovenes-adultos\/","name":"Ni\u00f1os, j\u00f3venes, j\u00f3venes adultos - Kirche Wirkt","isPartOf":{"@id":"https:\/\/kirche-wirkt.ch\/#website"},"primaryImageOfPage":{"@id":"https:\/\/kirche-wirkt.ch\/es\/ninos-jovenes-jovenes-adultos\/#primaryimage"},"image":{"@id":"https:\/\/kirche-wirkt.ch\/es\/ninos-jovenes-jovenes-adultos\/#primaryimage"},"thumbnailUrl":"https:\/\/kirche-wirkt.ch\/wp-content\/uploads\/2024\/12\/06_Kinder_Jugendliche_und_junge_Erwachsene.png","datePublished":"2023-10-30T13:06:38+00:00","dateModified":"2026-01-27T17:37:43+00:00","breadcrumb":{"@id":"https:\/\/kirche-wirkt.ch\/es\/ninos-jovenes-jovenes-adultos\/#breadcrumb"},"inLanguage":"es-ES","potentialAction":[{"@type":"ReadAction","target":["https:\/\/kirche-wirkt.ch\/es\/ninos-jovenes-jovenes-adultos\/"]}]},{"@type":"ImageObject","inLanguage":"es-ES","@id":"https:\/\/kirche-wirkt.ch\/es\/ninos-jovenes-jovenes-adultos\/#primaryimage","url":"https:\/\/kirche-wirkt.ch\/wp-content\/uploads\/2024\/12\/06_Kinder_Jugendliche_und_junge_Erwachsene.png","contentUrl":"https:\/\/kirche-wirkt.ch\/wp-content\/uploads\/2024\/12\/06_Kinder_Jugendliche_und_junge_Erwachsene.png","width":1000,"height":1100},{"@type":"BreadcrumbList","@id":"https:\/\/kirche-wirkt.ch\/es\/ninos-jovenes-jovenes-adultos\/#breadcrumb","itemListElement":[{"@type":"ListItem","position":1,"name":"Startseite","item":"https:\/\/kirche-wirkt.ch\/es\/"},{"@type":"ListItem","position":2,"name":"Ni\u00f1os, j\u00f3venes, j\u00f3venes adultos"}]},{"@type":"WebSite","@id":"https:\/\/kirche-wirkt.ch\/#website","url":"https:\/\/kirche-wirkt.ch\/","name":"Kirche Wirkt","description":"","potentialAction":[{"@type":"SearchAction","target":{"@type":"EntryPoint","urlTemplate":"https:\/\/kirche-wirkt.ch\/?s={search_term_string}"},"query-input":{"@type":"PropertyValueSpecification","valueRequired":true,"valueName":"search_term_string"}}],"inLanguage":"es-ES"}]}},"_links":{"self":[{"href":"https:\/\/kirche-wirkt.ch\/es\/wp-json\/wp\/v2\/pages\/569","targetHints":{"allow":["GET"]}}],"collection":[{"href":"https:\/\/kirche-wirkt.ch\/es\/wp-json\/wp\/v2\/pages"}],"about":[{"href":"https:\/\/kirche-wirkt.ch\/es\/wp-json\/wp\/v2\/types\/page"}],"author":[{"embeddable":true,"href":"https:\/\/kirche-wirkt.ch\/es\/wp-json\/wp\/v2\/users\/1"}],"replies":[{"embeddable":true,"href":"https:\/\/kirche-wirkt.ch\/es\/wp-json\/wp\/v2\/comments?post=569"}],"version-history":[{"count":6,"href":"https:\/\/kirche-wirkt.ch\/es\/wp-json\/wp\/v2\/pages\/569\/revisions"}],"predecessor-version":[{"id":1570,"href":"https:\/\/kirche-wirkt.ch\/es\/wp-json\/wp\/v2\/pages\/569\/revisions\/1570"}],"wp:featuredmedia":[{"embeddable":true,"href":"https:\/\/kirche-wirkt.ch\/es\/wp-json\/wp\/v2\/media\/1053"}],"wp:attachment":[{"href":"https:\/\/kirche-wirkt.ch\/es\/wp-json\/wp\/v2\/media?parent=569"}],"curies":[{"name":"wp","href":"https:\/\/api.w.org\/{rel}","templated":true}]}}