{"id":573,"date":"2023-10-30T14:02:20","date_gmt":"2023-10-30T13:02:20","guid":{"rendered":"https:\/\/www.kirchensteuerwirkt.ch\/sociales-y-solidaridad\/"},"modified":"2026-02-03T10:27:29","modified_gmt":"2026-02-03T09:27:29","slug":"sociales-y-solidaridad","status":"publish","type":"page","link":"https:\/\/kirche-wirkt.ch\/es\/sociales-y-solidaridad\/","title":{"rendered":"Sociales y solidaridad"},"content":{"rendered":"\n<div    class=\"accordion color-lilac\">\n  <div class=\"container-xxl\">\n    <div class=\"col-lg-10 offset-lg-2\">\n      <div class=\"accordion-header\">\n        <h2 class=\"accordion-header-title\">960\u2019331 horas de trabajo<\/h2>\n        <button class=\"accordion-header-button\" type=\"button\" aria-label=\"Toggle accordion\"><\/button>\n      <\/div>\n      <div class=\"col-md-10\">\n        <div class=\"accordion-inner\">\n          <div class=\"acf-innerblocks-container\">\n\n<p>dedican voluntarios en parroquias, misiones y asociaciones de la Iglesia. Muchas actividades son impensables de realizar sin estos voluntarios. Hay muchas buenas razones para ser voluntario y aportar un esfuerzo que brinda significado a la vida. Debido a que este compromiso es muy importante para nosotros, alentamos y apoyamos el voluntariado. \u00bfInteresado?, p\u00f3ngase en contacto con una <a href=\"https:\/\/www.zhkath.ch\/ueber-uns\/pfarreien\" target=\"_blank\" rel=\"noreferrer noopener\">parroquia<\/a>, <a href=\"https:\/\/www.caritas-zuerich.ch\/aktiv-werden\/freiwilliges-engagement-fuer-menschen-im-kanton-zuerich\" target=\"_blank\" rel=\"noreferrer noopener\">Caritas Z\u00fcrich<\/a>, la <a href=\"https:\/\/www.bahnhofkirche.ch\" target=\"_blank\" rel=\"noreferrer noopener\">Bahnhofkirche<\/a>, la <a href=\"https:\/\/www.flughafenkirche.ch\/\" target=\"_blank\" rel=\"noreferrer noopener\">Flughafenkirche<\/a> o el <a href=\"https:\/\/www.hiv-aidsseelsorge.ch\/\" target=\"_blank\" rel=\"noreferrer noopener\">Servicio de asesoramiento sobre VIH \/ SIDA<\/a>.<\/p>\n\n\n\n<p><\/p>\n\n<\/div>\n        <\/div>\n      <\/div>\n    <\/div>\n  <\/div>\n<\/div>\n\n\n\n<div    class=\"accordion\">\n  <div class=\"container-xxl\">\n    <div class=\"col-lg-10 offset-lg-2\">\n      <div class=\"accordion-header\">\n        <h2 class=\"accordion-header-title\">53,2 millones de francos<\/h2>\n        <button class=\"accordion-header-button\" type=\"button\" aria-label=\"Toggle accordion\"><\/button>\n      <\/div>\n      <div class=\"col-md-10\">\n        <div class=\"accordion-inner\">\n          <div class=\"acf-innerblocks-container\">\n\n<p>Las 74 parroquias cat\u00f3licas del cant\u00f3n de Z\u00farich invirtieron 32,2 millones de francos en su compromiso social-diaconal en 2023, mientras que la Iglesia cantonal invirti\u00f3 otros 21 millones. Es decir, un total de 53,2 millones. Esto no incluye las colectas voluntarias que se realizan en cada oficio religioso para los m\u00e1s diversos proyectos. Nuestra organizaci\u00f3n social m\u00e1s importante es C\u00e1ritas Z\u00farich. La iglesia cantonal hace una aportaci\u00f3n anual de 2,5 millones de francos a esta organizaci\u00f3n. Otros destinatarios importantes de fondos eclesi\u00e1sticos son <a href=\"https:\/\/www.143.ch\/\" target=\"_blank\" rel=\"noreferrer noopener\">Dargebotene Hand<\/a>, el <a href=\"https:\/\/paarberatung-mediation.ch\/\" target=\"_blank\" rel=\"noreferrer noopener\">asesoramiento ecum\u00e9nico de parejas<\/a>, el <a href=\"https:\/\/kabel-berufslehre.ch\/angebote\/index.html\" target=\"_blank\" rel=\"noreferrer noopener\">centro ecum\u00e9nico de la pastoral para aprendices \u00abkabel\u00bb<\/a>, el <a href=\"https:\/\/www.dfa.ch\/\" target=\"_blank\" rel=\"noreferrer noopener\">centro especializado en desempleo DfA<\/a>, el <a href=\"https:\/\/www.zbasyl.ch\/\" target=\"_blank\" rel=\"noreferrer noopener\">centro de asesoramiento para solicitantes de asilo<\/a>, <a href=\"https:\/\/www.solidara.ch\/\" target=\"_blank\" rel=\"noreferrer noopener\">Solidara<\/a> con el Caf\u00e9 Yucca para necesitados y los centros de asesoramiento para trabajadoras del sexo Isla Victoria en Z\u00farich y Winterthur, <a href=\"https:\/\/profilia-zuerich.ch\/\" target=\"_blank\" rel=\"noreferrer noopener\">Pro Filia<\/a>, el <a href=\"https:\/\/www.fiz-info.ch\/de\/Willkommen\" target=\"_blank\" rel=\"noreferrer noopener\">centro especializado en trata de mujeres y migraci\u00f3n femenina FIZ<\/a>, el centro especializado para refugiados y numerosas iniciativas y organizaciones m\u00e1s peque\u00f1as. La Iglesia cantonal tambi\u00e9n realiza regularmente aportaciones de ayuda de emergencia a la organizaci\u00f3n internacional de <a href=\"https:\/\/jesuiten-weltweit.ch\/christsein-in-zeiten-des-krieges\/\" target=\"_blank\" rel=\"noreferrer noopener\">ayuda a los refugiados de la Orden de los Jesuitas<\/a>, a los proyectos de ayuda de emergencia de <a href=\"https:\/\/www.caritas.ch\/de\/\" target=\"_blank\" rel=\"noreferrer noopener\">Caritas Suiza<\/a> y a otras organizaciones de ayuda que presentan solicitudes a la Iglesia. Muchos de los centros sociales y de asesoramiento mencionados anteriormente se gestionan conjuntamente con la Iglesia Reformada. En 2023, ambas iglesias crearon el <a href=\"https:\/\/www.extramural.ch\/wp\/startseite\/\" target=\"_blank\" rel=\"noreferrer noopener\">centro de asesoramiento Extramural<\/a>, que presta apoyo a los familiares de los reclusos.        <\/p>\n\n<\/div>\n        <\/div>\n      <\/div>\n    <\/div>\n  <\/div>\n<\/div>\n\n\n\n<div    class=\"accordion color-lilac\">\n  <div class=\"container-xxl\">\n    <div class=\"col-lg-10 offset-lg-2\">\n      <div class=\"accordion-header\">\n        <h2 class=\"accordion-header-title\">51 trabajadores sociales en las parroquias<\/h2>\n        <button class=\"accordion-header-button\" type=\"button\" aria-label=\"Toggle accordion\"><\/button>\n      <\/div>\n      <div class=\"col-md-10\">\n        <div class=\"accordion-inner\">\n          <div class=\"acf-innerblocks-container\">\n\n<p>tienen un o\u00eddo abierto para las personas necesitadas y brindar ayuda espec\u00edfica. Asesoran sobre problemas personales, familiares y financieros. Brindan apoyo en asuntos administrativos y organizan ofertas para personas de la tercera edad, dolientes, migrantes, personas marginadas y familias. Las ofertas son de bajo umbral, gratuitas y confidenciales. Los trabajadores sociales son apoyados por una agencia especializada.<br><br><a href=\"https:\/\/www.pfasoz.ch\/index.cfm\" target=\"_blank\" rel=\"noreferrer noopener\">Trabajo social parroquial<\/a><\/p>\n\n<\/div>\n        <\/div>\n      <\/div>\n    <\/div>\n  <\/div>\n<\/div>\n\n\n\n<p><\/p>\n","protected":false},"excerpt":{"rendered":"","protected":false},"author":1,"featured_media":1033,"parent":0,"menu_order":0,"comment_status":"closed","ping_status":"closed","template":"","meta":{"_acf_changed":false,"inline_featured_image":false,"footnotes":""},"class_list":["post-573","page","type-page","status-publish","has-post-thumbnail","hentry"],"acf":[],"yoast_head":"<!-- This site is optimized with the Yoast SEO plugin v27.3 - https:\/\/yoast.com\/product\/yoast-seo-wordpress\/ -->\n<title>Sociales y solidaridad - Kirche Wirkt<\/title>\n<meta name=\"robots\" content=\"index, follow, max-snippet:-1, max-image-preview:large, max-video-preview:-1\" \/>\n<link rel=\"canonical\" href=\"https:\/\/kirche-wirkt.ch\/es\/sociales-y-solidaridad\/\" \/>\n<meta property=\"og:locale\" content=\"es_ES\" \/>\n<meta property=\"og:type\" content=\"article\" \/>\n<meta property=\"og:title\" content=\"Sociales y solidaridad - Kirche Wirkt\" \/>\n<meta property=\"og:url\" content=\"https:\/\/kirche-wirkt.ch\/es\/sociales-y-solidaridad\/\" \/>\n<meta property=\"og:site_name\" content=\"Kirche Wirkt\" \/>\n<meta property=\"article:modified_time\" content=\"2026-02-03T09:27:29+00:00\" \/>\n<meta property=\"og:image\" content=\"https:\/\/kirche-wirkt.ch\/wp-content\/uploads\/2024\/12\/01_Soziales_und_Solidaritaet.png\" \/>\n\t<meta property=\"og:image:width\" content=\"1000\" \/>\n\t<meta property=\"og:image:height\" content=\"1100\" \/>\n\t<meta property=\"og:image:type\" content=\"image\/png\" \/>\n<meta name=\"twitter:card\" content=\"summary_large_image\" \/>\n<meta name=\"twitter:label1\" content=\"Est. reading time\" \/>\n\t<meta name=\"twitter:data1\" content=\"3 minutes\" \/>\n<script type=\"application\/ld+json\" class=\"yoast-schema-graph\">{\"@context\":\"https:\\\/\\\/schema.org\",\"@graph\":[{\"@type\":\"WebPage\",\"@id\":\"https:\\\/\\\/kirche-wirkt.ch\\\/es\\\/sociales-y-solidaridad\\\/\",\"url\":\"https:\\\/\\\/kirche-wirkt.ch\\\/es\\\/sociales-y-solidaridad\\\/\",\"name\":\"Sociales y solidaridad - Kirche Wirkt\",\"isPartOf\":{\"@id\":\"https:\\\/\\\/kirche-wirkt.ch\\\/#website\"},\"primaryImageOfPage\":{\"@id\":\"https:\\\/\\\/kirche-wirkt.ch\\\/es\\\/sociales-y-solidaridad\\\/#primaryimage\"},\"image\":{\"@id\":\"https:\\\/\\\/kirche-wirkt.ch\\\/es\\\/sociales-y-solidaridad\\\/#primaryimage\"},\"thumbnailUrl\":\"https:\\\/\\\/kirche-wirkt.ch\\\/wp-content\\\/uploads\\\/2024\\\/12\\\/01_Soziales_und_Solidaritaet.png\",\"datePublished\":\"2023-10-30T13:02:20+00:00\",\"dateModified\":\"2026-02-03T09:27:29+00:00\",\"breadcrumb\":{\"@id\":\"https:\\\/\\\/kirche-wirkt.ch\\\/es\\\/sociales-y-solidaridad\\\/#breadcrumb\"},\"inLanguage\":\"es-ES\",\"potentialAction\":[{\"@type\":\"ReadAction\",\"target\":[\"https:\\\/\\\/kirche-wirkt.ch\\\/es\\\/sociales-y-solidaridad\\\/\"]}]},{\"@type\":\"ImageObject\",\"inLanguage\":\"es-ES\",\"@id\":\"https:\\\/\\\/kirche-wirkt.ch\\\/es\\\/sociales-y-solidaridad\\\/#primaryimage\",\"url\":\"https:\\\/\\\/kirche-wirkt.ch\\\/wp-content\\\/uploads\\\/2024\\\/12\\\/01_Soziales_und_Solidaritaet.png\",\"contentUrl\":\"https:\\\/\\\/kirche-wirkt.ch\\\/wp-content\\\/uploads\\\/2024\\\/12\\\/01_Soziales_und_Solidaritaet.png\",\"width\":1000,\"height\":1100},{\"@type\":\"BreadcrumbList\",\"@id\":\"https:\\\/\\\/kirche-wirkt.ch\\\/es\\\/sociales-y-solidaridad\\\/#breadcrumb\",\"itemListElement\":[{\"@type\":\"ListItem\",\"position\":1,\"name\":\"Startseite\",\"item\":\"https:\\\/\\\/kirche-wirkt.ch\\\/es\\\/\"},{\"@type\":\"ListItem\",\"position\":2,\"name\":\"Sociales y solidaridad\"}]},{\"@type\":\"WebSite\",\"@id\":\"https:\\\/\\\/kirche-wirkt.ch\\\/#website\",\"url\":\"https:\\\/\\\/kirche-wirkt.ch\\\/\",\"name\":\"Kirche Wirkt\",\"description\":\"\",\"potentialAction\":[{\"@type\":\"SearchAction\",\"target\":{\"@type\":\"EntryPoint\",\"urlTemplate\":\"https:\\\/\\\/kirche-wirkt.ch\\\/?s={search_term_string}\"},\"query-input\":{\"@type\":\"PropertyValueSpecification\",\"valueRequired\":true,\"valueName\":\"search_term_string\"}}],\"inLanguage\":\"es-ES\"}]}<\/script>\n<!-- \/ Yoast SEO plugin. -->","yoast_head_json":{"title":"Sociales y solidaridad - Kirche Wirkt","robots":{"index":"index","follow":"follow","max-snippet":"max-snippet:-1","max-image-preview":"max-image-preview:large","max-video-preview":"max-video-preview:-1"},"canonical":"https:\/\/kirche-wirkt.ch\/es\/sociales-y-solidaridad\/","og_locale":"es_ES","og_type":"article","og_title":"Sociales y solidaridad - Kirche Wirkt","og_url":"https:\/\/kirche-wirkt.ch\/es\/sociales-y-solidaridad\/","og_site_name":"Kirche Wirkt","article_modified_time":"2026-02-03T09:27:29+00:00","og_image":[{"width":1000,"height":1100,"url":"https:\/\/kirche-wirkt.ch\/wp-content\/uploads\/2024\/12\/01_Soziales_und_Solidaritaet.png","type":"image\/png"}],"twitter_card":"summary_large_image","twitter_misc":{"Est. reading time":"3 minutes"},"schema":{"@context":"https:\/\/schema.org","@graph":[{"@type":"WebPage","@id":"https:\/\/kirche-wirkt.ch\/es\/sociales-y-solidaridad\/","url":"https:\/\/kirche-wirkt.ch\/es\/sociales-y-solidaridad\/","name":"Sociales y solidaridad - Kirche Wirkt","isPartOf":{"@id":"https:\/\/kirche-wirkt.ch\/#website"},"primaryImageOfPage":{"@id":"https:\/\/kirche-wirkt.ch\/es\/sociales-y-solidaridad\/#primaryimage"},"image":{"@id":"https:\/\/kirche-wirkt.ch\/es\/sociales-y-solidaridad\/#primaryimage"},"thumbnailUrl":"https:\/\/kirche-wirkt.ch\/wp-content\/uploads\/2024\/12\/01_Soziales_und_Solidaritaet.png","datePublished":"2023-10-30T13:02:20+00:00","dateModified":"2026-02-03T09:27:29+00:00","breadcrumb":{"@id":"https:\/\/kirche-wirkt.ch\/es\/sociales-y-solidaridad\/#breadcrumb"},"inLanguage":"es-ES","potentialAction":[{"@type":"ReadAction","target":["https:\/\/kirche-wirkt.ch\/es\/sociales-y-solidaridad\/"]}]},{"@type":"ImageObject","inLanguage":"es-ES","@id":"https:\/\/kirche-wirkt.ch\/es\/sociales-y-solidaridad\/#primaryimage","url":"https:\/\/kirche-wirkt.ch\/wp-content\/uploads\/2024\/12\/01_Soziales_und_Solidaritaet.png","contentUrl":"https:\/\/kirche-wirkt.ch\/wp-content\/uploads\/2024\/12\/01_Soziales_und_Solidaritaet.png","width":1000,"height":1100},{"@type":"BreadcrumbList","@id":"https:\/\/kirche-wirkt.ch\/es\/sociales-y-solidaridad\/#breadcrumb","itemListElement":[{"@type":"ListItem","position":1,"name":"Startseite","item":"https:\/\/kirche-wirkt.ch\/es\/"},{"@type":"ListItem","position":2,"name":"Sociales y solidaridad"}]},{"@type":"WebSite","@id":"https:\/\/kirche-wirkt.ch\/#website","url":"https:\/\/kirche-wirkt.ch\/","name":"Kirche Wirkt","description":"","potentialAction":[{"@type":"SearchAction","target":{"@type":"EntryPoint","urlTemplate":"https:\/\/kirche-wirkt.ch\/?s={search_term_string}"},"query-input":{"@type":"PropertyValueSpecification","valueRequired":true,"valueName":"search_term_string"}}],"inLanguage":"es-ES"}]}},"_links":{"self":[{"href":"https:\/\/kirche-wirkt.ch\/es\/wp-json\/wp\/v2\/pages\/573","targetHints":{"allow":["GET"]}}],"collection":[{"href":"https:\/\/kirche-wirkt.ch\/es\/wp-json\/wp\/v2\/pages"}],"about":[{"href":"https:\/\/kirche-wirkt.ch\/es\/wp-json\/wp\/v2\/types\/page"}],"author":[{"embeddable":true,"href":"https:\/\/kirche-wirkt.ch\/es\/wp-json\/wp\/v2\/users\/1"}],"replies":[{"embeddable":true,"href":"https:\/\/kirche-wirkt.ch\/es\/wp-json\/wp\/v2\/comments?post=573"}],"version-history":[{"count":5,"href":"https:\/\/kirche-wirkt.ch\/es\/wp-json\/wp\/v2\/pages\/573\/revisions"}],"predecessor-version":[{"id":1687,"href":"https:\/\/kirche-wirkt.ch\/es\/wp-json\/wp\/v2\/pages\/573\/revisions\/1687"}],"wp:featuredmedia":[{"embeddable":true,"href":"https:\/\/kirche-wirkt.ch\/es\/wp-json\/wp\/v2\/media\/1033"}],"wp:attachment":[{"href":"https:\/\/kirche-wirkt.ch\/es\/wp-json\/wp\/v2\/media?parent=573"}],"curies":[{"name":"wp","href":"https:\/\/api.w.org\/{rel}","templated":true}]}}