{"id":759,"date":"2023-10-27T13:54:42","date_gmt":"2023-10-27T11:54:42","guid":{"rendered":"https:\/\/www.kirchensteuerwirkt.ch\/impressum\/"},"modified":"2026-01-27T16:05:29","modified_gmt":"2026-01-27T15:05:29","slug":"impressum","status":"publish","type":"page","link":"https:\/\/kirche-wirkt.ch\/es\/impressum\/","title":{"rendered":"Impressum"},"content":{"rendered":"&#13;\n<h3 class=\"wp-block-heading\">Copyright<\/h3>&#13;\n&#13;\n<p>Los derechos de autor de todas las ilustraciones y diagramas pertenecen a art.I.schock GmbH. Los derechos de autor de todos los dem\u00e1s contenidos de este sitio web pertenecen a la Iglesia Cat\u00f3lica del Cant\u00f3n de Z\u00farich. Los derechos de autor y todos los dem\u00e1s derechos sobre los contenidos, im\u00e1genes, fotograf\u00edas u otros archivos del sitio web pertenecen exclusivamente a la Iglesia Cat\u00f3lica del Cant\u00f3n de Z\u00farich o a los titulares de los derechos espec\u00edficamente mencionados. Para la reproducci\u00f3n de cualquier elemento deber\u00e1 obtenerse previamente el consentimiento por escrito de los titulares de los derechos de autor.<\/p>&#13;\n&#13;\n<h3 class=\"wp-block-heading\">Exenci\u00f3n de responsabilidad<\/h3>&#13;\n&#13;\n<p>El autor no asume ninguna responsabilidad por la correcci\u00f3n, exactitud, actualidad, fiabilidad e integridad de la informaci\u00f3n proporcionada.<br\/>Quedan excluidas las reclamaciones de responsabilidad contra el autor por da\u00f1os de car\u00e1cter material o inmaterial derivados del acceso a la informaci\u00f3n publicada, de su uso o no uso, del mal uso de la conexi\u00f3n o de fallos t\u00e9cnicos.<br\/>Todas las ofertas son sin compromiso. El autor se reserva expresamente el derecho a modificar, completar o eliminar partes de las p\u00e1ginas o la oferta completa sin previo aviso o a suspender la publicaci\u00f3n temporal o definitivamente.<\/p>&#13;\n&#13;\n<h3 class=\"wp-block-heading\">Responsabilidad de los enlaces<\/h3>&#13;\n&#13;\n<p>Las referencias y enlaces a sitios web de terceros est\u00e1n fuera de nuestro \u00e1mbito de responsabilidad. Se rechaza cualquier responsabilidad sobre dichos sitios web. El acceso y la utilizaci\u00f3n de dichos sitios web corren por cuenta y riesgo del usuario.<\/p>&#13;\n","protected":false},"excerpt":{"rendered":"<p>&#13; Copyright &#13; &#13; Los derechos de autor de todas las ilustraciones y diagramas pertenecen a art.I.schock GmbH. Los derechos de autor de todos los dem\u00e1s contenidos de este sitio web pertenecen a la Iglesia Cat\u00f3lica del Cant\u00f3n de Z\u00farich. Los derechos de autor y todos los dem\u00e1s derechos sobre los contenidos, im\u00e1genes, fotograf\u00edas u [&hellip;]<\/p>\n","protected":false},"author":1,"featured_media":0,"parent":0,"menu_order":0,"comment_status":"closed","ping_status":"closed","template":"finances.php","meta":{"_acf_changed":false,"inline_featured_image":false,"footnotes":""},"class_list":["post-759","page","type-page","status-publish","hentry"],"acf":[],"yoast_head":"<!-- This site is optimized with the Yoast SEO plugin v27.3 - https:\/\/yoast.com\/product\/yoast-seo-wordpress\/ -->\n<title>Impressum - Kirche Wirkt<\/title>\n<meta name=\"robots\" content=\"index, follow, max-snippet:-1, max-image-preview:large, max-video-preview:-1\" \/>\n<link rel=\"canonical\" href=\"https:\/\/kirche-wirkt.ch\/es\/impressum\/\" \/>\n<meta property=\"og:locale\" content=\"es_ES\" \/>\n<meta property=\"og:type\" content=\"article\" \/>\n<meta property=\"og:title\" content=\"Impressum - Kirche Wirkt\" \/>\n<meta property=\"og:description\" content=\"&#013; Copyright &#013; &#013; Los derechos de autor de todas las ilustraciones y diagramas pertenecen a art.I.schock GmbH. Los derechos de autor de todos los dem\u00e1s contenidos de este sitio web pertenecen a la Iglesia Cat\u00f3lica del Cant\u00f3n de Z\u00farich. Los derechos de autor y todos los dem\u00e1s derechos sobre los contenidos, im\u00e1genes, fotograf\u00edas u [&hellip;]\" \/>\n<meta property=\"og:url\" content=\"https:\/\/kirche-wirkt.ch\/es\/impressum\/\" \/>\n<meta property=\"og:site_name\" content=\"Kirche Wirkt\" \/>\n<meta property=\"article:modified_time\" content=\"2026-01-27T15:05:29+00:00\" \/>\n<meta name=\"twitter:card\" content=\"summary_large_image\" \/>\n<meta name=\"twitter:label1\" content=\"Est. reading time\" \/>\n\t<meta name=\"twitter:data1\" content=\"1 minute\" \/>\n<script type=\"application\/ld+json\" class=\"yoast-schema-graph\">{\"@context\":\"https:\\\/\\\/schema.org\",\"@graph\":[{\"@type\":\"WebPage\",\"@id\":\"https:\\\/\\\/kirche-wirkt.ch\\\/es\\\/impressum\\\/\",\"url\":\"https:\\\/\\\/kirche-wirkt.ch\\\/es\\\/impressum\\\/\",\"name\":\"Impressum - Kirche Wirkt\",\"isPartOf\":{\"@id\":\"https:\\\/\\\/kirche-wirkt.ch\\\/#website\"},\"datePublished\":\"2023-10-27T11:54:42+00:00\",\"dateModified\":\"2026-01-27T15:05:29+00:00\",\"breadcrumb\":{\"@id\":\"https:\\\/\\\/kirche-wirkt.ch\\\/es\\\/impressum\\\/#breadcrumb\"},\"inLanguage\":\"es-ES\",\"potentialAction\":[{\"@type\":\"ReadAction\",\"target\":[\"https:\\\/\\\/kirche-wirkt.ch\\\/es\\\/impressum\\\/\"]}]},{\"@type\":\"BreadcrumbList\",\"@id\":\"https:\\\/\\\/kirche-wirkt.ch\\\/es\\\/impressum\\\/#breadcrumb\",\"itemListElement\":[{\"@type\":\"ListItem\",\"position\":1,\"name\":\"Startseite\",\"item\":\"https:\\\/\\\/kirche-wirkt.ch\\\/es\\\/\"},{\"@type\":\"ListItem\",\"position\":2,\"name\":\"Impressum\"}]},{\"@type\":\"WebSite\",\"@id\":\"https:\\\/\\\/kirche-wirkt.ch\\\/#website\",\"url\":\"https:\\\/\\\/kirche-wirkt.ch\\\/\",\"name\":\"Kirche Wirkt\",\"description\":\"\",\"potentialAction\":[{\"@type\":\"SearchAction\",\"target\":{\"@type\":\"EntryPoint\",\"urlTemplate\":\"https:\\\/\\\/kirche-wirkt.ch\\\/?s={search_term_string}\"},\"query-input\":{\"@type\":\"PropertyValueSpecification\",\"valueRequired\":true,\"valueName\":\"search_term_string\"}}],\"inLanguage\":\"es-ES\"}]}<\/script>\n<!-- \/ Yoast SEO plugin. -->","yoast_head_json":{"title":"Impressum - Kirche Wirkt","robots":{"index":"index","follow":"follow","max-snippet":"max-snippet:-1","max-image-preview":"max-image-preview:large","max-video-preview":"max-video-preview:-1"},"canonical":"https:\/\/kirche-wirkt.ch\/es\/impressum\/","og_locale":"es_ES","og_type":"article","og_title":"Impressum - Kirche Wirkt","og_description":"&#13; Copyright &#13; &#13; Los derechos de autor de todas las ilustraciones y diagramas pertenecen a art.I.schock GmbH. Los derechos de autor de todos los dem\u00e1s contenidos de este sitio web pertenecen a la Iglesia Cat\u00f3lica del Cant\u00f3n de Z\u00farich. Los derechos de autor y todos los dem\u00e1s derechos sobre los contenidos, im\u00e1genes, fotograf\u00edas u [&hellip;]","og_url":"https:\/\/kirche-wirkt.ch\/es\/impressum\/","og_site_name":"Kirche Wirkt","article_modified_time":"2026-01-27T15:05:29+00:00","twitter_card":"summary_large_image","twitter_misc":{"Est. reading time":"1 minute"},"schema":{"@context":"https:\/\/schema.org","@graph":[{"@type":"WebPage","@id":"https:\/\/kirche-wirkt.ch\/es\/impressum\/","url":"https:\/\/kirche-wirkt.ch\/es\/impressum\/","name":"Impressum - Kirche Wirkt","isPartOf":{"@id":"https:\/\/kirche-wirkt.ch\/#website"},"datePublished":"2023-10-27T11:54:42+00:00","dateModified":"2026-01-27T15:05:29+00:00","breadcrumb":{"@id":"https:\/\/kirche-wirkt.ch\/es\/impressum\/#breadcrumb"},"inLanguage":"es-ES","potentialAction":[{"@type":"ReadAction","target":["https:\/\/kirche-wirkt.ch\/es\/impressum\/"]}]},{"@type":"BreadcrumbList","@id":"https:\/\/kirche-wirkt.ch\/es\/impressum\/#breadcrumb","itemListElement":[{"@type":"ListItem","position":1,"name":"Startseite","item":"https:\/\/kirche-wirkt.ch\/es\/"},{"@type":"ListItem","position":2,"name":"Impressum"}]},{"@type":"WebSite","@id":"https:\/\/kirche-wirkt.ch\/#website","url":"https:\/\/kirche-wirkt.ch\/","name":"Kirche Wirkt","description":"","potentialAction":[{"@type":"SearchAction","target":{"@type":"EntryPoint","urlTemplate":"https:\/\/kirche-wirkt.ch\/?s={search_term_string}"},"query-input":{"@type":"PropertyValueSpecification","valueRequired":true,"valueName":"search_term_string"}}],"inLanguage":"es-ES"}]}},"_links":{"self":[{"href":"https:\/\/kirche-wirkt.ch\/es\/wp-json\/wp\/v2\/pages\/759","targetHints":{"allow":["GET"]}}],"collection":[{"href":"https:\/\/kirche-wirkt.ch\/es\/wp-json\/wp\/v2\/pages"}],"about":[{"href":"https:\/\/kirche-wirkt.ch\/es\/wp-json\/wp\/v2\/types\/page"}],"author":[{"embeddable":true,"href":"https:\/\/kirche-wirkt.ch\/es\/wp-json\/wp\/v2\/users\/1"}],"replies":[{"embeddable":true,"href":"https:\/\/kirche-wirkt.ch\/es\/wp-json\/wp\/v2\/comments?post=759"}],"version-history":[{"count":1,"href":"https:\/\/kirche-wirkt.ch\/es\/wp-json\/wp\/v2\/pages\/759\/revisions"}],"predecessor-version":[{"id":760,"href":"https:\/\/kirche-wirkt.ch\/es\/wp-json\/wp\/v2\/pages\/759\/revisions\/760"}],"wp:attachment":[{"href":"https:\/\/kirche-wirkt.ch\/es\/wp-json\/wp\/v2\/media?parent=759"}],"curies":[{"name":"wp","href":"https:\/\/api.w.org\/{rel}","templated":true}]}}