{"id":530,"date":"2023-10-30T14:06:38","date_gmt":"2023-10-30T13:06:38","guid":{"rendered":"https:\/\/www.kirchensteuerwirkt.ch\/bambini-giovani-giovani-adulti\/"},"modified":"2026-01-27T18:43:53","modified_gmt":"2026-01-27T17:43:53","slug":"bambini-giovani-giovani-adulti","status":"publish","type":"page","link":"https:\/\/kirche-wirkt.ch\/it\/bambini-giovani-giovani-adulti\/","title":{"rendered":"Bambini, giovani, giovani adulti"},"content":{"rendered":"\n<div    class=\"accordion color-lilac\">\n  <div class=\"container-xxl\">\n    <div class=\"col-lg-10 offset-lg-2\">\n      <div class=\"accordion-header\">\n        <h2 class=\"accordion-header-title\">4186 bambini, giovani e leader<\/h2>\n        <button class=\"accordion-header-button\" type=\"button\" aria-label=\"Toggle accordion\"><\/button>\n      <\/div>\n      <div class=\"col-md-10\">\n        <div class=\"accordion-inner\">\n          <div class=\"acf-innerblocks-container\">\n\n<p>si riuniscono regolarmente in 43 gruppi Jungwacht Blauring e Pfadi. Rund ein Viertel von ihnen, Jugendliche und junge Erwachsene, leiten ehrenamtlich die regelm\u00e4ssigen JuBla- und Pfadi-Aktivit\u00e4ten: zelten, am Lagerfeuer sitzen, Abenteuer erleben und gemeinsam Verantwortung \u00fcbernehmen. Willkommen sind alle, unabh\u00e4ngig von Herkunft oder Religion. Jungwacht und Blauring werden dank Ihrer Kirchensteuer finanziell unterst\u00fctzt.<br><br><a href=\"https:\/\/www.jublazueri.ch\/\" target=\"_blank\" rel=\"noreferrer noopener\">Alles \u00fcber Jungwacht Blauring<\/a><\/p>\n\n<\/div>\n        <\/div>\n      <\/div>\n    <\/div>\n  <\/div>\n<\/div>\n\n\n\n<div    class=\"accordion\">\n  <div class=\"container-xxl\">\n    <div class=\"col-lg-10 offset-lg-2\">\n      <div class=\"accordion-header\">\n        <h2 class=\"accordion-header-title\">3324 riunioni consultive<\/h2>\n        <button class=\"accordion-header-button\" type=\"button\" aria-label=\"Toggle accordion\"><\/button>\n      <\/div>\n      <div class=\"col-md-10\">\n        <div class=\"accordion-inner\">\n          <div class=\"acf-innerblocks-container\">\n\n<p>sono state fornite nel 2024\/25 dalla cura pastorale ecumenica delle chiese per gli studenti \u00abkabel\u00bb. In particolare, consiglia i discenti e coloro che abbandonano l\u2019apprendistato, ma si rivolge anche a genitori, istruttori, assistenti e insegnanti. Il servizio specializzato \u00e8 presente in sette sedi del cantone e lavora con i discenti per trovare soluzioni in situazioni difficili. A Dietikon, Wetzikon e Winterthur <a href=\"https:\/\/kabel-berufslehre.ch\/angebote\/index.html\" target=\"_blank\" rel=\"noreferrer noopener\">\u00abkabel\u00bb<\/a> fa parte delle offerte statali.<br>L&#8217;ufficio di pastorale giovanile, composto da 9 persone, sviluppa i principi di base e i sussidi per il lavoro con i giovani nelle parrocchie. Si interessa dei giovani e dei giovani adulti nella chiesa e nella societ\u00e0 e si considera un portavoce politico del mondo giovanile. In quanto ufficio specializzato, offre consulenza e sostegno nei quattro settori specialistici della cresima, della pastorale per i chierichetti, della pastorale giovanile e della spiritualit\u00e0.<br><br><a href=\"https:\/\/jugendseelsorge.ch\/\" target=\"_blank\" rel=\"noreferrer noopener\">jugendseelsorge.ch<\/a><\/p>\n\n<\/div>\n        <\/div>\n      <\/div>\n    <\/div>\n  <\/div>\n<\/div>\n\n\n\n<div    class=\"accordion color-lilac\">\n  <div class=\"container-xxl\">\n    <div class=\"col-lg-10 offset-lg-2\">\n      <div class=\"accordion-header\">\n        <h2 class=\"accordion-header-title\">316 eventi<\/h2>\n        <button class=\"accordion-header-button\" type=\"button\" aria-label=\"Toggle accordion\"><\/button>\n      <\/div>\n      <div class=\"col-md-10\">\n        <div class=\"accordion-inner\">\n          <div class=\"acf-innerblocks-container\">\n\n<p>si sono svolti presso lo \u00abjenseits im Viadukt\u00bb nel 2022. In questo luogo speciale nel centro di Zurigo, le offerte per i giovani della Chiesa sono piacevolmente diversi dal solito. Tutto ci\u00f2 che accade negli archi 11 e 12 a Zurigo ovest tratta i tre temi principali cultura, sostenibilit\u00e0 e spiritualit\u00e0: dalle conferenze e dai colloqui alla liturgia, dai concerti e dagli spettacoli teatrali alle meditazioni. Un luogo di incontro per tutti \u2013 indipendentemente dall\u2019origine o dalla religione.<br><br><a href=\"https:\/\/jenseitsimviadukt.ch\/\" target=\"_blank\" rel=\"noreferrer noopener\">jenseits im Viadukt<\/a><\/p>\n\n<\/div>\n        <\/div>\n      <\/div>\n    <\/div>\n  <\/div>\n<\/div>\n","protected":false},"excerpt":{"rendered":"","protected":false},"author":1,"featured_media":1052,"parent":0,"menu_order":0,"comment_status":"closed","ping_status":"closed","template":"","meta":{"_acf_changed":false,"inline_featured_image":false,"footnotes":""},"class_list":["post-530","page","type-page","status-publish","has-post-thumbnail","hentry"],"acf":[],"yoast_head":"<!-- This site is optimized with the Yoast SEO plugin v27.3 - https:\/\/yoast.com\/product\/yoast-seo-wordpress\/ -->\n<title>Bambini, giovani, giovani adulti - Kirche Wirkt<\/title>\n<meta name=\"robots\" content=\"index, follow, max-snippet:-1, max-image-preview:large, max-video-preview:-1\" \/>\n<link rel=\"canonical\" href=\"https:\/\/kirche-wirkt.ch\/it\/bambini-giovani-giovani-adulti\/\" \/>\n<meta property=\"og:locale\" content=\"it_IT\" \/>\n<meta property=\"og:type\" content=\"article\" \/>\n<meta property=\"og:title\" content=\"Bambini, giovani, giovani adulti - Kirche Wirkt\" \/>\n<meta property=\"og:url\" content=\"https:\/\/kirche-wirkt.ch\/it\/bambini-giovani-giovani-adulti\/\" \/>\n<meta property=\"og:site_name\" content=\"Kirche Wirkt\" \/>\n<meta property=\"article:modified_time\" content=\"2026-01-27T17:43:53+00:00\" \/>\n<meta property=\"og:image\" content=\"https:\/\/kirche-wirkt.ch\/wp-content\/uploads\/2024\/12\/06_Kinder_Jugendliche_und_junge_Erwachsene.png\" \/>\n\t<meta property=\"og:image:width\" content=\"1000\" \/>\n\t<meta property=\"og:image:height\" content=\"1100\" \/>\n\t<meta property=\"og:image:type\" content=\"image\/png\" \/>\n<meta name=\"twitter:card\" content=\"summary_large_image\" \/>\n<meta name=\"twitter:label1\" content=\"Est. reading time\" \/>\n\t<meta name=\"twitter:data1\" content=\"2 minutes\" \/>\n<script type=\"application\/ld+json\" class=\"yoast-schema-graph\">{\"@context\":\"https:\\\/\\\/schema.org\",\"@graph\":[{\"@type\":\"WebPage\",\"@id\":\"https:\\\/\\\/kirche-wirkt.ch\\\/it\\\/bambini-giovani-giovani-adulti\\\/\",\"url\":\"https:\\\/\\\/kirche-wirkt.ch\\\/it\\\/bambini-giovani-giovani-adulti\\\/\",\"name\":\"Bambini, giovani, giovani adulti - Kirche Wirkt\",\"isPartOf\":{\"@id\":\"https:\\\/\\\/kirche-wirkt.ch\\\/#website\"},\"primaryImageOfPage\":{\"@id\":\"https:\\\/\\\/kirche-wirkt.ch\\\/it\\\/bambini-giovani-giovani-adulti\\\/#primaryimage\"},\"image\":{\"@id\":\"https:\\\/\\\/kirche-wirkt.ch\\\/it\\\/bambini-giovani-giovani-adulti\\\/#primaryimage\"},\"thumbnailUrl\":\"https:\\\/\\\/kirche-wirkt.ch\\\/wp-content\\\/uploads\\\/2024\\\/12\\\/06_Kinder_Jugendliche_und_junge_Erwachsene.png\",\"datePublished\":\"2023-10-30T13:06:38+00:00\",\"dateModified\":\"2026-01-27T17:43:53+00:00\",\"breadcrumb\":{\"@id\":\"https:\\\/\\\/kirche-wirkt.ch\\\/it\\\/bambini-giovani-giovani-adulti\\\/#breadcrumb\"},\"inLanguage\":\"it-IT\",\"potentialAction\":[{\"@type\":\"ReadAction\",\"target\":[\"https:\\\/\\\/kirche-wirkt.ch\\\/it\\\/bambini-giovani-giovani-adulti\\\/\"]}]},{\"@type\":\"ImageObject\",\"inLanguage\":\"it-IT\",\"@id\":\"https:\\\/\\\/kirche-wirkt.ch\\\/it\\\/bambini-giovani-giovani-adulti\\\/#primaryimage\",\"url\":\"https:\\\/\\\/kirche-wirkt.ch\\\/wp-content\\\/uploads\\\/2024\\\/12\\\/06_Kinder_Jugendliche_und_junge_Erwachsene.png\",\"contentUrl\":\"https:\\\/\\\/kirche-wirkt.ch\\\/wp-content\\\/uploads\\\/2024\\\/12\\\/06_Kinder_Jugendliche_und_junge_Erwachsene.png\",\"width\":1000,\"height\":1100},{\"@type\":\"BreadcrumbList\",\"@id\":\"https:\\\/\\\/kirche-wirkt.ch\\\/it\\\/bambini-giovani-giovani-adulti\\\/#breadcrumb\",\"itemListElement\":[{\"@type\":\"ListItem\",\"position\":1,\"name\":\"Startseite\",\"item\":\"https:\\\/\\\/kirche-wirkt.ch\\\/it\\\/\"},{\"@type\":\"ListItem\",\"position\":2,\"name\":\"Bambini, giovani, giovani adulti\"}]},{\"@type\":\"WebSite\",\"@id\":\"https:\\\/\\\/kirche-wirkt.ch\\\/#website\",\"url\":\"https:\\\/\\\/kirche-wirkt.ch\\\/\",\"name\":\"Kirche Wirkt\",\"description\":\"\",\"potentialAction\":[{\"@type\":\"SearchAction\",\"target\":{\"@type\":\"EntryPoint\",\"urlTemplate\":\"https:\\\/\\\/kirche-wirkt.ch\\\/?s={search_term_string}\"},\"query-input\":{\"@type\":\"PropertyValueSpecification\",\"valueRequired\":true,\"valueName\":\"search_term_string\"}}],\"inLanguage\":\"it-IT\"}]}<\/script>\n<!-- \/ Yoast SEO plugin. -->","yoast_head_json":{"title":"Bambini, giovani, giovani adulti - Kirche Wirkt","robots":{"index":"index","follow":"follow","max-snippet":"max-snippet:-1","max-image-preview":"max-image-preview:large","max-video-preview":"max-video-preview:-1"},"canonical":"https:\/\/kirche-wirkt.ch\/it\/bambini-giovani-giovani-adulti\/","og_locale":"it_IT","og_type":"article","og_title":"Bambini, giovani, giovani adulti - Kirche Wirkt","og_url":"https:\/\/kirche-wirkt.ch\/it\/bambini-giovani-giovani-adulti\/","og_site_name":"Kirche Wirkt","article_modified_time":"2026-01-27T17:43:53+00:00","og_image":[{"width":1000,"height":1100,"url":"https:\/\/kirche-wirkt.ch\/wp-content\/uploads\/2024\/12\/06_Kinder_Jugendliche_und_junge_Erwachsene.png","type":"image\/png"}],"twitter_card":"summary_large_image","twitter_misc":{"Est. reading time":"2 minutes"},"schema":{"@context":"https:\/\/schema.org","@graph":[{"@type":"WebPage","@id":"https:\/\/kirche-wirkt.ch\/it\/bambini-giovani-giovani-adulti\/","url":"https:\/\/kirche-wirkt.ch\/it\/bambini-giovani-giovani-adulti\/","name":"Bambini, giovani, giovani adulti - Kirche Wirkt","isPartOf":{"@id":"https:\/\/kirche-wirkt.ch\/#website"},"primaryImageOfPage":{"@id":"https:\/\/kirche-wirkt.ch\/it\/bambini-giovani-giovani-adulti\/#primaryimage"},"image":{"@id":"https:\/\/kirche-wirkt.ch\/it\/bambini-giovani-giovani-adulti\/#primaryimage"},"thumbnailUrl":"https:\/\/kirche-wirkt.ch\/wp-content\/uploads\/2024\/12\/06_Kinder_Jugendliche_und_junge_Erwachsene.png","datePublished":"2023-10-30T13:06:38+00:00","dateModified":"2026-01-27T17:43:53+00:00","breadcrumb":{"@id":"https:\/\/kirche-wirkt.ch\/it\/bambini-giovani-giovani-adulti\/#breadcrumb"},"inLanguage":"it-IT","potentialAction":[{"@type":"ReadAction","target":["https:\/\/kirche-wirkt.ch\/it\/bambini-giovani-giovani-adulti\/"]}]},{"@type":"ImageObject","inLanguage":"it-IT","@id":"https:\/\/kirche-wirkt.ch\/it\/bambini-giovani-giovani-adulti\/#primaryimage","url":"https:\/\/kirche-wirkt.ch\/wp-content\/uploads\/2024\/12\/06_Kinder_Jugendliche_und_junge_Erwachsene.png","contentUrl":"https:\/\/kirche-wirkt.ch\/wp-content\/uploads\/2024\/12\/06_Kinder_Jugendliche_und_junge_Erwachsene.png","width":1000,"height":1100},{"@type":"BreadcrumbList","@id":"https:\/\/kirche-wirkt.ch\/it\/bambini-giovani-giovani-adulti\/#breadcrumb","itemListElement":[{"@type":"ListItem","position":1,"name":"Startseite","item":"https:\/\/kirche-wirkt.ch\/it\/"},{"@type":"ListItem","position":2,"name":"Bambini, giovani, giovani adulti"}]},{"@type":"WebSite","@id":"https:\/\/kirche-wirkt.ch\/#website","url":"https:\/\/kirche-wirkt.ch\/","name":"Kirche Wirkt","description":"","potentialAction":[{"@type":"SearchAction","target":{"@type":"EntryPoint","urlTemplate":"https:\/\/kirche-wirkt.ch\/?s={search_term_string}"},"query-input":{"@type":"PropertyValueSpecification","valueRequired":true,"valueName":"search_term_string"}}],"inLanguage":"it-IT"}]}},"_links":{"self":[{"href":"https:\/\/kirche-wirkt.ch\/it\/wp-json\/wp\/v2\/pages\/530","targetHints":{"allow":["GET"]}}],"collection":[{"href":"https:\/\/kirche-wirkt.ch\/it\/wp-json\/wp\/v2\/pages"}],"about":[{"href":"https:\/\/kirche-wirkt.ch\/it\/wp-json\/wp\/v2\/types\/page"}],"author":[{"embeddable":true,"href":"https:\/\/kirche-wirkt.ch\/it\/wp-json\/wp\/v2\/users\/1"}],"replies":[{"embeddable":true,"href":"https:\/\/kirche-wirkt.ch\/it\/wp-json\/wp\/v2\/comments?post=530"}],"version-history":[{"count":9,"href":"https:\/\/kirche-wirkt.ch\/it\/wp-json\/wp\/v2\/pages\/530\/revisions"}],"predecessor-version":[{"id":1575,"href":"https:\/\/kirche-wirkt.ch\/it\/wp-json\/wp\/v2\/pages\/530\/revisions\/1575"}],"wp:featuredmedia":[{"embeddable":true,"href":"https:\/\/kirche-wirkt.ch\/it\/wp-json\/wp\/v2\/media\/1052"}],"wp:attachment":[{"href":"https:\/\/kirche-wirkt.ch\/it\/wp-json\/wp\/v2\/media?parent=530"}],"curies":[{"name":"wp","href":"https:\/\/api.w.org\/{rel}","templated":true}]}}