{"id":537,"date":"2023-12-12T14:25:26","date_gmt":"2023-12-12T13:25:26","guid":{"rendered":"https:\/\/www.kirchensteuerwirkt.ch\/cura-pastorale-per-i-migranti-e-integrazione\/"},"modified":"2026-01-29T13:45:47","modified_gmt":"2026-01-29T12:45:47","slug":"cura-pastorale-per-i-migranti-e-integrazione","status":"publish","type":"page","link":"https:\/\/kirche-wirkt.ch\/it\/cura-pastorale-per-i-migranti-e-integrazione\/","title":{"rendered":"Cura pastorale per i migranti e integrazione"},"content":{"rendered":"\n<div    class=\"accordion color-lilac\">\n  <div class=\"container-xxl\">\n    <div class=\"col-lg-10 offset-lg-2\">\n      <div class=\"accordion-header\">\n        <h2 class=\"accordion-header-title\">100 nazioni<\/h2>\n        <button class=\"accordion-header-button\" type=\"button\" aria-label=\"Toggle accordion\"><\/button>\n      <\/div>\n      <div class=\"col-md-10\">\n        <div class=\"accordion-inner\">\n          <div class=\"acf-innerblocks-container\">\n\n<p>e oltre in 25 comunit\u00e0 rituali e linguistiche sono rappresentate nella Chiesa cattolica del Cantone di Zurigo. Le frazioni straniere cattoliche pi\u00f9 forti sono l\u2019Italia, il Portogallo e la Germania. I gruppi pi\u00f9 piccoli provengono, ad esempio, dalla Croazia, dal Brasile o dall\u2019Ungheria.   Gabon, Israele e la Corea del Nord sono rappresentati da una sola persona ciascuno. Tutti i membri stranieri pagano anche l\u2019imposta di culto e possono avere voce in capitolo a seconda del loro status.<\/p>\n\n<\/div>\n        <\/div>\n      <\/div>\n    <\/div>\n  <\/div>\n<\/div>\n\n\n\n<div    class=\"accordion\">\n  <div class=\"container-xxl\">\n    <div class=\"col-lg-10 offset-lg-2\">\n      <div class=\"accordion-header\">\n        <h2 class=\"accordion-header-title\">100 000 credenti con passaporto straniero<\/h2>\n        <button class=\"accordion-header-button\" type=\"button\" aria-label=\"Toggle accordion\"><\/button>\n      <\/div>\n      <div class=\"col-md-10\">\n        <div class=\"accordion-inner\">\n          <div class=\"acf-innerblocks-container\">\n\n<p>trovano casa nella Chiesa cattolica nel Cantone di Zurigo \u2013 nella Zurigo storicamente riformata, \u00e8 essa stessa una Chiesa di migranti. La migrazione \u00e8 un fenomeno che riguarda la societ\u00e0 nel suo insieme e la cura pastorale per i migranti \u00e8 un compito continuo. La Chiesa cantonale cattolica dedica ben 9 milioni di franchi all\u2019anno per la cura pastorale dei migranti.<\/p>\n\n<\/div>\n        <\/div>\n      <\/div>\n    <\/div>\n  <\/div>\n<\/div>\n\n\n\n<div    class=\"accordion color-lilac\">\n  <div class=\"container-xxl\">\n    <div class=\"col-lg-10 offset-lg-2\">\n      <div class=\"accordion-header\">\n        <h2 class=\"accordion-header-title\">25 comunit\u00e0 linguistiche<\/h2>\n        <button class=\"accordion-header-button\" type=\"button\" aria-label=\"Toggle accordion\"><\/button>\n      <\/div>\n      <div class=\"col-md-10\">\n        <div class=\"accordion-inner\">\n          <div class=\"acf-innerblocks-container\">\n\n<p>esistono nella Chiesa cattolica del Cantone di Zurigo. Le missioni sostengono e si prendono cura dei migranti cattolici.  Insieme alle parrocchie si occupano della vita liturgica, dell\u2019educazione religiosa, dell\u2019assistenza sociale e diaconale, della cura della comunit\u00e0 e della collaborazione con gli operatori pastorali di lingua tedesca e le amministrazioni della Chiesa. La cura pastorale dei migranti fornisce un importante contributo all\u2019integrazione di un terzo di tutti i cattolici.<br><br><a href=\"https:\/\/www.zhkath.ch\/engagement\/gruppen\/vielsprachige-kirche\" target=\"_blank\" rel=\"noreferrer noopener\">Chiesa multilingue<\/a><\/p>\n\n<\/div>\n        <\/div>\n      <\/div>\n    <\/div>\n  <\/div>\n<\/div>\n","protected":false},"excerpt":{"rendered":"","protected":false},"author":4,"featured_media":1040,"parent":0,"menu_order":0,"comment_status":"closed","ping_status":"closed","template":"","meta":{"_acf_changed":false,"inline_featured_image":false,"footnotes":""},"class_list":["post-537","page","type-page","status-publish","has-post-thumbnail","hentry"],"acf":[],"yoast_head":"<!-- This site is optimized with the Yoast SEO plugin v27.3 - https:\/\/yoast.com\/product\/yoast-seo-wordpress\/ -->\n<title>Cura pastorale per i migranti e integrazione - Kirche Wirkt<\/title>\n<meta name=\"robots\" content=\"index, follow, max-snippet:-1, max-image-preview:large, max-video-preview:-1\" \/>\n<link rel=\"canonical\" href=\"https:\/\/kirche-wirkt.ch\/it\/cura-pastorale-per-i-migranti-e-integrazione\/\" \/>\n<meta property=\"og:locale\" content=\"it_IT\" \/>\n<meta property=\"og:type\" content=\"article\" \/>\n<meta property=\"og:title\" content=\"Cura pastorale per i migranti e integrazione - Kirche Wirkt\" \/>\n<meta property=\"og:url\" content=\"https:\/\/kirche-wirkt.ch\/it\/cura-pastorale-per-i-migranti-e-integrazione\/\" \/>\n<meta property=\"og:site_name\" content=\"Kirche Wirkt\" \/>\n<meta property=\"article:modified_time\" content=\"2026-01-29T12:45:47+00:00\" \/>\n<meta property=\"og:image\" content=\"https:\/\/kirche-wirkt.ch\/wp-content\/uploads\/2024\/12\/03_Migrantenseelsorge.png\" \/>\n\t<meta property=\"og:image:width\" content=\"1000\" \/>\n\t<meta property=\"og:image:height\" content=\"1100\" \/>\n\t<meta property=\"og:image:type\" content=\"image\/png\" \/>\n<meta name=\"twitter:card\" content=\"summary_large_image\" \/>\n<meta name=\"twitter:label1\" content=\"Est. reading time\" \/>\n\t<meta name=\"twitter:data1\" content=\"2 minutes\" \/>\n<script type=\"application\/ld+json\" class=\"yoast-schema-graph\">{\"@context\":\"https:\\\/\\\/schema.org\",\"@graph\":[{\"@type\":\"WebPage\",\"@id\":\"https:\\\/\\\/kirche-wirkt.ch\\\/it\\\/cura-pastorale-per-i-migranti-e-integrazione\\\/\",\"url\":\"https:\\\/\\\/kirche-wirkt.ch\\\/it\\\/cura-pastorale-per-i-migranti-e-integrazione\\\/\",\"name\":\"Cura pastorale per i migranti e integrazione - Kirche Wirkt\",\"isPartOf\":{\"@id\":\"https:\\\/\\\/kirche-wirkt.ch\\\/#website\"},\"primaryImageOfPage\":{\"@id\":\"https:\\\/\\\/kirche-wirkt.ch\\\/it\\\/cura-pastorale-per-i-migranti-e-integrazione\\\/#primaryimage\"},\"image\":{\"@id\":\"https:\\\/\\\/kirche-wirkt.ch\\\/it\\\/cura-pastorale-per-i-migranti-e-integrazione\\\/#primaryimage\"},\"thumbnailUrl\":\"https:\\\/\\\/kirche-wirkt.ch\\\/wp-content\\\/uploads\\\/2024\\\/12\\\/03_Migrantenseelsorge.png\",\"datePublished\":\"2023-12-12T13:25:26+00:00\",\"dateModified\":\"2026-01-29T12:45:47+00:00\",\"breadcrumb\":{\"@id\":\"https:\\\/\\\/kirche-wirkt.ch\\\/it\\\/cura-pastorale-per-i-migranti-e-integrazione\\\/#breadcrumb\"},\"inLanguage\":\"it-IT\",\"potentialAction\":[{\"@type\":\"ReadAction\",\"target\":[\"https:\\\/\\\/kirche-wirkt.ch\\\/it\\\/cura-pastorale-per-i-migranti-e-integrazione\\\/\"]}]},{\"@type\":\"ImageObject\",\"inLanguage\":\"it-IT\",\"@id\":\"https:\\\/\\\/kirche-wirkt.ch\\\/it\\\/cura-pastorale-per-i-migranti-e-integrazione\\\/#primaryimage\",\"url\":\"https:\\\/\\\/kirche-wirkt.ch\\\/wp-content\\\/uploads\\\/2024\\\/12\\\/03_Migrantenseelsorge.png\",\"contentUrl\":\"https:\\\/\\\/kirche-wirkt.ch\\\/wp-content\\\/uploads\\\/2024\\\/12\\\/03_Migrantenseelsorge.png\",\"width\":1000,\"height\":1100},{\"@type\":\"BreadcrumbList\",\"@id\":\"https:\\\/\\\/kirche-wirkt.ch\\\/it\\\/cura-pastorale-per-i-migranti-e-integrazione\\\/#breadcrumb\",\"itemListElement\":[{\"@type\":\"ListItem\",\"position\":1,\"name\":\"Startseite\",\"item\":\"https:\\\/\\\/kirche-wirkt.ch\\\/it\\\/\"},{\"@type\":\"ListItem\",\"position\":2,\"name\":\"Cura pastorale per i migranti e integrazione\"}]},{\"@type\":\"WebSite\",\"@id\":\"https:\\\/\\\/kirche-wirkt.ch\\\/#website\",\"url\":\"https:\\\/\\\/kirche-wirkt.ch\\\/\",\"name\":\"Kirche Wirkt\",\"description\":\"\",\"potentialAction\":[{\"@type\":\"SearchAction\",\"target\":{\"@type\":\"EntryPoint\",\"urlTemplate\":\"https:\\\/\\\/kirche-wirkt.ch\\\/?s={search_term_string}\"},\"query-input\":{\"@type\":\"PropertyValueSpecification\",\"valueRequired\":true,\"valueName\":\"search_term_string\"}}],\"inLanguage\":\"it-IT\"}]}<\/script>\n<!-- \/ Yoast SEO plugin. -->","yoast_head_json":{"title":"Cura pastorale per i migranti e integrazione - Kirche Wirkt","robots":{"index":"index","follow":"follow","max-snippet":"max-snippet:-1","max-image-preview":"max-image-preview:large","max-video-preview":"max-video-preview:-1"},"canonical":"https:\/\/kirche-wirkt.ch\/it\/cura-pastorale-per-i-migranti-e-integrazione\/","og_locale":"it_IT","og_type":"article","og_title":"Cura pastorale per i migranti e integrazione - Kirche Wirkt","og_url":"https:\/\/kirche-wirkt.ch\/it\/cura-pastorale-per-i-migranti-e-integrazione\/","og_site_name":"Kirche Wirkt","article_modified_time":"2026-01-29T12:45:47+00:00","og_image":[{"width":1000,"height":1100,"url":"https:\/\/kirche-wirkt.ch\/wp-content\/uploads\/2024\/12\/03_Migrantenseelsorge.png","type":"image\/png"}],"twitter_card":"summary_large_image","twitter_misc":{"Est. reading time":"2 minutes"},"schema":{"@context":"https:\/\/schema.org","@graph":[{"@type":"WebPage","@id":"https:\/\/kirche-wirkt.ch\/it\/cura-pastorale-per-i-migranti-e-integrazione\/","url":"https:\/\/kirche-wirkt.ch\/it\/cura-pastorale-per-i-migranti-e-integrazione\/","name":"Cura pastorale per i migranti e integrazione - Kirche Wirkt","isPartOf":{"@id":"https:\/\/kirche-wirkt.ch\/#website"},"primaryImageOfPage":{"@id":"https:\/\/kirche-wirkt.ch\/it\/cura-pastorale-per-i-migranti-e-integrazione\/#primaryimage"},"image":{"@id":"https:\/\/kirche-wirkt.ch\/it\/cura-pastorale-per-i-migranti-e-integrazione\/#primaryimage"},"thumbnailUrl":"https:\/\/kirche-wirkt.ch\/wp-content\/uploads\/2024\/12\/03_Migrantenseelsorge.png","datePublished":"2023-12-12T13:25:26+00:00","dateModified":"2026-01-29T12:45:47+00:00","breadcrumb":{"@id":"https:\/\/kirche-wirkt.ch\/it\/cura-pastorale-per-i-migranti-e-integrazione\/#breadcrumb"},"inLanguage":"it-IT","potentialAction":[{"@type":"ReadAction","target":["https:\/\/kirche-wirkt.ch\/it\/cura-pastorale-per-i-migranti-e-integrazione\/"]}]},{"@type":"ImageObject","inLanguage":"it-IT","@id":"https:\/\/kirche-wirkt.ch\/it\/cura-pastorale-per-i-migranti-e-integrazione\/#primaryimage","url":"https:\/\/kirche-wirkt.ch\/wp-content\/uploads\/2024\/12\/03_Migrantenseelsorge.png","contentUrl":"https:\/\/kirche-wirkt.ch\/wp-content\/uploads\/2024\/12\/03_Migrantenseelsorge.png","width":1000,"height":1100},{"@type":"BreadcrumbList","@id":"https:\/\/kirche-wirkt.ch\/it\/cura-pastorale-per-i-migranti-e-integrazione\/#breadcrumb","itemListElement":[{"@type":"ListItem","position":1,"name":"Startseite","item":"https:\/\/kirche-wirkt.ch\/it\/"},{"@type":"ListItem","position":2,"name":"Cura pastorale per i migranti e integrazione"}]},{"@type":"WebSite","@id":"https:\/\/kirche-wirkt.ch\/#website","url":"https:\/\/kirche-wirkt.ch\/","name":"Kirche Wirkt","description":"","potentialAction":[{"@type":"SearchAction","target":{"@type":"EntryPoint","urlTemplate":"https:\/\/kirche-wirkt.ch\/?s={search_term_string}"},"query-input":{"@type":"PropertyValueSpecification","valueRequired":true,"valueName":"search_term_string"}}],"inLanguage":"it-IT"}]}},"_links":{"self":[{"href":"https:\/\/kirche-wirkt.ch\/it\/wp-json\/wp\/v2\/pages\/537","targetHints":{"allow":["GET"]}}],"collection":[{"href":"https:\/\/kirche-wirkt.ch\/it\/wp-json\/wp\/v2\/pages"}],"about":[{"href":"https:\/\/kirche-wirkt.ch\/it\/wp-json\/wp\/v2\/types\/page"}],"author":[{"embeddable":true,"href":"https:\/\/kirche-wirkt.ch\/it\/wp-json\/wp\/v2\/users\/4"}],"replies":[{"embeddable":true,"href":"https:\/\/kirche-wirkt.ch\/it\/wp-json\/wp\/v2\/comments?post=537"}],"version-history":[{"count":7,"href":"https:\/\/kirche-wirkt.ch\/it\/wp-json\/wp\/v2\/pages\/537\/revisions"}],"predecessor-version":[{"id":1610,"href":"https:\/\/kirche-wirkt.ch\/it\/wp-json\/wp\/v2\/pages\/537\/revisions\/1610"}],"wp:featuredmedia":[{"embeddable":true,"href":"https:\/\/kirche-wirkt.ch\/it\/wp-json\/wp\/v2\/media\/1040"}],"wp:attachment":[{"href":"https:\/\/kirche-wirkt.ch\/it\/wp-json\/wp\/v2\/media?parent=537"}],"curies":[{"name":"wp","href":"https:\/\/api.w.org\/{rel}","templated":true}]}}