{"id":541,"date":"2023-10-30T14:09:26","date_gmt":"2023-10-30T13:09:26","guid":{"rendered":"https:\/\/www.kirchensteuerwirkt.ch\/ecologia-e-sostenibilita\/"},"modified":"2026-01-29T14:28:17","modified_gmt":"2026-01-29T13:28:17","slug":"ecologia-e-sostenibilita","status":"publish","type":"page","link":"https:\/\/kirche-wirkt.ch\/it\/ecologia-e-sostenibilita\/","title":{"rendered":"Ecologia e sostenibilit\u00e0"},"content":{"rendered":"\n<div    class=\"accordion color-lilac\">\n  <div class=\"container-xxl\">\n    <div class=\"col-lg-10 offset-lg-2\">\n      <div class=\"accordion-header\">\n        <h2 class=\"accordion-header-title\">7 parrocchie<\/h2>\n        <button class=\"accordion-header-button\" type=\"button\" aria-label=\"Toggle accordion\"><\/button>\n      <\/div>\n      <div class=\"col-md-10\">\n        <div class=\"accordion-inner\">\n          <div class=\"acf-innerblocks-container\">\n\n<p>sono attualmente certificate con il certificato ambientale \u00abGr\u00fcner G\u00fcggel\u00bb \u2013 o sono sulla buona strada. Il sistema di gestione ambientale obbliga le parrocchie certificate \u2013 ad esempio <a href=\"https:\/\/pirminius.ch\/kirchgemeinde\/gruener-gueggel\/\" target=\"_blank\" rel=\"noreferrer noopener\">Pfungen<\/a>, <a href=\"https:\/\/www.kath-dfs.ch\/kirchgemeinde_umwelt\" target=\"_blank\" rel=\"noreferrer noopener\">D\u00fcbendorf<\/a>, <a href=\"https:\/\/www.kath-buelach.ch\/bericht\/508\" target=\"_blank\" rel=\"noreferrer noopener\">B\u00fclach<\/a>, <a href=\"https:\/\/www.pfarrei-uster.ch\/?s=gr%C3%BCner+g%C3%BCggel\" target=\"_blank\" rel=\"noreferrer noopener\">Uster<\/a>, <a href=\"https:\/\/www.kath-embrachertal.ch\/?s=gr%C3%BCner+g%C3%BCggel\" target=\"_blank\" rel=\"noreferrer noopener\">Embrachertal<\/a> e <a href=\"https:\/\/www.kath-wallisellen.ch\/umwelt-label-gruener-gueggel\/\" target=\"_blank\" rel=\"noreferrer noopener\">Wallisellen<\/a>\/<a href=\"https:\/\/kath-dietlikon.ch\/?s=gr%C3%BCner+g%C3%BCggel\" target=\"_blank\" rel=\"noreferrer noopener\">Dietlikon<\/a> \u2013 a risparmiare consapevolmente energia e acqua, a predisporre una differenziazione coerente dei rifiuti e a prestare attenzione ai prodotti ecocompatibili al momento dell\u2019acquisto e alla biodiversit\u00e0 durante la progettazione dell\u2019ambiente circostante. La Chiesa cantonale sostiene finanziariamente le parrocchie nel percorso di certificazione.<br><br><a href=\"https:\/\/oeku.ch\/umweltpraxis\/gruener-gueggel\" target=\"_blank\" rel=\"noreferrer noopener\">Oeku \u2013 Chiesa e ambiente<\/a><\/p>\n\n<\/div>\n        <\/div>\n      <\/div>\n    <\/div>\n  <\/div>\n<\/div>\n\n\n\n<div    class=\"accordion\">\n  <div class=\"container-xxl\">\n    <div class=\"col-lg-10 offset-lg-2\">\n      <div class=\"accordion-header\">\n        <h2 class=\"accordion-header-title\">13 000 000 franchi<\/h2>\n        <button class=\"accordion-header-button\" type=\"button\" aria-label=\"Toggle accordion\"><\/button>\n      <\/div>\n      <div class=\"col-md-10\">\n        <div class=\"accordion-inner\">\n          <div class=\"acf-innerblocks-container\">\n\n<p>saranno investiti nei prossimi anni dalle 23 parrocchie della citt\u00e0 di Zurigo in progetti di ristrutturazione e costruzione per migliorare l\u2019equilibrio ecologico. Il coaching energetico aiuta a trovare ed eliminare i punti deboli dell&#8217;involucro dell&#8217;edificio, della ventilazione e del sistema di riscaldamento. Le parrocchie utilizzano il denaro della tassa ecclesiastica anche per finanziare i costi aggiuntivi che sorgono quando si passa dai combustibili fossili alle fonti di energia rinnovabile. In vista dei progetti di ristrutturazione,<br><a href=\"https:\/\/katholisch-stadtzuerich.ch\/\" target=\"_blank\" rel=\"noreferrer noopener\">Katholisch Stadt Z\u00fcrich<\/a> sostiene le parrocchie con un\u2019intenso coaching energetico.<\/p>\n\n<\/div>\n        <\/div>\n      <\/div>\n    <\/div>\n  <\/div>\n<\/div>\n\n\n\n<div    class=\"accordion color-lilac\">\n  <div class=\"container-xxl\">\n    <div class=\"col-lg-10 offset-lg-2\">\n      <div class=\"accordion-header\">\n        <h2 class=\"accordion-header-title\">21 000 kWh\/a<\/h2>\n        <button class=\"accordion-header-button\" type=\"button\" aria-label=\"Toggle accordion\"><\/button>\n      <\/div>\n      <div class=\"col-md-10\">\n        <div class=\"accordion-inner\">\n          <div class=\"acf-innerblocks-container\">\n\n<p>Questa \u00e8 la produzione dell&#8217;impianto fotovoltaico sul tetto del centro ecclesiastico Heilig Geist di Zurigo-H\u00f6ngg, costruito nel 1973. Ci\u00f2 corrisponde alla fornitura di sei famiglie svizzere medie (3.500 kWh\/a) in un anno. Nell&#8217;ambito di una ristrutturazione complessiva del centro, tra il 2018 e il 2021 \u00e8 stato installato un impianto solare termico sul tetto della canonica. Nel 2021 \u00e8 stato aggiunto l&#8217;impianto fotovoltaico sulla piazza della chiesa. Le nuove misure di isolamento esterno hanno portato a una riduzione del consumo energetico del 66 %. Il sistema \u00e8 stato premiato con il <a href=\"https:\/\/www.zhkath.ch\/kirche-aktuell\/kirche-im-kanton\/solarpreis-heilig-geist-zuerich-katholische-kirche\" target=\"_blank\" rel=\"noreferrer noopener\">Premio Solare Svizzero<\/a>.<\/p>\n\n<\/div>\n        <\/div>\n      <\/div>\n    <\/div>\n  <\/div>\n<\/div>\n","protected":false},"excerpt":{"rendered":"","protected":false},"author":1,"featured_media":1044,"parent":0,"menu_order":0,"comment_status":"closed","ping_status":"closed","template":"","meta":{"_acf_changed":false,"inline_featured_image":false,"footnotes":""},"class_list":["post-541","page","type-page","status-publish","has-post-thumbnail","hentry"],"acf":[],"yoast_head":"<!-- This site is optimized with the Yoast SEO plugin v27.3 - https:\/\/yoast.com\/product\/yoast-seo-wordpress\/ -->\n<title>Ecologia e sostenibilit\u00e0 - Kirche Wirkt<\/title>\n<meta name=\"robots\" content=\"index, follow, max-snippet:-1, max-image-preview:large, max-video-preview:-1\" \/>\n<link rel=\"canonical\" href=\"https:\/\/kirche-wirkt.ch\/it\/ecologia-e-sostenibilita\/\" \/>\n<meta property=\"og:locale\" content=\"it_IT\" \/>\n<meta property=\"og:type\" content=\"article\" \/>\n<meta property=\"og:title\" content=\"Ecologia e sostenibilit\u00e0 - Kirche Wirkt\" \/>\n<meta property=\"og:url\" content=\"https:\/\/kirche-wirkt.ch\/it\/ecologia-e-sostenibilita\/\" \/>\n<meta property=\"og:site_name\" content=\"Kirche Wirkt\" \/>\n<meta property=\"article:modified_time\" content=\"2026-01-29T13:28:17+00:00\" \/>\n<meta property=\"og:image\" content=\"https:\/\/kirche-wirkt.ch\/wp-content\/uploads\/2024\/12\/04_Oekologie_und_Nachhaltigkeit.png\" \/>\n\t<meta property=\"og:image:width\" content=\"1000\" \/>\n\t<meta property=\"og:image:height\" content=\"1100\" \/>\n\t<meta property=\"og:image:type\" content=\"image\/png\" \/>\n<meta name=\"twitter:card\" content=\"summary_large_image\" \/>\n<meta name=\"twitter:label1\" content=\"Est. reading time\" \/>\n\t<meta name=\"twitter:data1\" content=\"2 minutes\" \/>\n<script type=\"application\/ld+json\" class=\"yoast-schema-graph\">{\"@context\":\"https:\\\/\\\/schema.org\",\"@graph\":[{\"@type\":\"WebPage\",\"@id\":\"https:\\\/\\\/kirche-wirkt.ch\\\/it\\\/ecologia-e-sostenibilita\\\/\",\"url\":\"https:\\\/\\\/kirche-wirkt.ch\\\/it\\\/ecologia-e-sostenibilita\\\/\",\"name\":\"Ecologia e sostenibilit\u00e0 - Kirche Wirkt\",\"isPartOf\":{\"@id\":\"https:\\\/\\\/kirche-wirkt.ch\\\/#website\"},\"primaryImageOfPage\":{\"@id\":\"https:\\\/\\\/kirche-wirkt.ch\\\/it\\\/ecologia-e-sostenibilita\\\/#primaryimage\"},\"image\":{\"@id\":\"https:\\\/\\\/kirche-wirkt.ch\\\/it\\\/ecologia-e-sostenibilita\\\/#primaryimage\"},\"thumbnailUrl\":\"https:\\\/\\\/kirche-wirkt.ch\\\/wp-content\\\/uploads\\\/2024\\\/12\\\/04_Oekologie_und_Nachhaltigkeit.png\",\"datePublished\":\"2023-10-30T13:09:26+00:00\",\"dateModified\":\"2026-01-29T13:28:17+00:00\",\"breadcrumb\":{\"@id\":\"https:\\\/\\\/kirche-wirkt.ch\\\/it\\\/ecologia-e-sostenibilita\\\/#breadcrumb\"},\"inLanguage\":\"it-IT\",\"potentialAction\":[{\"@type\":\"ReadAction\",\"target\":[\"https:\\\/\\\/kirche-wirkt.ch\\\/it\\\/ecologia-e-sostenibilita\\\/\"]}]},{\"@type\":\"ImageObject\",\"inLanguage\":\"it-IT\",\"@id\":\"https:\\\/\\\/kirche-wirkt.ch\\\/it\\\/ecologia-e-sostenibilita\\\/#primaryimage\",\"url\":\"https:\\\/\\\/kirche-wirkt.ch\\\/wp-content\\\/uploads\\\/2024\\\/12\\\/04_Oekologie_und_Nachhaltigkeit.png\",\"contentUrl\":\"https:\\\/\\\/kirche-wirkt.ch\\\/wp-content\\\/uploads\\\/2024\\\/12\\\/04_Oekologie_und_Nachhaltigkeit.png\",\"width\":1000,\"height\":1100},{\"@type\":\"BreadcrumbList\",\"@id\":\"https:\\\/\\\/kirche-wirkt.ch\\\/it\\\/ecologia-e-sostenibilita\\\/#breadcrumb\",\"itemListElement\":[{\"@type\":\"ListItem\",\"position\":1,\"name\":\"Startseite\",\"item\":\"https:\\\/\\\/kirche-wirkt.ch\\\/it\\\/\"},{\"@type\":\"ListItem\",\"position\":2,\"name\":\"Ecologia e sostenibilit\u00e0\"}]},{\"@type\":\"WebSite\",\"@id\":\"https:\\\/\\\/kirche-wirkt.ch\\\/#website\",\"url\":\"https:\\\/\\\/kirche-wirkt.ch\\\/\",\"name\":\"Kirche Wirkt\",\"description\":\"\",\"potentialAction\":[{\"@type\":\"SearchAction\",\"target\":{\"@type\":\"EntryPoint\",\"urlTemplate\":\"https:\\\/\\\/kirche-wirkt.ch\\\/?s={search_term_string}\"},\"query-input\":{\"@type\":\"PropertyValueSpecification\",\"valueRequired\":true,\"valueName\":\"search_term_string\"}}],\"inLanguage\":\"it-IT\"}]}<\/script>\n<!-- \/ Yoast SEO plugin. -->","yoast_head_json":{"title":"Ecologia e sostenibilit\u00e0 - Kirche Wirkt","robots":{"index":"index","follow":"follow","max-snippet":"max-snippet:-1","max-image-preview":"max-image-preview:large","max-video-preview":"max-video-preview:-1"},"canonical":"https:\/\/kirche-wirkt.ch\/it\/ecologia-e-sostenibilita\/","og_locale":"it_IT","og_type":"article","og_title":"Ecologia e sostenibilit\u00e0 - Kirche Wirkt","og_url":"https:\/\/kirche-wirkt.ch\/it\/ecologia-e-sostenibilita\/","og_site_name":"Kirche Wirkt","article_modified_time":"2026-01-29T13:28:17+00:00","og_image":[{"width":1000,"height":1100,"url":"https:\/\/kirche-wirkt.ch\/wp-content\/uploads\/2024\/12\/04_Oekologie_und_Nachhaltigkeit.png","type":"image\/png"}],"twitter_card":"summary_large_image","twitter_misc":{"Est. reading time":"2 minutes"},"schema":{"@context":"https:\/\/schema.org","@graph":[{"@type":"WebPage","@id":"https:\/\/kirche-wirkt.ch\/it\/ecologia-e-sostenibilita\/","url":"https:\/\/kirche-wirkt.ch\/it\/ecologia-e-sostenibilita\/","name":"Ecologia e sostenibilit\u00e0 - Kirche Wirkt","isPartOf":{"@id":"https:\/\/kirche-wirkt.ch\/#website"},"primaryImageOfPage":{"@id":"https:\/\/kirche-wirkt.ch\/it\/ecologia-e-sostenibilita\/#primaryimage"},"image":{"@id":"https:\/\/kirche-wirkt.ch\/it\/ecologia-e-sostenibilita\/#primaryimage"},"thumbnailUrl":"https:\/\/kirche-wirkt.ch\/wp-content\/uploads\/2024\/12\/04_Oekologie_und_Nachhaltigkeit.png","datePublished":"2023-10-30T13:09:26+00:00","dateModified":"2026-01-29T13:28:17+00:00","breadcrumb":{"@id":"https:\/\/kirche-wirkt.ch\/it\/ecologia-e-sostenibilita\/#breadcrumb"},"inLanguage":"it-IT","potentialAction":[{"@type":"ReadAction","target":["https:\/\/kirche-wirkt.ch\/it\/ecologia-e-sostenibilita\/"]}]},{"@type":"ImageObject","inLanguage":"it-IT","@id":"https:\/\/kirche-wirkt.ch\/it\/ecologia-e-sostenibilita\/#primaryimage","url":"https:\/\/kirche-wirkt.ch\/wp-content\/uploads\/2024\/12\/04_Oekologie_und_Nachhaltigkeit.png","contentUrl":"https:\/\/kirche-wirkt.ch\/wp-content\/uploads\/2024\/12\/04_Oekologie_und_Nachhaltigkeit.png","width":1000,"height":1100},{"@type":"BreadcrumbList","@id":"https:\/\/kirche-wirkt.ch\/it\/ecologia-e-sostenibilita\/#breadcrumb","itemListElement":[{"@type":"ListItem","position":1,"name":"Startseite","item":"https:\/\/kirche-wirkt.ch\/it\/"},{"@type":"ListItem","position":2,"name":"Ecologia e sostenibilit\u00e0"}]},{"@type":"WebSite","@id":"https:\/\/kirche-wirkt.ch\/#website","url":"https:\/\/kirche-wirkt.ch\/","name":"Kirche Wirkt","description":"","potentialAction":[{"@type":"SearchAction","target":{"@type":"EntryPoint","urlTemplate":"https:\/\/kirche-wirkt.ch\/?s={search_term_string}"},"query-input":{"@type":"PropertyValueSpecification","valueRequired":true,"valueName":"search_term_string"}}],"inLanguage":"it-IT"}]}},"_links":{"self":[{"href":"https:\/\/kirche-wirkt.ch\/it\/wp-json\/wp\/v2\/pages\/541","targetHints":{"allow":["GET"]}}],"collection":[{"href":"https:\/\/kirche-wirkt.ch\/it\/wp-json\/wp\/v2\/pages"}],"about":[{"href":"https:\/\/kirche-wirkt.ch\/it\/wp-json\/wp\/v2\/types\/page"}],"author":[{"embeddable":true,"href":"https:\/\/kirche-wirkt.ch\/it\/wp-json\/wp\/v2\/users\/1"}],"replies":[{"embeddable":true,"href":"https:\/\/kirche-wirkt.ch\/it\/wp-json\/wp\/v2\/comments?post=541"}],"version-history":[{"count":4,"href":"https:\/\/kirche-wirkt.ch\/it\/wp-json\/wp\/v2\/pages\/541\/revisions"}],"predecessor-version":[{"id":1626,"href":"https:\/\/kirche-wirkt.ch\/it\/wp-json\/wp\/v2\/pages\/541\/revisions\/1626"}],"wp:featuredmedia":[{"embeddable":true,"href":"https:\/\/kirche-wirkt.ch\/it\/wp-json\/wp\/v2\/media\/1044"}],"wp:attachment":[{"href":"https:\/\/kirche-wirkt.ch\/it\/wp-json\/wp\/v2\/media?parent=541"}],"curies":[{"name":"wp","href":"https:\/\/api.w.org\/{rel}","templated":true}]}}