{"id":544,"date":"2023-10-30T14:02:20","date_gmt":"2023-10-30T13:02:20","guid":{"rendered":"https:\/\/www.kirchensteuerwirkt.ch\/affari-sociali-e-solidarieta\/"},"modified":"2026-02-03T09:23:51","modified_gmt":"2026-02-03T08:23:51","slug":"affari-sociali-e-solidarieta","status":"publish","type":"page","link":"https:\/\/kirche-wirkt.ch\/it\/affari-sociali-e-solidarieta\/","title":{"rendered":"Affari sociali e solidariet\u00e0"},"content":{"rendered":"\n<div    class=\"accordion color-lilac\">\n  <div class=\"container-xxl\">\n    <div class=\"col-lg-10 offset-lg-2\">\n      <div class=\"accordion-header\">\n        <h2 class=\"accordion-header-title\">960\u2019331 ore di lavoro<\/h2>\n        <button class=\"accordion-header-button\" type=\"button\" aria-label=\"Toggle accordion\"><\/button>\n      <\/div>\n      <div class=\"col-md-10\">\n        <div class=\"accordion-inner\">\n          <div class=\"acf-innerblocks-container\">\n\n<p>sono svolte da volontari in parrocchie, missioni e associazioni ecclesiali. Molte attivit\u00e0 sarebbero inconcepibili senza questi volontari. Ci sono molte buone ragioni per fare volontariato e per dare un contributo significativo. Poich\u00e9 questo impegno \u00e8 molto importante per noi, promuoviamo e sosteniamo il volontariato. Interessato? Quindi contattate una <a href=\"https:\/\/www.zhkath.ch\/ueber-uns\/pfarreien\" target=\"_blank\" rel=\"noreferrer noopener\">parrocchia<\/a>, la <a href=\"https:\/\/www.caritas-zuerich.ch\/aktiv-werden\/freiwilliges-engagement-fuer-menschen-im-kanton-zuerich\" target=\"_blank\" rel=\"noreferrer noopener\">Caritas di Zurigo<\/a>, la <a href=\"https:\/\/www.bahnhofkirche.ch\" target=\"_blank\" rel=\"noreferrer noopener\">chiesa della stazione<\/a>, la <a href=\"https:\/\/www.flughafenkirche.ch\/\" target=\"_blank\" rel=\"noreferrer noopener\">chiesa dell\u2019aeroporto<\/a> o la <a href=\"https:\/\/www.hiv-aidsseelsorge.ch\/\" target=\"_blank\" rel=\"noreferrer noopener\">cura pastorale per l\u2019HIV\/Aids<\/a>.<\/p>\n\n\n\n<p><\/p>\n\n<\/div>\n        <\/div>\n      <\/div>\n    <\/div>\n  <\/div>\n<\/div>\n\n\n\n<div    class=\"accordion\">\n  <div class=\"container-xxl\">\n    <div class=\"col-lg-10 offset-lg-2\">\n      <div class=\"accordion-header\">\n        <h2 class=\"accordion-header-title\">53,2 milioni di franchi<\/h2>\n        <button class=\"accordion-header-button\" type=\"button\" aria-label=\"Toggle accordion\"><\/button>\n      <\/div>\n      <div class=\"col-md-10\">\n        <div class=\"accordion-inner\">\n          <div class=\"acf-innerblocks-container\">\n\n<p>Le 74 parrocchie cattoliche del Cantone di Zurigo hanno investito 32,2 milioni di franchi nel loro impegno socio-diaconale nel 2023, mentre la Chiesa cantonale ha investito altri 21 milioni di franchi. Il totale \u00e8 di 53,2 milioni di franchi. Questo non include le collette volontarie che vengono effettuate in ogni funzione religiosa per i progetti pi\u00f9 disparati. La nostra organizzazione sociale pi\u00f9 importante \u00e8 la Caritas di Zurigo. La Chiesa cantonale versa a questa organizzazione un contributo annuale di 2,5 milioni di franchi. Altri importanti beneficiari dei fondi della Chiesa sono <a href=\"https:\/\/www.143.ch\/\" target=\"_blank\" rel=\"noreferrer noopener\">Dargebotene Hand<\/a>, la <a href=\"https:\/\/paarberatung-mediation.ch\/\" target=\"_blank\" rel=\"noreferrer noopener\">consulenza ecumenica di coppia<\/a>, la <a href=\"https:\/\/kabel-berufslehre.ch\/angebote\/index.html\" target=\"_blank\" rel=\"noreferrer noopener\">cura pastorale ecumenica delle chiese per gli studenti \u00abkabel\u00bb<\/a>, il <a href=\"https:\/\/www.dfa.ch\/\" target=\"_blank\" rel=\"noreferrer noopener\">centro specializzato per la disoccupazione DfA<\/a>, il <a href=\"https:\/\/www.zbasyl.ch\/\" target=\"_blank\" rel=\"noreferrer noopener\">centro di consulenza per i richiedenti asilo<\/a>, <a href=\"https:\/\/www.solidara.ch\/\" target=\"_blank\" rel=\"noreferrer noopener\">Solidara<\/a> con il Caf\u00e9 Yucca per i bisognosi e i centri di consulenza per le lavoratrici del sesso Isla Victoria a Zurigo e Winterthur, <a href=\"https:\/\/profilia-zuerich.ch\/\" target=\"_blank\" rel=\"noreferrer noopener\">Pro Filia<\/a>, il <a href=\"https:\/\/www.fiz-info.ch\/de\/Willkommen\" target=\"_blank\" rel=\"noreferrer noopener\">centro specializzato per la tratta delle donne e la migrazione femminile FIZ<\/a>, il centro specializzato per i rifugiati e numerose iniziative e organizzazioni minori. La Chiesa cantonale fornisce regolarmente contributi per aiuti d&#8217;emergenza all&#8217;organizzazione internazionale di soccorso ai rifugiati dell&#8217;<a href=\"https:\/\/jesuiten-weltweit.ch\/christsein-in-zeiten-des-krieges\/\" target=\"_blank\" rel=\"noreferrer noopener\">Ordine dei Gesuiti<\/a>, ai progetti di aiuto d&#8217;emergenza di <a href=\"https:\/\/www.caritas.ch\/de\/\" target=\"_blank\" rel=\"noreferrer noopener\">Caritas Svizzera<\/a> e ad altre organizzazioni umanitarie che ne fanno richiesta alla Chiesa. Molti dei centri sociali e di consulenza sopra menzionati sono gestiti insieme alla Chiesa riformata. Nel 2023, entrambe le chiese hanno istituito il <a href=\"https:\/\/www.extramural.ch\/wp\/startseite\/\" target=\"_blank\" rel=\"noreferrer noopener\">centro di consulenza Extramural<\/a>, che sostiene i parenti dei detenuti.        <\/p>\n\n<\/div>\n        <\/div>\n      <\/div>\n    <\/div>\n  <\/div>\n<\/div>\n\n\n\n<div    class=\"accordion color-lilac\">\n  <div class=\"container-xxl\">\n    <div class=\"col-lg-10 offset-lg-2\">\n      <div class=\"accordion-header\">\n        <h2 class=\"accordion-header-title\">51 assistenti sociali<\/h2>\n        <button class=\"accordion-header-button\" type=\"button\" aria-label=\"Toggle accordion\"><\/button>\n      <\/div>\n      <div class=\"col-md-10\">\n        <div class=\"accordion-inner\">\n          <div class=\"acf-innerblocks-container\">\n\n<p>della parrocchia hanno un orecchio aperto per le persone in difficolt\u00e0 e danno un aiuto concreto. Forniscono consulenza su problemi personali, familiari e finanziari. Offrono supporto nelle questioni amministrative e organizzano servizi per anziani, persone in lutto, migranti, persone emarginate e famiglie. I servizi sono a bassa soglia, gratuiti e confidenziali. Gli assistenti sociali sono supportati da un un\u2019unit\u00e0 specializzata.<br><br><a href=\"https:\/\/www.pfasoz.ch\/index.cfm\" target=\"_blank\" rel=\"noreferrer noopener\">Assistenza sociale parrocchiale<\/a><\/p>\n\n<\/div>\n        <\/div>\n      <\/div>\n    <\/div>\n  <\/div>\n<\/div>\n\n\n\n<p><\/p>\n","protected":false},"excerpt":{"rendered":"","protected":false},"author":1,"featured_media":1032,"parent":0,"menu_order":0,"comment_status":"closed","ping_status":"closed","template":"","meta":{"_acf_changed":false,"inline_featured_image":false,"footnotes":""},"class_list":["post-544","page","type-page","status-publish","has-post-thumbnail","hentry"],"acf":[],"yoast_head":"<!-- This site is optimized with the Yoast SEO plugin v27.3 - https:\/\/yoast.com\/product\/yoast-seo-wordpress\/ -->\n<title>Affari sociali e solidariet\u00e0 - Kirche Wirkt<\/title>\n<meta name=\"robots\" content=\"index, follow, max-snippet:-1, max-image-preview:large, max-video-preview:-1\" \/>\n<link rel=\"canonical\" href=\"https:\/\/kirche-wirkt.ch\/it\/affari-sociali-e-solidarieta\/\" \/>\n<meta property=\"og:locale\" content=\"it_IT\" \/>\n<meta property=\"og:type\" content=\"article\" \/>\n<meta property=\"og:title\" content=\"Affari sociali e solidariet\u00e0 - Kirche Wirkt\" \/>\n<meta property=\"og:url\" content=\"https:\/\/kirche-wirkt.ch\/it\/affari-sociali-e-solidarieta\/\" \/>\n<meta property=\"og:site_name\" content=\"Kirche Wirkt\" \/>\n<meta property=\"article:modified_time\" content=\"2026-02-03T08:23:51+00:00\" \/>\n<meta property=\"og:image\" content=\"https:\/\/kirche-wirkt.ch\/wp-content\/uploads\/2024\/12\/01_Soziales_und_Solidaritaet.png\" \/>\n\t<meta property=\"og:image:width\" content=\"1000\" \/>\n\t<meta property=\"og:image:height\" content=\"1100\" \/>\n\t<meta property=\"og:image:type\" content=\"image\/png\" \/>\n<meta name=\"twitter:card\" content=\"summary_large_image\" \/>\n<meta name=\"twitter:label1\" content=\"Est. reading time\" \/>\n\t<meta name=\"twitter:data1\" content=\"3 minutes\" \/>\n<script type=\"application\/ld+json\" class=\"yoast-schema-graph\">{\"@context\":\"https:\\\/\\\/schema.org\",\"@graph\":[{\"@type\":\"WebPage\",\"@id\":\"https:\\\/\\\/kirche-wirkt.ch\\\/it\\\/affari-sociali-e-solidarieta\\\/\",\"url\":\"https:\\\/\\\/kirche-wirkt.ch\\\/it\\\/affari-sociali-e-solidarieta\\\/\",\"name\":\"Affari sociali e solidariet\u00e0 - Kirche Wirkt\",\"isPartOf\":{\"@id\":\"https:\\\/\\\/kirche-wirkt.ch\\\/#website\"},\"primaryImageOfPage\":{\"@id\":\"https:\\\/\\\/kirche-wirkt.ch\\\/it\\\/affari-sociali-e-solidarieta\\\/#primaryimage\"},\"image\":{\"@id\":\"https:\\\/\\\/kirche-wirkt.ch\\\/it\\\/affari-sociali-e-solidarieta\\\/#primaryimage\"},\"thumbnailUrl\":\"https:\\\/\\\/kirche-wirkt.ch\\\/wp-content\\\/uploads\\\/2024\\\/12\\\/01_Soziales_und_Solidaritaet.png\",\"datePublished\":\"2023-10-30T13:02:20+00:00\",\"dateModified\":\"2026-02-03T08:23:51+00:00\",\"breadcrumb\":{\"@id\":\"https:\\\/\\\/kirche-wirkt.ch\\\/it\\\/affari-sociali-e-solidarieta\\\/#breadcrumb\"},\"inLanguage\":\"it-IT\",\"potentialAction\":[{\"@type\":\"ReadAction\",\"target\":[\"https:\\\/\\\/kirche-wirkt.ch\\\/it\\\/affari-sociali-e-solidarieta\\\/\"]}]},{\"@type\":\"ImageObject\",\"inLanguage\":\"it-IT\",\"@id\":\"https:\\\/\\\/kirche-wirkt.ch\\\/it\\\/affari-sociali-e-solidarieta\\\/#primaryimage\",\"url\":\"https:\\\/\\\/kirche-wirkt.ch\\\/wp-content\\\/uploads\\\/2024\\\/12\\\/01_Soziales_und_Solidaritaet.png\",\"contentUrl\":\"https:\\\/\\\/kirche-wirkt.ch\\\/wp-content\\\/uploads\\\/2024\\\/12\\\/01_Soziales_und_Solidaritaet.png\",\"width\":1000,\"height\":1100},{\"@type\":\"BreadcrumbList\",\"@id\":\"https:\\\/\\\/kirche-wirkt.ch\\\/it\\\/affari-sociali-e-solidarieta\\\/#breadcrumb\",\"itemListElement\":[{\"@type\":\"ListItem\",\"position\":1,\"name\":\"Startseite\",\"item\":\"https:\\\/\\\/kirche-wirkt.ch\\\/it\\\/\"},{\"@type\":\"ListItem\",\"position\":2,\"name\":\"Affari sociali e solidariet\u00e0\"}]},{\"@type\":\"WebSite\",\"@id\":\"https:\\\/\\\/kirche-wirkt.ch\\\/#website\",\"url\":\"https:\\\/\\\/kirche-wirkt.ch\\\/\",\"name\":\"Kirche Wirkt\",\"description\":\"\",\"potentialAction\":[{\"@type\":\"SearchAction\",\"target\":{\"@type\":\"EntryPoint\",\"urlTemplate\":\"https:\\\/\\\/kirche-wirkt.ch\\\/?s={search_term_string}\"},\"query-input\":{\"@type\":\"PropertyValueSpecification\",\"valueRequired\":true,\"valueName\":\"search_term_string\"}}],\"inLanguage\":\"it-IT\"}]}<\/script>\n<!-- \/ Yoast SEO plugin. -->","yoast_head_json":{"title":"Affari sociali e solidariet\u00e0 - Kirche Wirkt","robots":{"index":"index","follow":"follow","max-snippet":"max-snippet:-1","max-image-preview":"max-image-preview:large","max-video-preview":"max-video-preview:-1"},"canonical":"https:\/\/kirche-wirkt.ch\/it\/affari-sociali-e-solidarieta\/","og_locale":"it_IT","og_type":"article","og_title":"Affari sociali e solidariet\u00e0 - Kirche Wirkt","og_url":"https:\/\/kirche-wirkt.ch\/it\/affari-sociali-e-solidarieta\/","og_site_name":"Kirche Wirkt","article_modified_time":"2026-02-03T08:23:51+00:00","og_image":[{"width":1000,"height":1100,"url":"https:\/\/kirche-wirkt.ch\/wp-content\/uploads\/2024\/12\/01_Soziales_und_Solidaritaet.png","type":"image\/png"}],"twitter_card":"summary_large_image","twitter_misc":{"Est. reading time":"3 minutes"},"schema":{"@context":"https:\/\/schema.org","@graph":[{"@type":"WebPage","@id":"https:\/\/kirche-wirkt.ch\/it\/affari-sociali-e-solidarieta\/","url":"https:\/\/kirche-wirkt.ch\/it\/affari-sociali-e-solidarieta\/","name":"Affari sociali e solidariet\u00e0 - Kirche Wirkt","isPartOf":{"@id":"https:\/\/kirche-wirkt.ch\/#website"},"primaryImageOfPage":{"@id":"https:\/\/kirche-wirkt.ch\/it\/affari-sociali-e-solidarieta\/#primaryimage"},"image":{"@id":"https:\/\/kirche-wirkt.ch\/it\/affari-sociali-e-solidarieta\/#primaryimage"},"thumbnailUrl":"https:\/\/kirche-wirkt.ch\/wp-content\/uploads\/2024\/12\/01_Soziales_und_Solidaritaet.png","datePublished":"2023-10-30T13:02:20+00:00","dateModified":"2026-02-03T08:23:51+00:00","breadcrumb":{"@id":"https:\/\/kirche-wirkt.ch\/it\/affari-sociali-e-solidarieta\/#breadcrumb"},"inLanguage":"it-IT","potentialAction":[{"@type":"ReadAction","target":["https:\/\/kirche-wirkt.ch\/it\/affari-sociali-e-solidarieta\/"]}]},{"@type":"ImageObject","inLanguage":"it-IT","@id":"https:\/\/kirche-wirkt.ch\/it\/affari-sociali-e-solidarieta\/#primaryimage","url":"https:\/\/kirche-wirkt.ch\/wp-content\/uploads\/2024\/12\/01_Soziales_und_Solidaritaet.png","contentUrl":"https:\/\/kirche-wirkt.ch\/wp-content\/uploads\/2024\/12\/01_Soziales_und_Solidaritaet.png","width":1000,"height":1100},{"@type":"BreadcrumbList","@id":"https:\/\/kirche-wirkt.ch\/it\/affari-sociali-e-solidarieta\/#breadcrumb","itemListElement":[{"@type":"ListItem","position":1,"name":"Startseite","item":"https:\/\/kirche-wirkt.ch\/it\/"},{"@type":"ListItem","position":2,"name":"Affari sociali e solidariet\u00e0"}]},{"@type":"WebSite","@id":"https:\/\/kirche-wirkt.ch\/#website","url":"https:\/\/kirche-wirkt.ch\/","name":"Kirche Wirkt","description":"","potentialAction":[{"@type":"SearchAction","target":{"@type":"EntryPoint","urlTemplate":"https:\/\/kirche-wirkt.ch\/?s={search_term_string}"},"query-input":{"@type":"PropertyValueSpecification","valueRequired":true,"valueName":"search_term_string"}}],"inLanguage":"it-IT"}]}},"_links":{"self":[{"href":"https:\/\/kirche-wirkt.ch\/it\/wp-json\/wp\/v2\/pages\/544","targetHints":{"allow":["GET"]}}],"collection":[{"href":"https:\/\/kirche-wirkt.ch\/it\/wp-json\/wp\/v2\/pages"}],"about":[{"href":"https:\/\/kirche-wirkt.ch\/it\/wp-json\/wp\/v2\/types\/page"}],"author":[{"embeddable":true,"href":"https:\/\/kirche-wirkt.ch\/it\/wp-json\/wp\/v2\/users\/1"}],"replies":[{"embeddable":true,"href":"https:\/\/kirche-wirkt.ch\/it\/wp-json\/wp\/v2\/comments?post=544"}],"version-history":[{"count":10,"href":"https:\/\/kirche-wirkt.ch\/it\/wp-json\/wp\/v2\/pages\/544\/revisions"}],"predecessor-version":[{"id":1679,"href":"https:\/\/kirche-wirkt.ch\/it\/wp-json\/wp\/v2\/pages\/544\/revisions\/1679"}],"wp:featuredmedia":[{"embeddable":true,"href":"https:\/\/kirche-wirkt.ch\/it\/wp-json\/wp\/v2\/media\/1032"}],"wp:attachment":[{"href":"https:\/\/kirche-wirkt.ch\/it\/wp-json\/wp\/v2\/media?parent=544"}],"curies":[{"name":"wp","href":"https:\/\/api.w.org\/{rel}","templated":true}]}}